{"id":3,"date":"2024-04-21T02:59:20","date_gmt":"2024-04-21T02:59:20","guid":{"rendered":"http:\/\/laboix-demo.local\/?page_id=3"},"modified":"2026-04-09T10:49:05","modified_gmt":"2026-04-09T10:49:05","slug":"despacho-y-entrega","status":"publish","type":"page","link":"https:\/\/hyltelecom.cl\/en\/despacho-y-entrega\/","title":{"rendered":"Despacho y entrega"},"content":{"rendered":"\t\t<div data-elementor-type=\"wp-page\" data-elementor-id=\"3\" class=\"elementor elementor-3\" data-elementor-post-type=\"page\">\n\t\t\t\t<div class=\"elementor-element elementor-element-3cb3d529 e-flex e-con-boxed e-con e-parent\" data-id=\"3cb3d529\" data-element_type=\"container\" data-e-type=\"container\">\n\t\t\t\t\t<div class=\"e-con-inner\">\n\t\t\t\t<div class=\"elementor-element elementor-element-5bdef1cc elementor-widget elementor-widget-text-editor\" data-id=\"5bdef1cc\" data-element_type=\"widget\" data-e-type=\"widget\" data-widget_type=\"text-editor.default\">\n\t\t\t\t\t\t\t\t\t<h2>Despachos y Entrega<\/h2>\n<p>Las compras realizadas con despacho dentro de las comunas del Gran Santiago, en la Regi\u00f3n Metropolitana ser\u00e1n gratis cuando el monto total se mayor a $200.000. Las compras menores a dicho valor, en la misma zona tendr\u00e1n un cargo adicional por transporte de $20.000.<\/p>\n<p>Todo tipo de despachos a regi\u00f3n, tienen cargo dependiendo del volumen de compra. Por otro lado, el cliente puede enviar su propia empresa de transporte a retirar su compra a nuestras dependencias ubicadas en Av Ossa 791, comuna de La Cisterna.<\/p>\n<p>Materiales utilizados para entrega ser\u00e1n cobrados en factura, (carrete y\/o pallet).<\/p>\n<p>En relaci\u00f3n a cables el\u00e9ctricos, estos pueden ser entregados a medida solicitada seg\u00fan previo acuerdo con el cliente.<\/p>\n<p>Para productos de stock, las compras realizadas hasta las 14:00 hrs ser\u00e1n enviadas al d\u00eda siguiente, las realizadas despu\u00e9s de este horario se dejar\u00e1n para el d\u00eda subsiguiente.<\/p>\n<p>Para productos con OC calzada, el tiempo de entrega ser\u00e1 indicado por la ejecutiva de venta, variando seg\u00fan la procedencia de los productos.<\/p>\t\t\t\t\t\t\t\t<\/div>\n\t\t\t\t\t<\/div>\n\t\t\t\t<\/div>\n\t\t\t\t<\/div>\n\t\t","protected":false},"excerpt":{"rendered":"<p>Despachos y Entrega Las compras realizadas con despacho dentro de las comunas del Gran Santiago, en la Regi\u00f3n Metropolitana ser\u00e1n gratis cuando el monto total se mayor a $200.000. Las compras menores a dicho valor, en la misma zona tendr\u00e1n un cargo adicional por transporte de $20.000. Todo tipo de despachos a regi\u00f3n, tienen cargo [&hellip;]<\/p>\n","protected":false},"author":1,"featured_media":0,"parent":0,"menu_order":0,"comment_status":"closed","ping_status":"closed","template":"","meta":{"_joinchat":[],"footnotes":""},"class_list":["post-3","page","type-page","status-publish","hentry"],"jetpack_sharing_enabled":true,"_links":{"self":[{"href":"https:\/\/hyltelecom.cl\/en\/wp-json\/wp\/v2\/pages\/3","targetHints":{"allow":["GET"]}}],"collection":[{"href":"https:\/\/hyltelecom.cl\/en\/wp-json\/wp\/v2\/pages"}],"about":[{"href":"https:\/\/hyltelecom.cl\/en\/wp-json\/wp\/v2\/types\/page"}],"author":[{"embeddable":true,"href":"https:\/\/hyltelecom.cl\/en\/wp-json\/wp\/v2\/users\/1"}],"replies":[{"embeddable":true,"href":"https:\/\/hyltelecom.cl\/en\/wp-json\/wp\/v2\/comments?post=3"}],"version-history":[{"count":5,"href":"https:\/\/hyltelecom.cl\/en\/wp-json\/wp\/v2\/pages\/3\/revisions"}],"predecessor-version":[{"id":5048,"href":"https:\/\/hyltelecom.cl\/en\/wp-json\/wp\/v2\/pages\/3\/revisions\/5048"}],"wp:attachment":[{"href":"https:\/\/hyltelecom.cl\/en\/wp-json\/wp\/v2\/media?parent=3"}],"curies":[{"name":"wp","href":"https:\/\/api.w.org\/{rel}","templated":true}]}}