{"id":3569,"date":"2026-03-21T04:16:45","date_gmt":"2026-03-21T04:16:45","guid":{"rendered":"http:\/\/laboix-demo.local\/?page_id=72"},"modified":"2026-04-09T08:47:53","modified_gmt":"2026-04-09T08:47:53","slug":"empresa-hyl-telecom","status":"publish","type":"page","link":"https:\/\/hyltelecom.cl\/en\/empresa-hyl-telecom\/","title":{"rendered":"Empresa HYL Telecom"},"content":{"rendered":"\t\t<div data-elementor-type=\"wp-page\" data-elementor-id=\"3569\" class=\"elementor elementor-3569\" data-elementor-post-type=\"page\">\n\t\t\t\t<div class=\"elementor-element elementor-element-207d82a7 e-con-full e-flex e-con e-parent\" data-id=\"207d82a7\" data-element_type=\"container\" data-e-type=\"container\">\n\t\t\t\t<div class=\"elementor-element elementor-element-4cb634f2 elementor-widget elementor-widget-laboix-about\" data-id=\"4cb634f2\" data-element_type=\"widget\" data-e-type=\"widget\" data-widget_type=\"laboix-about.default\">\n\t\t\t\t<div class=\"elementor-widget-container\">\n\t\t\t\t\t\t<!-- About Two section start -->\r\n\t<section class=\"about-two\">\r\n\t\t<div class=\"container\">\r\n\t\t\t<div class=\"row\">\r\n\t\t\t\t<div class=\"col-lg-6\">\r\n\t\t\t\t\t<div class=\"about-two__left wow fadeInLeft\" data-wow-duration=\"700ms\" data-wow-delay=\"500ms\">\r\n\t\t\t\t\t\t<div class=\"about-two__thumb\">\r\n\t\t\t\t\t\t\t\t\t\t\t\t\t\t\t<div class=\"about-two__thumb__item\">\r\n\t\t\t\t\t\t\t\t\t<img decoding=\"async\" src=\"https:\/\/hyltelecom.cl\/wp-content\/uploads\/2026\/03\/primer-fondo-hyl01.jpg\" alt=\"primer-fondo-hyl01\" title=\"primer-fondo-hyl01\" >\t\t\t\t\t\t\t\t<\/div>\r\n\t\t\t\t\t\t\t\t\t\t\t\t\t\t<div class=\"about-two__thumb__item about-two__thumb__item--two\">\r\n\t\t\t\t\t\t\t\t<img decoding=\"async\" src=\"https:\/\/hyltelecom.cl\/wp-content\/uploads\/2026\/03\/primer-fondo-hyl02.jpg\" alt=\"primer-fondo-hyl02\" title=\"primer-fondo-hyl02\" >\t\t\t\t\t\t\t\t\t\t\t\t\t\t\t\t\t<div class=\"about-two__items\">\r\n\t\t\t\t\t\t\t\t\t\t<div class=\"about-two__box\">\r\n\t\t\t\t\t\t\t\t\t\t\t\t\t\t\t\t\t\t\t\t\t\t\t<div class=\"about-two__box__icon\">\r\n\t\t\t\t\t\t\t\t\t\t\t\t\t<i aria-hidden=\"true\" class=\" icon-chatting\"><\/i>\t\t\t\t\t\t\t\t\t\t\t\t<\/div>\r\n\t\t\t\t\t\t\t\t\t\t\t\t\t\t\t\t\t\t\t\t\t\t<div class=\"about-two__box__content\">\r\n\t\t\t\t\t\t\t\t\t\t\t\t<span class=\"about-two__box__subtitle\">Cotizar<\/span>\r\n\t\t\t\t\t\t\t\t\t\t\t\t<a href=\"tel:http:\/\/+56228939031\" class=\"about-two__box__text\">+56228939031<\/a>\r\n\t\t\t\t\t\t\t\t\t\t\t<\/div>\r\n\t\t\t\t\t\t\t\t\t\t<\/div>\r\n\t\t\t\t\t\t\t\t\t<\/div>\r\n\t\t\t\t\t\t\t\t\t\t\t\t\t\t\t<\/div>\r\n\t\t\t\t\t\t<\/div>\r\n\t\t\t\t\t<\/div>\r\n\t\t\t\t<\/div>\r\n\t\t\t\t<div class=\"col-lg-6\">\r\n\t\t\t\t\t<div class=\"about-two__right\">\r\n\t\t\t\t\t\t<div class=\"about-two__top\">\r\n\t\t\t\t\t\t\t<div class=\"sec-title text-start wow fadeInUp\" data-wow-duration='1500ms'>\r\n\t\t\t\t\t\t\t\t<h6 class=\"sec-title__tagline\"><img decoding=\"async\" src=\"https:\/\/hyltelecom.cl\/wp-content\/uploads\/2026\/02\/icono-fibra.png\" alt=\"icono-fibra\" title=\"icono-fibra\" class=\"sec-title__img\" >NUESTRA EMPRESA<\/h6>\r\n\t\t\t\t\t\t\t\t<h3 class=\"sec-title__title\">Somos una empresa con respaldo tecnol\u00f3gico y profesional<\/h3>\t\t\t\t\t\t\t<\/div><!-- \/.sec-title -->\r\n\t\t\t\t\t\t\t<p class=\"about-two__top__text\">Nos enorgullecemos de ofrecer equipamiento de alta calidad y tecnolog\u00eda. Ya sea para una peque\u00f1a o mediana cumpliendo altos est\u00e1ndares de calidad y seguridad.<\/p>\t\t\t\t\t\t<\/div>\r\n\t\t\t\t\t\t\t\t\t\t\t\t\t<div class=\"about-two__feature wow fadeInUp\" data-wow-duration=\"700ms\" data-wow-delay=\"500ms\">\r\n\t\t\t\t\t\t\t\t\t\t\t\t\t\t\t\t\t<div class=\"about-two__feature__item\">\r\n\t\t\t\t\t\t\t\t\t\t<div class=\"about-two__feature__icon\">\r\n\t\t\t\t\t\t\t\t\t\t\t<i aria-hidden=\"true\" class=\"icon-blood-test-1\"><\/i>\t\t\t\t\t\t\t\t\t\t<\/div>\r\n\t\t\t\t\t\t\t\t\t\t\t\t\t\t\t\t\t\t\t\t\t<h3 class=\"about-two__feature__title\">\r\n\t\t\t\t\t\t\t\t\t\t\t\t<a href=\"#\">Despacho a domicilio<\/a>\r\n\t\t\t\t\t\t\t\t\t\t\t<\/h3>\r\n\t\t\t\t\t\t\t\t\t\t\t\t\t\t\t\t\t\t\t\t<p class=\"about-two__feature__text\">Contamos con despacho a domicilio en Santiago, regiones consultar con su ejecutiva.<\/p>\r\n\t\t\t\t\t\t\t\t\t<\/div>\r\n\t\t\t\t\t\t\t\t\t\t\t\t\t\t\t\t\t<div class=\"about-two__feature__item\">\r\n\t\t\t\t\t\t\t\t\t\t<div class=\"about-two__feature__icon\">\r\n\t\t\t\t\t\t\t\t\t\t\t<i aria-hidden=\"true\" class=\" icon-accuracy-1\"><\/i>\t\t\t\t\t\t\t\t\t\t<\/div>\r\n\t\t\t\t\t\t\t\t\t\t\t\t\t\t\t\t\t\t\t\t\t<h3 class=\"about-two__feature__title\">\r\n\t\t\t\t\t\t\t\t\t\t\t\t<a href=\"#\">Garant\u00eda Total<\/a>\r\n\t\t\t\t\t\t\t\t\t\t\t<\/h3>\r\n\t\t\t\t\t\t\t\t\t\t\t\t\t\t\t\t\t\t\t\t<p class=\"about-two__feature__text\">Todos nuestros equipos est\u00e1n 100% garantizados, en partes y piezas.<\/p>\r\n\t\t\t\t\t\t\t\t\t<\/div>\r\n\t\t\t\t\t\t\t\t\t\t\t\t\t\t\t<\/div>\r\n\t\t\t\t\t\t\t\t\t\t\t\t\t\t\t\t\t\t\t<ul class=\"about-two__list list-unstyled wow fadeInUp ml-0\" data-wow-duration=\"700ms\" data-wow-delay=\"500ms\">\r\n\t\t\t\t\t\t\t\t\t\t\t\t\t\t\t\t\t<li class=\"about-two__list__item\"><i aria-hidden=\"true\" class=\"fas fa-check-circle\"><\/i> Tecnolog\u00eda de primera calidad <\/li>\r\n\t\t\t\t\t\t\t\t\t\t\t\t\t\t\t\t\t<li class=\"about-two__list__item\"><i aria-hidden=\"true\" class=\"fas fa-check-circle\"><\/i> ingenier\u00eda de sistemas de telecomunicaciones <\/li>\r\n\t\t\t\t\t\t\t\t\t\t\t\t\t\t\t\t\t<li class=\"about-two__list__item\"><i aria-hidden=\"true\" class=\"fas fa-check-circle\"><\/i> Soporte log\u00edstico integral <\/li>\r\n\t\t\t\t\t\t\t\t\t\t\t\t\t\t\t<\/ul>\r\n\t\t\t\t\t\t\r\n\t\t\t\t\t\t\t\t\t\t\t\t\t<div class=\"about-two__link\">\r\n\t\t\t\t\t\t\t\t<a href=\"https:\/\/hyltelecom.cl\/contactanos\/\"  class=\"about-two__link__btn laboix-btn\">\r\n\t\t\t\t\t\t\t\t\tM\u00e1s informaci\u00f3n\t\t\t\t\t\t\t\t<\/a>\r\n\t\t\t\t\t\t\t<\/div>\r\n\t\t\t\t\t\t\r\n\t\t\t\t\t<\/div>\r\n\t\t\t\t<\/div>\r\n\t\t\t<\/div>\r\n\t\t<\/div>\r\n\t\t<div class=\"about-two__shape\">\r\n\t\t\t\t\t<\/div>\r\n\t\t<div class=\"about-two__shape--two\">\r\n\t\t\t\t\t<\/div>\r\n\t<\/section>\r\n\t<!-- About Two section End -->\r\n\r\n\t\t\t\t<\/div>\n\t\t\t\t<\/div>\n\t\t\t\t<\/div>\n\t\t<div class=\"elementor-element elementor-element-8902e6c e-con-full e-flex e-con e-parent\" data-id=\"8902e6c\" data-element_type=\"container\" data-e-type=\"container\">\n\t\t\t\t<div class=\"elementor-element elementor-element-3eed997 elementor-widget elementor-widget-laboix-service\" data-id=\"3eed997\" data-element_type=\"widget\" data-e-type=\"widget\" data-widget_type=\"laboix-service.default\">\n\t\t\t\t<div class=\"elementor-widget-container\">\n\t\t\t\t\t\t<!-- join Us Section Start -->\r\n\t<section class=\"join-us-tow\">\r\n\t\t<div class=\"join-us-tow__bg jarallax\" data-jarallax data-speed=\"0.3\" data-imgPosition=\"50% -100%\" style=\"background-image: url(http:\/\/hyltelecom.cl\/wp-content\/uploads\/2024\/04\/juin-us-bg.png);\"><\/div>\r\n\t\t<div class=\"container\">\r\n\t\t\t<div class=\"join-us-tow__top wow fadeInUp\" data-wow-duration=\"700ms\" data-wow-delay=\"500ms\">\r\n\t\t\t\t<div class=\"row align-items-center\">\r\n\t\t\t\t\t<div class=\"col-lg-6\">\r\n\t\t\t\t\t\t<div class=\"sec-title sec-title--two text-start wow fadeInUp\" data-wow-duration='1500ms'>\r\n\t\t\t\t\t\t\t<h6 class=\"sec-title__tagline\"><img decoding=\"async\" src=\"https:\/\/hyltelecom.cl\/wp-content\/uploads\/2026\/02\/icono-fibra.png\" alt=\"icono-fibra\" title=\"icono-fibra\" class=\"sec-title__img\" > Equipos activos <\/h6>\r\n\t\t\t\t\t\t\t<h3 class=\"sec-title__title\">Dentro de nuestro stock de productos contamos con ONUs, OLT, Edfa, etc<\/h3>\t\t\t\t\t\t<\/div><!-- \/.sec-title -->\r\n\t\t\t\t\t<\/div>\r\n\t\t\t\t\t\t\t\t\t\t\t<div class=\"col-lg-6\">\r\n\t\t\t\t\t\t\t<div class=\"join-us-tow__link\">\r\n\t\t\t\t\t\t\t\t<a href=\"https:\/\/hyltelecom.cl\/catalogo-hyl-telecom\/\"  class=\"join-us-tow__link__btn laboix-btn laboix-btn--white\">\r\n\t\t\t\t\t\t\t\t\tCat\u00e1logo de productos\t\t\t\t\t\t\t\t<\/a>\r\n\t\t\t\t\t\t\t<\/div>\r\n\t\t\t\t\t\t<\/div>\r\n\t\t\t\t\t\t\t\t\t<\/div>\r\n\t\t\t<\/div>\r\n\t\t\t<div class=\"row\">\r\n\t\t\t\t\t\t\t\t\t<div class=\"col-lg-6\">\r\n\t\t\t\t\t\t<div class=\"join-us-tow__item wow fadeInUp\" data-wow-duration=\"700ms\" data-wow-delay=\"500ms\">\r\n\t\t\t\t\t\t\t<div class=\"join-us-tow__content\">\r\n\t\t\t\t\t\t\t\t<div class=\"join-us-tow__icon\">\r\n\t\t\t\t\t\t\t\t\t<i aria-hidden=\"true\" class=\"icon-medical-assistance-2\"><\/i>\t\t\t\t\t\t\t\t<\/div>\r\n\t\t\t\t\t\t\t\t<h3 class=\"join-us-tow__title\">\r\n\t\t\t\t\t\t\t\t\t<a href=\"http:\/\/hyltelecom.cl\/services\/\">ONU 5G-WIFI6<\/a>\r\n\t\t\t\t\t\t\t\t<\/h3><!-- \/.service-card-two__title -->\r\n\t\t\t\t\t\t\t\t<p class=\"join-us-tow__text\">Nuestra ONU es un terminal de acceso de banda ancha de fibra interior. Nuestro dispositivo proporciona un puerto \u00f3ptico adaptativo GPON \/ EPON y admite el modo XPON funsional en multiples marcas y modelos de OLT.<\/p>\r\n\t\t\t\t\t\t\t\t<div class=\"join-us-tow__shape\">\r\n\t\t\t\t\t\t\t\t\t<img decoding=\"async\" src=\"https:\/\/hyltelecom.cl\/wp-content\/uploads\/2026\/03\/onu-hyltelecom03-1.jpg\" alt=\"onu-hyltelecom03\" title=\"onu-hyltelecom03\" >\t\t\t\t\t\t\t\t<\/div>\r\n\t\t\t\t\t\t\t<\/div>\r\n\t\t\t\t\t\t<\/div>\r\n\t\t\t\t\t<\/div>\r\n\t\t\t\t\t\t\t\t\t<div class=\"col-lg-6\">\r\n\t\t\t\t\t\t<div class=\"join-us-tow__item wow fadeInUp\" data-wow-duration=\"700ms\" data-wow-delay=\"500ms\">\r\n\t\t\t\t\t\t\t<div class=\"join-us-tow__content\">\r\n\t\t\t\t\t\t\t\t<div class=\"join-us-tow__icon\">\r\n\t\t\t\t\t\t\t\t\t<i aria-hidden=\"true\" class=\" icon-blood-test-1\"><\/i>\t\t\t\t\t\t\t\t<\/div>\r\n\t\t\t\t\t\t\t\t<h3 class=\"join-us-tow__title\">\r\n\t\t\t\t\t\t\t\t\t<a href=\"http:\/\/hyltelecom.cl\/services\/\">ONU GPON - XGPON<\/a>\r\n\t\t\t\t\t\t\t\t<\/h3><!-- \/.service-card-two__title -->\r\n\t\t\t\t\t\t\t\t<p class=\"join-us-tow__text\">Este producto tiene un excelente rendimiento, es f\u00e1cil de usar y flexible, y es f\u00e1cil de implementar. Es adecuado para escenarios de aplicaci\u00f3n con m\u00faltiples empresas de red y alta densidad de usuario<\/p>\r\n\t\t\t\t\t\t\t\t<div class=\"join-us-tow__shape\">\r\n\t\t\t\t\t\t\t\t\t<img decoding=\"async\" src=\"https:\/\/hyltelecom.cl\/wp-content\/uploads\/2026\/03\/olt-2026.jpg\" alt=\"olt-2026\" title=\"olt-2026\" >\t\t\t\t\t\t\t\t<\/div>\r\n\t\t\t\t\t\t\t<\/div>\r\n\t\t\t\t\t\t<\/div>\r\n\t\t\t\t\t<\/div>\r\n\t\t\t\t\t\t\t<\/div>\r\n\t\t<\/div>\r\n\t<\/section>\r\n\t<!-- join Us Section End -->\r\n\t\t\t\t<\/div>\n\t\t\t\t<\/div>\n\t\t\t\t<\/div>\n\t\t<div class=\"elementor-element elementor-element-4e5eb14 e-con-full e-flex e-con e-parent\" data-id=\"4e5eb14\" data-element_type=\"container\" data-e-type=\"container\">\n\t\t\t\t<div class=\"elementor-element elementor-element-f194054 elementor-widget elementor-widget-laboix-features\" data-id=\"f194054\" data-element_type=\"widget\" data-e-type=\"widget\" data-widget_type=\"laboix-features.default\">\n\t\t\t\t<div class=\"elementor-widget-container\">\n\t\t\t\t\t\r\n\t<!-- Why choose us section Start -->\r\n\t<section class=\"choose-us-one\">\r\n\t\t<div class=\"choose-us-one__bg jarallax\" data-jarallax data-speed=\"0.3\" data-imgPosition=\"50% -100%\" style=\"background-image: url(http:\/\/hyltelecom.cl\/wp-content\/uploads\/2024\/04\/why-choose-us.png);\"><\/div>\r\n\t\t<div class=\"container\">\r\n\t\t\t<div class=\"row\">\r\n\t\t\t\t<div class=\"col-lg-6\">\r\n\t\t\t\t\t<div class=\"choose-us-one__left\">\r\n\t\t\t\t\t\t<div class=\"choose-us-one__top\">\r\n\t\t\t\t\t\t\t<div class=\"sec-title sec-title--two text-start wow fadeInUp\" data-wow-duration='1500ms'>\r\n\t\t\t\t\t\t\t\t<h6 class=\"sec-title__tagline\"><img decoding=\"async\" src=\"https:\/\/hyltelecom.cl\/wp-content\/uploads\/2026\/02\/icono-fibra.png\" alt=\"icono-fibra\" title=\"icono-fibra\" class=\"sec-title__img\" > SISTEMAS DE INTERNET Y TELEVISI\u00d3N<\/h6>\r\n\t\t\t\t\t\t\t\t<h3 class=\"sec-title__title\">Un Mundo de soluciones<\/h3>\t\t\t\t\t\t\t<\/div><!-- \/.sec-title -->\r\n\t\t\t\t\t\t\t<p class=\"choose-us-one__top__text\">\u00a1Descubre la vanguardia en soluciones de telecomunicaciones con nuestra empresa chilena l\u00edder en ingenier\u00eda y servicios!<\/p>\t\t\t\t\t\t<\/div>\r\n\t\t\t\t\t\t<div class=\"choose-us-one__feature\">\r\n\t\t\t\t\t\t\t\t\t\t\t\t\t\t\t<div class=\"choose-us-one__feature__item\">\r\n\t\t\t\t\t\t\t\t\t<div class=\"choose-us-one__feature__thumb\">\r\n\t\t\t\t\t\t\t\t\t\t<img decoding=\"async\" src=\"https:\/\/hyltelecom.cl\/wp-content\/uploads\/2026\/03\/catv-onu2026-2.jpg\" alt=\"catv-onu2026-2\" title=\"catv-onu2026-2\" >\t\t\t\t\t\t\t\t\t<\/div>\r\n\t\t\t\t\t\t\t\t\t<h3 class=\"choose-us-one__feature__title\">\r\n\t\t\t\t\t\t\t\t\t\tOnus con Catv\t\t\t\t\t\t\t\t\t<\/h3>\r\n\t\t\t\t\t\t\t\t\t<p class=\"choose-us-one__feature__text\">Nuestros modelos de Onus con Catv, disponen de la mejor tecnolog\u00eda disponible en el mercado.<\/p>\r\n\t\t\t\t\t\t\t\t<\/div>\r\n\t\t\t\t\t\t\t\t\t\t\t\t\t\t\t<div class=\"choose-us-one__feature__item\">\r\n\t\t\t\t\t\t\t\t\t<div class=\"choose-us-one__feature__thumb\">\r\n\t\t\t\t\t\t\t\t\t\t<img decoding=\"async\" src=\"https:\/\/hyltelecom.cl\/wp-content\/uploads\/2026\/03\/isdbt-hyl.jpg\" alt=\"isdbt-hyl\" title=\"isdbt-hyl\" >\t\t\t\t\t\t\t\t\t<\/div>\r\n\t\t\t\t\t\t\t\t\t<h3 class=\"choose-us-one__feature__title\">\r\n\t\t\t\t\t\t\t\t\t\tModuladores ISDBT\t\t\t\t\t\t\t\t\t<\/h3>\r\n\t\t\t\t\t\t\t\t\t<p class=\"choose-us-one__feature__text\">Contamos con moduladores de 6 portadoas y 16 portadoras, de gran calidad de im\u00e1gen.<\/p>\r\n\t\t\t\t\t\t\t\t<\/div>\r\n\t\t\t\t\t\t\t\t\t\t\t\t\t<\/div>\r\n\t\t\t\t\t\t<div class=\"choose-us-one__link\">\r\n\t\t\t\t\t\t\t\t\t\t\t\t\t\t\t<a href=\"https:\/\/hyltelecom.cl\/catalogo-hyl-telecom\/\"  class=\"choose-us-one__link__btn laboix-btn laboix-btn--base\">\r\n\t\t\t\t\t\t\t\t\tCat\u00e1logo de productos\t\t\t\t\t\t\t\t<\/a>\r\n\t\t\t\t\t\t\t\t\t\t\t\t\t\t<div class=\"choose-us-one__funfact count-box\">\r\n\t\t\t\t\t\t\t\t<h2 class=\"choose-us-one__funfact__count\">\r\n\t\t\t\t\t\t\t\t\t<span class=\"count-text\" data-stop=\"99\" data-speed=\"1500\"><\/span>\r\n\t\t\t\t\t\t\t\t\t<span>%<\/span>\r\n\t\t\t\t\t\t\t\t<\/h2>\r\n\t\t\t\t\t\t\t\t<p class=\"choose-us-one__funfact__text\">Clientes <br> Satisfechos<\/p>\r\n\t\t\t\t\t\t\t<\/div>\r\n\t\t\t\t\t\t<\/div>\r\n\t\t\t\t\t<\/div>\r\n\t\t\t\t<\/div>\r\n\t\t\t\t<div class=\"col-lg-6\">\r\n\t\t\t\t\t<div class=\"choose-us-one__right\">\r\n\t\t\t\t\t\t<div class=\"choose-us-one__thumb\">\r\n\t\t\t\t\t\t\t<img decoding=\"async\" src=\"https:\/\/hyltelecom.cl\/wp-content\/uploads\/2026\/03\/equipamiento-hyl.jpg\" alt=\"equipamiento-hyl\" title=\"equipamiento-hyl\" >\t\t\t\t\t\t<\/div>\r\n\t\t\t\t\t<\/div>\r\n\t\t\t\t<\/div>\r\n\t\t\t<\/div>\r\n\t\t<\/div>\r\n\t<\/section>\r\n\t<!-- Why choose us section End -->\r\n\t\t\t\t<\/div>\n\t\t\t\t<\/div>\n\t\t\t\t<\/div>\n\t\t<div class=\"elementor-element elementor-element-8dbf50f e-con-full e-flex e-con e-parent\" data-id=\"8dbf50f\" data-element_type=\"container\" data-e-type=\"container\">\n\t\t\t\t<div class=\"elementor-element elementor-element-1ba346e elementor-widget elementor-widget-laboix-counter\" data-id=\"1ba346e\" data-element_type=\"widget\" data-e-type=\"widget\" data-widget_type=\"laboix-counter.default\">\n\t\t\t\t<div class=\"elementor-widget-container\">\n\t\t\t\t\t    <!-- Why choose us section Start -->\r\n    <section class=\"funfact-one\">\r\n        <div class=\"container\">\r\n            <div class=\"funfact-one__inner wow fadeInUp\" data-wow-duration=\"700ms\" data-wow-delay=\"500ms\">\r\n                <div class=\"row gutter-x-18 gutter-y-30\">\r\n                                            <div class=\"col-lg-3 col-md-6\">\r\n                            <div class=\"funfact-one__item count-box\">\r\n                                <div class=\"funfact-one__icon\">\r\n                                    <i aria-hidden=\"true\" class=\"icon-clients\"><\/i>                                <\/div>\r\n                                <h3 class=\"funfact-one__count\">\r\n                                    <span class=\"count-text\" data-stop=\"99\" data-speed=\"1500\"><\/span>\r\n                                    <span>%<\/span>\r\n                                <\/h3>\r\n                                <p class=\"funfact-one__text\">Clientes <br> Satisfechos<\/p>\r\n                            <\/div>\r\n                        <\/div>\r\n                                            <div class=\"col-lg-3 col-md-6\">\r\n                            <div class=\"funfact-one__item count-box\">\r\n                                <div class=\"funfact-one__icon\">\r\n                                    <i aria-hidden=\"true\" class=\" icon-case\"><\/i>                                <\/div>\r\n                                <h3 class=\"funfact-one__count\">\r\n                                    <span class=\"count-text\" data-stop=\"100\" data-speed=\"1500\"><\/span>\r\n                                    <span>K<\/span>\r\n                                <\/h3>\r\n                                <p class=\"funfact-one__text\">Despacho<br>a domicilio<\/p>\r\n                            <\/div>\r\n                        <\/div>\r\n                                            <div class=\"col-lg-3 col-md-6\">\r\n                            <div class=\"funfact-one__item count-box\">\r\n                                <div class=\"funfact-one__icon\">\r\n                                    <i aria-hidden=\"true\" class=\" icon-chemistry-1\"><\/i>                                <\/div>\r\n                                <h3 class=\"funfact-one__count\">\r\n                                    <span class=\"count-text\" data-stop=\"99\" data-speed=\"1500\"><\/span>\r\n                                    <span>%<\/span>\r\n                                <\/h3>\r\n                                <p class=\"funfact-one__text\">Soporte<br>t\u00e9cnico<\/p>\r\n                            <\/div>\r\n                        <\/div>\r\n                                            <div class=\"col-lg-3 col-md-6\">\r\n                            <div class=\"funfact-one__item count-box\">\r\n                                <div class=\"funfact-one__icon\">\r\n                                    <i aria-hidden=\"true\" class=\" icon-trophy-1\"><\/i>                                <\/div>\r\n                                <h3 class=\"funfact-one__count\">\r\n                                    <span class=\"count-text\" data-stop=\"100\" data-speed=\"1500\"><\/span>\r\n                                    <span>%<\/span>\r\n                                <\/h3>\r\n                                <p class=\"funfact-one__text\">Garant\u00eda<br>Total<\/p>\r\n                            <\/div>\r\n                        <\/div>\r\n                                    <\/div>\r\n            <\/div>\r\n        <\/div>\r\n    <\/section>\r\n    <!-- Why choose us section End -->\r\n\t\t\t\t<\/div>\n\t\t\t\t<\/div>\n\t\t\t\t<\/div>\n\t\t<div class=\"elementor-element elementor-element-3608a046 e-con-full e-flex e-con e-parent\" data-id=\"3608a046\" data-element_type=\"container\" data-e-type=\"container\">\n\t\t\t\t<div class=\"elementor-element elementor-element-654e61cb elementor-widget elementor-widget-laboix-sponsors\" data-id=\"654e61cb\" data-element_type=\"widget\" data-e-type=\"widget\" data-widget_type=\"laboix-sponsors.default\">\n\t\t\t\t<div class=\"elementor-widget-container\">\n\t\t\t\t\t    <div class=\"client-carousel client-carousel-one \">\r\n        <div class=\"container\">\r\n            <div class=\"client-carousel__one laboix-owl__carousel owl-theme owl-carousel\" data-owl-options='{&quot;loop&quot;:true,&quot;margin&quot;:0,&quot;items&quot;:1,&quot;nav&quot;:true,&quot;autoplay&quot;:true,&quot;autoplayTimeout&quot;:5000,&quot;animateOut&quot;:&quot;&quot;,&quot;animateIn&quot;:&quot;&quot;,&quot;autoplayHoverPause&quot;:true,&quot;navText&quot;:[&quot;&lt;span class=\\&quot; fa fa-angle-left\\&quot;&gt;&lt;\\\/span&gt;&quot;,&quot;&lt;span class=\\&quot; fa fa-angle-right\\&quot;&gt;&lt;\\\/span&gt;&quot;],&quot;dots&quot;:false,&quot;smartSpeed&quot;:700,&quot;responsive&quot;:{&quot;0&quot;:{&quot;margin&quot;:0,&quot;items&quot;:1},&quot;360&quot;:{&quot;margin&quot;:0,&quot;items&quot;:2},&quot;575&quot;:{&quot;margin&quot;:30,&quot;items&quot;:3},&quot;768&quot;:{&quot;margin&quot;:40,&quot;items&quot;:3},&quot;992&quot;:{&quot;margin&quot;:40,&quot;items&quot;:4},&quot;1200&quot;:{&quot;margin&quot;:40,&quot;items&quot;:5}}}'>\r\n                                    <div class=\"client-carousel__one__item\">\r\n                        <img decoding=\"async\" src=\"https:\/\/hyltelecom.cl\/wp-content\/uploads\/2026\/02\/logowom.jpg\" alt=\"logowom\" title=\"logowom\" >                    <\/div><!-- \/.owl-slide-item-->\r\n                                    <div class=\"client-carousel__one__item\">\r\n                        <img decoding=\"async\" src=\"https:\/\/hyltelecom.cl\/wp-content\/uploads\/2026\/02\/movistar1.jpg\" alt=\"movistar1\" title=\"movistar1\" >                    <\/div><!-- \/.owl-slide-item-->\r\n                                    <div class=\"client-carousel__one__item\">\r\n                        <img decoding=\"async\" src=\"https:\/\/hyltelecom.cl\/wp-content\/uploads\/2026\/02\/mundopacifico.jpg\" alt=\"mundopacifico\" title=\"mundopacifico\" >                    <\/div><!-- \/.owl-slide-item-->\r\n                                    <div class=\"client-carousel__one__item\">\r\n                        <img decoding=\"async\" src=\"https:\/\/hyltelecom.cl\/wp-content\/uploads\/2026\/02\/entel-1.jpg\" alt=\"entel-1\" title=\"entel-1\" >                    <\/div><!-- \/.owl-slide-item-->\r\n                                    <div class=\"client-carousel__one__item\">\r\n                        <img decoding=\"async\" src=\"https:\/\/hyltelecom.cl\/wp-content\/uploads\/2026\/02\/gtd1.jpg\" alt=\"gtd1\" title=\"gtd1\" >                    <\/div><!-- \/.owl-slide-item-->\r\n                                    <div class=\"client-carousel__one__item\">\r\n                        <img decoding=\"async\" src=\"https:\/\/hyltelecom.cl\/wp-content\/uploads\/2026\/02\/claro1.jpg\" alt=\"claro1\" title=\"claro1\" >                    <\/div><!-- \/.owl-slide-item-->\r\n                                    <div class=\"client-carousel__one__item\">\r\n                        <img decoding=\"async\" src=\"https:\/\/hyltelecom.cl\/wp-content\/uploads\/2026\/02\/logowom.jpg\" alt=\"logowom\" title=\"logowom\" >                    <\/div><!-- \/.owl-slide-item-->\r\n                            <\/div><!-- \/.thm-owl__slider -->\r\n        <\/div><!-- \/.container -->\r\n    <\/div><!-- \/.client-carousel -->\r\n\t\t\t\t<\/div>\n\t\t\t\t<\/div>\n\t\t\t\t<\/div>\n\t\t\t\t<\/div>\n\t\t","protected":false},"excerpt":{"rendered":"<p>Cotizar +56228939031 NUESTRA EMPRESA Somos una empresa con respaldo tecnol\u00f3gico y profesional Nos enorgullecemos de ofrecer equipamiento de alta calidad y tecnolog\u00eda. Ya sea para una peque\u00f1a o mediana cumpliendo altos est\u00e1ndares de calidad y seguridad. Despacho a domicilio Contamos con despacho a domicilio en Santiago, regiones consultar con su ejecutiva. Garant\u00eda Total Todos nuestros [&hellip;]<\/p>\n","protected":false},"author":1,"featured_media":4116,"parent":0,"menu_order":0,"comment_status":"closed","ping_status":"closed","template":"elementor_header_footer","meta":{"_joinchat":[],"footnotes":""},"class_list":["post-3569","page","type-page","status-publish","has-post-thumbnail","hentry"],"jetpack_sharing_enabled":true,"_links":{"self":[{"href":"https:\/\/hyltelecom.cl\/en\/wp-json\/wp\/v2\/pages\/3569","targetHints":{"allow":["GET"]}}],"collection":[{"href":"https:\/\/hyltelecom.cl\/en\/wp-json\/wp\/v2\/pages"}],"about":[{"href":"https:\/\/hyltelecom.cl\/en\/wp-json\/wp\/v2\/types\/page"}],"author":[{"embeddable":true,"href":"https:\/\/hyltelecom.cl\/en\/wp-json\/wp\/v2\/users\/1"}],"replies":[{"embeddable":true,"href":"https:\/\/hyltelecom.cl\/en\/wp-json\/wp\/v2\/comments?post=3569"}],"version-history":[{"count":113,"href":"https:\/\/hyltelecom.cl\/en\/wp-json\/wp\/v2\/pages\/3569\/revisions"}],"predecessor-version":[{"id":4974,"href":"https:\/\/hyltelecom.cl\/en\/wp-json\/wp\/v2\/pages\/3569\/revisions\/4974"}],"wp:featuredmedia":[{"embeddable":true,"href":"https:\/\/hyltelecom.cl\/en\/wp-json\/wp\/v2\/media\/4116"}],"wp:attachment":[{"href":"https:\/\/hyltelecom.cl\/en\/wp-json\/wp\/v2\/media?parent=3569"}],"curies":[{"name":"wp","href":"https:\/\/api.w.org\/{rel}","templated":true}]}}