{"id":5050,"date":"2026-04-09T10:52:14","date_gmt":"2026-04-09T10:52:14","guid":{"rendered":"https:\/\/hyltelecom.cl\/?page_id=5050"},"modified":"2026-04-09T10:54:38","modified_gmt":"2026-04-09T10:54:38","slug":"condiciones-de-pago","status":"publish","type":"page","link":"https:\/\/hyltelecom.cl\/en\/condiciones-de-pago\/","title":{"rendered":"Condiciones de pago"},"content":{"rendered":"\t\t<div data-elementor-type=\"wp-page\" data-elementor-id=\"5050\" class=\"elementor elementor-5050\" data-elementor-post-type=\"page\">\n\t\t\t\t<div class=\"elementor-element elementor-element-18a423c e-flex e-con-boxed e-con e-parent\" data-id=\"18a423c\" data-element_type=\"container\" data-e-type=\"container\">\n\t\t\t\t\t<div class=\"e-con-inner\">\n\t\t\t\t<div class=\"elementor-element elementor-element-61b9a12 elementor-widget elementor-widget-text-editor\" data-id=\"61b9a12\" data-element_type=\"widget\" data-e-type=\"widget\" data-widget_type=\"text-editor.default\">\n\t\t\t\t\t\t\t\t\t<h2 class=\"vc_custom_heading\">Condiciones de pago<\/h2><p>Pagos al contado, se reciben en efectivo, documento al d\u00eda o transferencia. Si posee cr\u00e9dito vigente con HyL Telecom, el pago debe cumplir con condiciones acordadas. Nuevos clientes con inter\u00e9s de cr\u00e9dito deben solicitar un estudio de cr\u00e9dito a la casilla ventas@hyltelecom.cl. Se debe entregar: \u00daltimo Balance y Carpeta Tributaria; RUT Cliente.<\/p>\t\t\t\t\t\t\t\t<\/div>\n\t\t\t\t\t<\/div>\n\t\t\t\t<\/div>\n\t\t\t\t<\/div>\n\t\t","protected":false},"excerpt":{"rendered":"<p>Condiciones de pago Pagos al contado, se reciben en efectivo, documento al d\u00eda o transferencia. Si posee cr\u00e9dito vigente con HyL Telecom, el pago debe cumplir con condiciones acordadas. Nuevos clientes con inter\u00e9s de cr\u00e9dito deben solicitar un estudio de cr\u00e9dito a la casilla ventas@hyltelecom.cl. Se debe entregar: \u00daltimo Balance y Carpeta Tributaria; RUT Cliente.<\/p>\n","protected":false},"author":1,"featured_media":0,"parent":0,"menu_order":0,"comment_status":"closed","ping_status":"closed","template":"","meta":{"_joinchat":[],"footnotes":""},"class_list":["post-5050","page","type-page","status-publish","hentry"],"jetpack_sharing_enabled":true,"_links":{"self":[{"href":"https:\/\/hyltelecom.cl\/en\/wp-json\/wp\/v2\/pages\/5050","targetHints":{"allow":["GET"]}}],"collection":[{"href":"https:\/\/hyltelecom.cl\/en\/wp-json\/wp\/v2\/pages"}],"about":[{"href":"https:\/\/hyltelecom.cl\/en\/wp-json\/wp\/v2\/types\/page"}],"author":[{"embeddable":true,"href":"https:\/\/hyltelecom.cl\/en\/wp-json\/wp\/v2\/users\/1"}],"replies":[{"embeddable":true,"href":"https:\/\/hyltelecom.cl\/en\/wp-json\/wp\/v2\/comments?post=5050"}],"version-history":[{"count":4,"href":"https:\/\/hyltelecom.cl\/en\/wp-json\/wp\/v2\/pages\/5050\/revisions"}],"predecessor-version":[{"id":5054,"href":"https:\/\/hyltelecom.cl\/en\/wp-json\/wp\/v2\/pages\/5050\/revisions\/5054"}],"wp:attachment":[{"href":"https:\/\/hyltelecom.cl\/en\/wp-json\/wp\/v2\/media?parent=5050"}],"curies":[{"name":"wp","href":"https:\/\/api.w.org\/{rel}","templated":true}]}}