{"id":5055,"date":"2026-04-09T10:57:21","date_gmt":"2026-04-09T10:57:21","guid":{"rendered":"https:\/\/hyltelecom.cl\/?page_id=5055"},"modified":"2026-04-09T11:00:36","modified_gmt":"2026-04-09T11:00:36","slug":"garantia-por-equipamiento","status":"publish","type":"page","link":"https:\/\/hyltelecom.cl\/en\/garantia-por-equipamiento\/","title":{"rendered":"Garant\u00eda por Equipamiento"},"content":{"rendered":"\t\t<div data-elementor-type=\"wp-page\" data-elementor-id=\"5055\" class=\"elementor elementor-5055\" data-elementor-post-type=\"page\">\n\t\t\t\t<div class=\"elementor-element elementor-element-ee4433c e-flex e-con-boxed e-con e-parent\" data-id=\"ee4433c\" data-element_type=\"container\" data-e-type=\"container\">\n\t\t\t\t\t<div class=\"e-con-inner\">\n\t\t\t\t<div class=\"elementor-element elementor-element-c97c9a4 elementor-widget elementor-widget-text-editor\" data-id=\"c97c9a4\" data-element_type=\"widget\" data-e-type=\"widget\" data-widget_type=\"text-editor.default\">\n\t\t\t\t\t\t\t\t\t<h2 class=\"vc_custom_heading\">Garant\u00eda por Equipamiento<\/h2><p>En los equipos en que se quiere ejercer la garant\u00eda se deber\u00e1 coordinar previamente con la ejecutiva de ventas. \u00c9sta se efect\u00faa para cualquier defecto de fabricaci\u00f3n.<\/p><p>Para hacer valer la garant\u00eda se debe: Presentar Gu\u00eda o Factura del producto; Devolver producto en buen estado, con todas sus partes, accesorios y empaque. Si corresponde, se puede realizar Nota de Cr\u00e9dito (s\u00f3lo hasta plazo l\u00edmite estipulado en la Ley (SII) o reposici\u00f3n del producto.<\/p><p>Los equipos como OLT, EDFA, Instrumentos o herramientas tienen un periodo de revisi\u00f3n de 72 horas h\u00e1biles, para aprobar el cambio o devoluci\u00f3n del dinero, si no cumplen lo antes se\u00f1alado no se lleva a cabo.<\/p>\t\t\t\t\t\t\t\t<\/div>\n\t\t\t\t\t<\/div>\n\t\t\t\t<\/div>\n\t\t\t\t<\/div>\n\t\t","protected":false},"excerpt":{"rendered":"<p>Garant\u00eda por Equipamiento En los equipos en que se quiere ejercer la garant\u00eda se deber\u00e1 coordinar previamente con la ejecutiva de ventas. \u00c9sta se efect\u00faa para cualquier defecto de fabricaci\u00f3n. Para hacer valer la garant\u00eda se debe: Presentar Gu\u00eda o Factura del producto; Devolver producto en buen estado, con todas sus partes, accesorios y empaque. [&hellip;]<\/p>\n","protected":false},"author":1,"featured_media":0,"parent":0,"menu_order":0,"comment_status":"closed","ping_status":"closed","template":"","meta":{"_joinchat":[],"footnotes":""},"class_list":["post-5055","page","type-page","status-publish","hentry"],"jetpack_sharing_enabled":true,"_links":{"self":[{"href":"https:\/\/hyltelecom.cl\/en\/wp-json\/wp\/v2\/pages\/5055","targetHints":{"allow":["GET"]}}],"collection":[{"href":"https:\/\/hyltelecom.cl\/en\/wp-json\/wp\/v2\/pages"}],"about":[{"href":"https:\/\/hyltelecom.cl\/en\/wp-json\/wp\/v2\/types\/page"}],"author":[{"embeddable":true,"href":"https:\/\/hyltelecom.cl\/en\/wp-json\/wp\/v2\/users\/1"}],"replies":[{"embeddable":true,"href":"https:\/\/hyltelecom.cl\/en\/wp-json\/wp\/v2\/comments?post=5055"}],"version-history":[{"count":4,"href":"https:\/\/hyltelecom.cl\/en\/wp-json\/wp\/v2\/pages\/5055\/revisions"}],"predecessor-version":[{"id":5059,"href":"https:\/\/hyltelecom.cl\/en\/wp-json\/wp\/v2\/pages\/5055\/revisions\/5059"}],"wp:attachment":[{"href":"https:\/\/hyltelecom.cl\/en\/wp-json\/wp\/v2\/media?parent=5055"}],"curies":[{"name":"wp","href":"https:\/\/api.w.org\/{rel}","templated":true}]}}