{"id":5061,"date":"2026-04-09T11:02:35","date_gmt":"2026-04-09T11:02:35","guid":{"rendered":"https:\/\/hyltelecom.cl\/?page_id=5061"},"modified":"2026-04-09T11:03:26","modified_gmt":"2026-04-09T11:03:26","slug":"cambio-y-o-devolucion","status":"publish","type":"page","link":"https:\/\/hyltelecom.cl\/en\/cambio-y-o-devolucion\/","title":{"rendered":"Cambio y\/o Devoluci\u00f3n"},"content":{"rendered":"\t\t<div data-elementor-type=\"wp-page\" data-elementor-id=\"5061\" class=\"elementor elementor-5061\" data-elementor-post-type=\"page\">\n\t\t\t\t<div class=\"elementor-element elementor-element-979dbb1 e-flex e-con-boxed e-con e-parent\" data-id=\"979dbb1\" data-element_type=\"container\" data-e-type=\"container\">\n\t\t\t\t\t<div class=\"e-con-inner\">\n\t\t\t\t<div class=\"elementor-element elementor-element-22275f8 elementor-widget elementor-widget-text-editor\" data-id=\"22275f8\" data-element_type=\"widget\" data-e-type=\"widget\" data-widget_type=\"text-editor.default\">\n\t\t\t\t\t\t\t\t\t<h2 class=\"vc_custom_heading\">Cambio y\/o Devoluci\u00f3n<\/h2><p>El cliente tiene un plazo de 10 d\u00edas m\u00e1ximo, posterior a la fecha de facturaci\u00f3n, para devolver y\/o cambiar el (los) equipo(s), siempre y cuando, el (los) equipo(s) se encuentre en las mismas condiciones que fue entregado y que se presente con su respectivo empaque. A excepci\u00f3n de los cortes dimensionados de cables el\u00e9ctricos y fibra \u00f3ptica, los cuales no podr\u00e1n ser recibidos ante una eventual devoluci\u00f3n o cambio.<\/p>\t\t\t\t\t\t\t\t<\/div>\n\t\t\t\t\t<\/div>\n\t\t\t\t<\/div>\n\t\t\t\t<\/div>\n\t\t","protected":false},"excerpt":{"rendered":"<p>Cambio y\/o Devoluci\u00f3n El cliente tiene un plazo de 10 d\u00edas m\u00e1ximo, posterior a la fecha de facturaci\u00f3n, para devolver y\/o cambiar el (los) equipo(s), siempre y cuando, el (los) equipo(s) se encuentre en las mismas condiciones que fue entregado y que se presente con su respectivo empaque. A excepci\u00f3n de los cortes dimensionados de [&hellip;]<\/p>\n","protected":false},"author":1,"featured_media":0,"parent":0,"menu_order":0,"comment_status":"closed","ping_status":"closed","template":"","meta":{"_joinchat":[],"footnotes":""},"class_list":["post-5061","page","type-page","status-publish","hentry"],"jetpack_sharing_enabled":true,"_links":{"self":[{"href":"https:\/\/hyltelecom.cl\/en\/wp-json\/wp\/v2\/pages\/5061","targetHints":{"allow":["GET"]}}],"collection":[{"href":"https:\/\/hyltelecom.cl\/en\/wp-json\/wp\/v2\/pages"}],"about":[{"href":"https:\/\/hyltelecom.cl\/en\/wp-json\/wp\/v2\/types\/page"}],"author":[{"embeddable":true,"href":"https:\/\/hyltelecom.cl\/en\/wp-json\/wp\/v2\/users\/1"}],"replies":[{"embeddable":true,"href":"https:\/\/hyltelecom.cl\/en\/wp-json\/wp\/v2\/comments?post=5061"}],"version-history":[{"count":4,"href":"https:\/\/hyltelecom.cl\/en\/wp-json\/wp\/v2\/pages\/5061\/revisions"}],"predecessor-version":[{"id":5065,"href":"https:\/\/hyltelecom.cl\/en\/wp-json\/wp\/v2\/pages\/5061\/revisions\/5065"}],"wp:attachment":[{"href":"https:\/\/hyltelecom.cl\/en\/wp-json\/wp\/v2\/media?parent=5061"}],"curies":[{"name":"wp","href":"https:\/\/api.w.org\/{rel}","templated":true}]}}