{"id":5067,"date":"2026-04-09T11:05:01","date_gmt":"2026-04-09T11:05:01","guid":{"rendered":"https:\/\/hyltelecom.cl\/?page_id=5067"},"modified":"2026-04-09T11:05:50","modified_gmt":"2026-04-09T11:05:50","slug":"precios","status":"publish","type":"page","link":"https:\/\/hyltelecom.cl\/en\/precios\/","title":{"rendered":"Precios"},"content":{"rendered":"\t\t<div data-elementor-type=\"wp-page\" data-elementor-id=\"5067\" class=\"elementor elementor-5067\" data-elementor-post-type=\"page\">\n\t\t\t\t<div class=\"elementor-element elementor-element-8e32793 e-flex e-con-boxed e-con e-parent\" data-id=\"8e32793\" data-element_type=\"container\" data-e-type=\"container\">\n\t\t\t\t\t<div class=\"e-con-inner\">\n\t\t\t\t<div class=\"elementor-element elementor-element-f915ebb elementor-widget elementor-widget-text-editor\" data-id=\"f915ebb\" data-element_type=\"widget\" data-e-type=\"widget\" data-widget_type=\"text-editor.default\">\n\t\t\t\t\t\t\t\t\t<h2 class=\"vc_custom_heading\">Precios<\/h2><p>Los valores indicados son netos, en pesos chilenos, (No incluye IVA). Precios son a firme para una OC colocada antes del fin del plazo de validez. Los precios est\u00e1n sometidos a todas las condiciones del presente documento. Si se presenta alguna modificaci\u00f3n de las condiciones aqu\u00ed fijadas ocasionar\u00e1 una modificaci\u00f3n tambi\u00e9n del precio.<\/p>\t\t\t\t\t\t\t\t<\/div>\n\t\t\t\t\t<\/div>\n\t\t\t\t<\/div>\n\t\t\t\t<\/div>\n\t\t","protected":false},"excerpt":{"rendered":"<p>Precios Los valores indicados son netos, en pesos chilenos, (No incluye IVA). Precios son a firme para una OC colocada antes del fin del plazo de validez. Los precios est\u00e1n sometidos a todas las condiciones del presente documento. Si se presenta alguna modificaci\u00f3n de las condiciones aqu\u00ed fijadas ocasionar\u00e1 una modificaci\u00f3n tambi\u00e9n del precio.<\/p>\n","protected":false},"author":1,"featured_media":0,"parent":0,"menu_order":0,"comment_status":"closed","ping_status":"closed","template":"","meta":{"_joinchat":[],"footnotes":""},"class_list":["post-5067","page","type-page","status-publish","hentry"],"jetpack_sharing_enabled":true,"_links":{"self":[{"href":"https:\/\/hyltelecom.cl\/en\/wp-json\/wp\/v2\/pages\/5067","targetHints":{"allow":["GET"]}}],"collection":[{"href":"https:\/\/hyltelecom.cl\/en\/wp-json\/wp\/v2\/pages"}],"about":[{"href":"https:\/\/hyltelecom.cl\/en\/wp-json\/wp\/v2\/types\/page"}],"author":[{"embeddable":true,"href":"https:\/\/hyltelecom.cl\/en\/wp-json\/wp\/v2\/users\/1"}],"replies":[{"embeddable":true,"href":"https:\/\/hyltelecom.cl\/en\/wp-json\/wp\/v2\/comments?post=5067"}],"version-history":[{"count":4,"href":"https:\/\/hyltelecom.cl\/en\/wp-json\/wp\/v2\/pages\/5067\/revisions"}],"predecessor-version":[{"id":5071,"href":"https:\/\/hyltelecom.cl\/en\/wp-json\/wp\/v2\/pages\/5067\/revisions\/5071"}],"wp:attachment":[{"href":"https:\/\/hyltelecom.cl\/en\/wp-json\/wp\/v2\/media?parent=5067"}],"curies":[{"name":"wp","href":"https:\/\/api.w.org\/{rel}","templated":true}]}}