{"id":88,"date":"2024-04-21T04:18:15","date_gmt":"2024-04-21T04:18:15","guid":{"rendered":"http:\/\/laboix-demo.local\/?page_id=88"},"modified":"2026-04-08T10:52:20","modified_gmt":"2026-04-08T10:52:20","slug":"implementacion-de-redes-fibra-optica","status":"publish","type":"page","link":"https:\/\/hyltelecom.cl\/en\/implementacion-de-redes-fibra-optica\/","title":{"rendered":"Implementacion de redes fibra \u00d3ptica"},"content":{"rendered":"\t\t<div data-elementor-type=\"wp-page\" data-elementor-id=\"88\" class=\"elementor elementor-88\" data-elementor-post-type=\"page\">\n\t\t\t\t<div class=\"elementor-element elementor-element-ed02a76 service-details e-flex e-con-boxed e-con e-parent\" data-id=\"ed02a76\" data-element_type=\"container\" data-e-type=\"container\">\n\t\t\t\t\t<div class=\"e-con-inner\">\n\t\t<div class=\"elementor-element elementor-element-093d874 e-con-full e-flex e-con e-child\" data-id=\"093d874\" data-element_type=\"container\" data-e-type=\"container\">\n\t\t\t\t<div class=\"elementor-element elementor-element-47f953e elementor-widget elementor-widget-sidebar-nav\" data-id=\"47f953e\" data-element_type=\"widget\" data-e-type=\"widget\" data-widget_type=\"sidebar-nav.default\">\n\t\t\t\t<div class=\"elementor-widget-container\">\n\t\t\t\t\t    <div class=\"service-sidebar__single\">\r\n        <h3 class=\"service-sidebar__title\">Nuestros Servicios<\/h3>                    <ul id=\"menu-services-menu\" class=\"list-unstyled service-sidebar__nav\"><li id=\"menu-item-119\" class=\"menu-item menu-item-type-post_type menu-item-object-page menu-item-119\"><a href=\"https:\/\/hyltelecom.cl\/en\/implementacion-de-redes-fibra-optica\/\">Implementaci\u00f3n de redes fibra \u00f3ptica<\/a><\/li>\n<li id=\"menu-item-4377\" class=\"menu-item menu-item-type-post_type menu-item-object-page menu-item-4377\"><a href=\"https:\/\/hyltelecom.cl\/en\/cableado-estructurado\/\">Cableado Estructurado<\/a><\/li>\n<li id=\"menu-item-121\" class=\"menu-item menu-item-type-post_type menu-item-object-page menu-item-121\"><a href=\"https:\/\/hyltelecom.cl\/en\/conectividad-con-fibra-optica\/\">Conectividad con fibra \u00f3ptica<\/a><\/li>\n<\/ul>            <\/div><!-- \/.service-sidebar__single -->\r\n\t\t\t\t<\/div>\n\t\t\t\t<\/div>\n\t\t\t\t<div class=\"elementor-element elementor-element-3166753 elementor-widget elementor-widget-laboix-sidebar-call-to-action\" data-id=\"3166753\" data-element_type=\"widget\" data-e-type=\"widget\" data-widget_type=\"laboix-sidebar-call-to-action.default\">\n\t\t\t\t<div class=\"elementor-widget-container\">\n\t\t\t\t\t    <div class=\"service-sidebar__single  wow fadeInUp\" data-wow-delay='500ms'>\r\n        <div class=\"service-sidebar__contact\">\r\n            <h3 class=\"service-sidebar__contact-title\">Somos Pioneros en redes de fibra \u00f3ptica<\/h3>                            <div class=\"service-sidebar__contact-btn\">\r\n                    <a href=\"#\"  class=\"laboix-btn laboix-btn--submite\">\r\n                        WhatsApp                    <\/a>\r\n                <\/div><!-- \/.service-sidebar__contact__icon -->\r\n                        <div class=\"service-sidebar__contact-image\">\r\n                <img decoding=\"async\" src=\"https:\/\/hyltelecom.cl\/wp-content\/uploads\/2026\/02\/tecnico-01hyl.png\" alt=\"tecnico-01hyl\" title=\"tecnico-01hyl\" >            <\/div>\r\n            <div class=\"service-sidebar__contact-angle\">\r\n                <img decoding=\"async\" src=\"https:\/\/hyltelecom.cl\/wp-content\/uploads\/2024\/04\/service-shape.png\" alt=\"service-shape\" title=\"service-shape\" >            <\/div>\r\n        <\/div><!-- \/.service-sidebar__contact -->\r\n    <\/div>\r\n\r\n\r\n\t\t\t\t<\/div>\n\t\t\t\t<\/div>\n\t\t\t\t<\/div>\n\t\t<div class=\"elementor-element elementor-element-025f71c e-con-full e-flex e-con e-child\" data-id=\"025f71c\" data-element_type=\"container\" data-e-type=\"container\">\n\t\t\t\t<div class=\"elementor-element elementor-element-71717ba elementor-widget elementor-widget-laboix-service-details\" data-id=\"71717ba\" data-element_type=\"widget\" data-e-type=\"widget\" data-widget_type=\"laboix-service-details.default\">\n\t\t\t\t<div class=\"elementor-widget-container\">\n\t\t\t\t\t\t<div class=\"service-details__single\">\r\n\t\t<div class=\"service-details__thumbnail wow fadeInUp\" data-wow-delay='300ms'>\r\n\t\t\t<img decoding=\"async\" src=\"https:\/\/hyltelecom.cl\/wp-content\/uploads\/2026\/03\/fondo-menu1.jpg\" alt=\"fondo-menu1\" title=\"fondo-menu1\" >\t\t<\/div><!-- \/.service-details__thumbnail -->\r\n\t\t<h4 class=\"service-details__title wow fadeInUp\">Implementaci\u00f3n de soluciones<\/h4>\r\n\t\t<p class=\"service-details__text wow fadeInUp\" data-wow-delay='350ms'>Todo comienza con la comprensi\u00f3n de tu negocio y la red que lo soporta. Hacemos el enlace con nuestros ingenieros y t\u00e9cnicos certificados para alcanzar tus objetivos.<\/p>\r\n\r\n\t\t<h3 class=\"service-details__sub-title wow fadeInUp\" data-wow-delay='300ms'>Brindamos el plan adecuado para tu empresa <\/h3><!-- \/.service-details__title -->\r\n\t\t<!-- \/.service-details__text -->\r\n\t\t<p class=\"service-details__text wow fadeInUp\" data-wow-delay='350ms'>Analizamos tus objetivos y te recomendamos las opciones m\u00e1s adecuadas, siempre buscando maximizar tu rendimiento y alcanzar los resultados deseados.<\/p><!-- \/.service-details__text -->\r\n\t<\/div><!-- \/.service-details__single-->\r\n\r\n\t\t\t\t<\/div>\n\t\t\t\t<\/div>\n\t\t\t\t<div class=\"elementor-element elementor-element-d7840db elementor-widget elementor-widget-laboix-features\" data-id=\"d7840db\" data-element_type=\"widget\" data-e-type=\"widget\" data-widget_type=\"laboix-features.default\">\n\t\t\t\t<div class=\"elementor-widget-container\">\n\t\t\t\t\t\t<div class=\"service-details__single\">\r\n\t\t<div class=\"service-details__single-inner\">\r\n\t\t\t<h3 class=\"service-details__title\">\u00bfQue hacemos?<\/h3>\t\t\t<div class=\"row gutter-y-30\">\r\n\t\t\t\t\t\t\t\t\t<div class=\"col-md-6\">\r\n\t\t\t\t\t\t<div class=\"service-details__inner-item wow fadeInUp \" data-wow-delay=\"300ms\">\r\n\t\t\t\t\t\t\t<div class=\"item-icon\">\r\n\t\t\t\t\t\t\t\t<div class=\"icon\">\r\n\t\t\t\t\t\t\t\t\t<i aria-hidden=\"true\" class=\"icon-chemistry-1\"><\/i>\t\t\t\t\t\t\t\t<\/div>\r\n\t\t\t\t\t\t\t<\/div>\r\n\t\t\t\t\t\t\t<div class=\"item-content\">\r\n\t\t\t\t\t\t\t\t<h3 class=\"item__title\">\r\n\t\t\t\t\t\t\t\t\t<a href=\"#\" >Equipamiento en redes<\/a>\r\n\t\t\t\t\t\t\t\t<\/h3>\r\n\t\t\t\t\t\t\t\t<p class=\"item__dec\">Comprendemos tu red de extremo a extremo.<\/p>\r\n\t\t\t\t\t\t\t<\/div>\r\n\t\t\t\t\t\t<\/div>\r\n\t\t\t\t\t<\/div>\r\n\t\t\t\t\t\t\t\t\t<div class=\"col-md-6\">\r\n\t\t\t\t\t\t<div class=\"service-details__inner-item wow fadeInUp \" data-wow-delay=\"300ms\">\r\n\t\t\t\t\t\t\t<div class=\"item-icon\">\r\n\t\t\t\t\t\t\t\t<div class=\"icon\">\r\n\t\t\t\t\t\t\t\t\t<i aria-hidden=\"true\" class=\" icon-safe\"><\/i>\t\t\t\t\t\t\t\t<\/div>\r\n\t\t\t\t\t\t\t<\/div>\r\n\t\t\t\t\t\t\t<div class=\"item-content\">\r\n\t\t\t\t\t\t\t\t<h3 class=\"item__title\">\r\n\t\t\t\t\t\t\t\t\t<a href=\"#\" >Seguridad de redes<\/a>\r\n\t\t\t\t\t\t\t\t<\/h3>\r\n\t\t\t\t\t\t\t\t<p class=\"item__dec\">Evaluamos, diagnosticamos concientizamos y recomendamos.<\/p>\r\n\t\t\t\t\t\t\t<\/div>\r\n\t\t\t\t\t\t<\/div>\r\n\t\t\t\t\t<\/div>\r\n\t\t\t\t\t\t\t<\/div>\r\n\t\t<\/div>\r\n\t<\/div>\r\n\t\t\t\t<\/div>\n\t\t\t\t<\/div>\n\t\t\t\t<div class=\"elementor-element elementor-element-02b1f5c elementor-widget elementor-widget-laboix-service-details\" data-id=\"02b1f5c\" data-element_type=\"widget\" data-e-type=\"widget\" data-widget_type=\"laboix-service-details.default\">\n\t\t\t\t<div class=\"elementor-widget-container\">\n\t\t\t\t\t\r\n\t<div class=\"service-details__single wow fadeInUp\" data-wow-delay='300ms'>\r\n\t\t<div class=\"row align-items-center\">\r\n\t\t\t\t\t\t\t<div class=\"col-md-5\">\r\n\t\t\t\t\t<div class=\"service-details__image__item\">\r\n\t\t\t\t\t\t<img decoding=\"async\" src=\"https:\/\/hyltelecom.cl\/wp-content\/uploads\/2026\/03\/onucatv2026.jpg\" alt=\"onucatv2026\" title=\"onucatv2026\" >\t\t\t\t\t<\/div><!-- \/.service-details__image__circle -->\r\n\t\t\t\t<\/div><!-- \/.col-md-6 -->\r\n\t\t\t\t\t\t<div class=\"col-md-7\">\r\n\t\t\t\t<div class=\"service-details__benefit\">\r\n\t\t\t\t\t<h4 class=\"service-details__benefit__title\">Redes de Fibra \u00d3ptica<\/h4>\t\t\t\t\t<p class=\"service-details__benefit__text\">Dise\u00f1o de Planta de Cable de Fibra \u00d3ptica FTTH<\/p>\r\n\t\t\t\t\t<h4 class=\"service-details__benefit__sub_title\">T\u00e9cnicos certificados en redes \n<\/h4>\r\n\t\t\t\t\t\t\t\t\t\t\t<ul class=\"list-unstyled service-details__list ml-0\">\r\n\t\t\t\t\t\t\t\t\t\t\t\t\t\t\t<li class=\"service-details__list__item\">\r\n\t\t\t\t\t\t\t\t\t<i aria-hidden=\"true\" class=\"fas fa-check-circle\"><\/i>\t\t\t\t\t\t\t\t\tRed \u00f3ptica pasiva (GPON, XPON)\t\t\t\t\t\t\t\t<\/li>\r\n\t\t\t\t\t\t\t\t\t\t\t\t\t\t\t<li class=\"service-details__list__item\">\r\n\t\t\t\t\t\t\t\t\t<i aria-hidden=\"true\" class=\"fas fa-check-circle\"><\/i>\t\t\t\t\t\t\t\t\tRed de distribuci\u00f3n \u00f3ptica (ODN)\t\t\t\t\t\t\t\t<\/li>\r\n\t\t\t\t\t\t\t\t\t\t\t\t\t\t\t<li class=\"service-details__list__item\">\r\n\t\t\t\t\t\t\t\t\t<i aria-hidden=\"true\" class=\"fas fa-check-circle\"><\/i>\t\t\t\t\t\t\t\t\tDiagramas de Red\t\t\t\t\t\t\t\t<\/li>\r\n\t\t\t\t\t\t\t\t\t\t\t\t\t<\/ul><!-- \/.list-unstyled team-details__list -->\r\n\t\t\t\t\t\t\t\t\t<\/div>\r\n\t\t\t<\/div><!-- \/.col-md-6 -->\r\n\t\t<\/div><!-- \/.row -->\r\n\t<\/div><!-- \/.service-details__single-->\r\n\r\n\r\n\t\t\t\t<\/div>\n\t\t\t\t<\/div>\n\t\t\t\t<div class=\"elementor-element elementor-element-04ff379 elementor-widget elementor-widget-laboix-faq\" data-id=\"04ff379\" data-element_type=\"widget\" data-e-type=\"widget\" data-widget_type=\"laboix-faq.default\">\n\t\t\t\t<div class=\"elementor-widget-container\">\n\t\t\t\t\t    <div class=\"service-details__single\">\r\n        <div class=\"faq-page__accordion laboix-accrodion\" data-grp-name=\"laboix-accrodion\">\r\n                            <div class=\"accrodion active\">\r\n                    <div class=\"accrodion-title\">\r\n                        <h4 class=\"accrodion-title__text\">Diferencias entre FTTH, FTTC y FTTN<span class=\"accrodion-title__icon\"><\/span> <\/h4>\r\n                    <\/div><!-- \/.accordian-title -->\r\n                    <div class=\"accrodion-content\">\r\n                        <div class=\"inner\">\r\n                            <p class=\"inner__text\">FTTH, FTTC y FTTN (\"Fiber to the Home\", \"Fiber to the Curbson\" y \"Fiber to the Node\", respectivamente, y por sus siglas en ingl\u00e9s) son patas de fibra \u00f3ptica. Compuesta por hilos de vidrio, Internet de fibra \u00f3ptica proporciona un servicio m\u00e1s r\u00e1pido y uniforme, con m\u00e1s espacio para el tr\u00e1fico de se\u00f1al en comparaci\u00f3n con los cables de cobre tradicionales.\n\nFTTH, FTTC y FTTN se refieren a la ruta de cableado y a la configuraci\u00f3n de las se\u00f1ales de viaje. Cuanto m\u00e1s cerca est\u00e9n las patas de fibra \u00f3ptica del destino final, mejor ser\u00e1 la conexi\u00f3n.\n\nFTTH - Fibra hasta el hogar\nSe mueve entre la caja de interruptores de la l\u00ednea de la propiedad y las cajas de conexiones de los residentes. Debido a que la conexi\u00f3n va directamente a residencias individuales, FTTH ofrece un ancho de banda mayor. Su instalaci\u00f3n es costosa en algunas \u00e1reas. Algunos operadores instalan fibra \u00f3ptica para esta etapa como una caracter\u00edstica de venta en nuevos desarrollos. Sin embargo, un hogar que posea FTTH tiene una desventaja si un transportista necesita instalar una l\u00ednea de alimentaci\u00f3n separada. Las se\u00f1ales de potencia e Internet no se mueven juntas en fibra \u00f3ptica.\n\nFTTC - Fibra hasta la acera\n\u00c9sta se refiere al poste o armario que alberga el dispositivo de comunicaciones montado. Los cables coaxiales o pares trenzados env\u00edan las se\u00f1ales desde la acera hasta la casa. Sin embargo, el ancho de banda se pierde durante esta entrega. FTTC puede servir a varios clientes dentro de 1.000 pies.\n\nFTTN - Fibra hasta el barrio\nSirve a unos pocos cientos de clientes, que deben estar dentro de un radio de una milla. La distancia restante al hogar, a menudo denominada \"\u00faltima milla\", puede usar DSL a trav\u00e9s de l\u00edneas telef\u00f3nicas o compa\u00f1\u00edas de cable existentes. La proximidad del cliente al nodo y los protocolos de entrega determinan las velocidades de datos.\n\nEn s\u00edntesis, si bien FTTH puede ofrecer velocidades m\u00e1s r\u00e1pidas, su instalaci\u00f3n es m\u00e1s costosa; mientras que FTTC o FTTN ofrecen Internet de fibra \u00f3ptica a m\u00e1s clientes por un costo menor.<\/p>\r\n                        <\/div><!-- \/.accordian-content -->\r\n                    <\/div>\r\n                <\/div><!-- \/.accordian-item -->\r\n                            <div class=\"accrodion \">\r\n                    <div class=\"accrodion-title\">\r\n                        <h4 class=\"accrodion-title__text\">\u00bfCu\u00e1les son las ventajas de la tecnolog\u00eda EoC?<span class=\"accrodion-title__icon\"><\/span> <\/h4>\r\n                    <\/div><!-- \/.accordian-title -->\r\n                    <div class=\"accrodion-content\">\r\n                        <div class=\"inner\">\r\n                            <p class=\"inner__text\">Entre las ventajas de la tecnolog\u00eda EoC, es posible mencionar su sencilla instalaci\u00f3n, plug and play, despliegue r\u00e1pido, sin necesidad de volver a cablear y sin molestias.\n\nEn la actualidad, la mayor parte de la tecnolog\u00eda EOC puede proporcionar dos v\u00edas 100 M o m\u00e1s de ancho de banda. La inmunidad al ruido es mucho mayor que CM y puede trabajar en un entorno de red \u00e1spero.\n\nEl modelo de utilidad tiene las ventajas de peque\u00f1o tama\u00f1o y peso ligero, y es conveniente para la instalaci\u00f3n en familias, pasillos y distritos. Se trata de un sistema seguro y confiable, con funcionamiento estable, que se caracteriza pro ser econ\u00f3mico y pr\u00e1ctico.\n\nLa interfaz de TV puede ser compatible con todos los equipos de TV por cable convencionales, como de multiplexor, televisor, m\u00e1quina emisora de luz, etc. Por su parte, la interfaz de datos es compatible con todos los dispositivos Ethernet, como switches, routers, decodificadores, IP PC, etc.\n\nEl sistema embebido puede llevar a cabo varias configuraciones de gesti\u00f3n a trav\u00e9s del inicio de sesi\u00f3n HTTP, como la configuraci\u00f3n de la contrase\u00f1a e IP.\n\nAdem\u00e1s, soporta modo d\u00faplex completo y medio d\u00faplex; para apoyar 10 \/ 100 M adaptivo; el soporte de IEEE802.310Base-T (Ethernet, 10Mbit \/ s); IEEE802.3u100Base-TX (Fast Ethernet, 100Mbit \/ s).<\/p>\r\n                        <\/div><!-- \/.accordian-content -->\r\n                    <\/div>\r\n                <\/div><!-- \/.accordian-item -->\r\n                            <div class=\"accrodion \">\r\n                    <div class=\"accrodion-title\">\r\n                        <h4 class=\"accrodion-title__text\">\u00bfCual es la tecnolog\u00eda GPON?<span class=\"accrodion-title__icon\"><\/span> <\/h4>\r\n                    <\/div><!-- \/.accordian-title -->\r\n                    <div class=\"accrodion-content\">\r\n                        <div class=\"inner\">\r\n                            <p class=\"inner__text\">GPON proviene del acr\u00f3nimo ingl\u00e9s \"Gigabit-capable Passive Optical Network\", lo que en espa\u00f1ol significa \"Red \u00d3ptica Pasiva con Capacidad Gigabit\".\n\nEl est\u00e1ndar GPON ha ido evolucionando con el tiempo hasta llegar a un conjunto de recomendaciones (G.984.x del ITU-T) que describen las t\u00e9cnicas para encapsular la informaci\u00f3n, gestionar la red, transportarla, etc.\n\nEl enlace en una conexi\u00f3n GPON se hace mediante un dispositivo llamado OLT (Optical Line Terminal, por sus siglas en ingl\u00e9s) y un dispositivo que se coloca en los hogares, denominado ONT (Optical Node Terminal, por sus siglas en ingl\u00e9s). El dispositivo ONT tambi\u00e9n suele ser llamado ONU (Optical Network Unit, por sus siglas en ingl\u00e9s).\n\nPara el proceso de conexi\u00f3n es necesario colocar entre medio divisores de fibra, los splitters. Estos son elementos pasivos, es decir, se limitan a agrupar o a desagregar las diferentes fibras, pero no a amplificar la se\u00f1al ni a modificarla.<\/p>\r\n                        <\/div><!-- \/.accordian-content -->\r\n                    <\/div>\r\n                <\/div><!-- \/.accordian-item -->\r\n                            <div class=\"accrodion \">\r\n                    <div class=\"accrodion-title\">\r\n                        <h4 class=\"accrodion-title__text\">Componentes de una red GPON<span class=\"accrodion-title__icon\"><\/span> <\/h4>\r\n                    <\/div><!-- \/.accordian-title -->\r\n                    <div class=\"accrodion-content\">\r\n                        <div class=\"inner\">\r\n                            <p class=\"inner__text\">Una red GPON se compone de varios elementos clave que trabajan en conjunto para proporcionar conectividad eficiente:\n\n    OLT (Optical Line Terminal): Es el equipo ubicado en la central de datos del proveedor de servicios. Su funci\u00f3n es gestionar y controlar el tr\u00e1fico de datos en la red, conectando la red de fibra \u00f3ptica con la red convencional.\n    ONT (Optical Network Terminal): Se encuentra en las instalaciones del usuario final y convierte la se\u00f1al \u00f3ptica en datos que pueden ser utilizados por dispositivos como computadoras, tel\u00e9fonos y televisores.\n    Splitter \u00f3ptico: Es un componente pasivo que divide la se\u00f1al \u00f3ptica proveniente del OLT en m\u00faltiples se\u00f1ales para ser distribuidas a varios usuarios. Esto permite compartir eficientemente el ancho de banda entre los usuarios, optimizando el uso de la infraestructura.\n    Fibra \u00f3ptica: Es el medio de transmisi\u00f3n utilizado en la tecnolog\u00eda GPON, destacando por su alta capacidad de transmisi\u00f3n de datos a largas distancias con m\u00ednima p\u00e9rdida de se\u00f1al.<\/p>\r\n                        <\/div><!-- \/.accordian-content -->\r\n                    <\/div>\r\n                <\/div><!-- \/.accordian-item -->\r\n                    <\/div>\r\n    <\/div><!-- \/ -->\r\n\t\t\t\t<\/div>\n\t\t\t\t<\/div>\n\t\t\t\t<\/div>\n\t\t\t\t\t<\/div>\n\t\t\t\t<\/div>\n\t\t\t\t<\/div>\n\t\t","protected":false},"excerpt":{"rendered":"<p>Nuestros Servicios Implementaci\u00f3n de redes fibra \u00f3ptica Specialized Chemical Pathology Free Home Safe diagnoses Somos Pioneros en redes de fibra \u00f3ptica WhatsApp Implementaci\u00f3n de soluciones Todo comienza con la comprensi\u00f3n de tu negocio y la red que lo soporta. Hacemos el enlace con nuestros ingenieros y t\u00e9cnicos certificados para alcanzar tus objetivos. Brindamos el plan [&hellip;]<\/p>\n","protected":false},"author":1,"featured_media":0,"parent":0,"menu_order":0,"comment_status":"closed","ping_status":"closed","template":"elementor_header_footer","meta":{"_joinchat":[],"footnotes":""},"class_list":["post-88","page","type-page","status-publish","hentry"],"jetpack_sharing_enabled":true,"_links":{"self":[{"href":"https:\/\/hyltelecom.cl\/en\/wp-json\/wp\/v2\/pages\/88","targetHints":{"allow":["GET"]}}],"collection":[{"href":"https:\/\/hyltelecom.cl\/en\/wp-json\/wp\/v2\/pages"}],"about":[{"href":"https:\/\/hyltelecom.cl\/en\/wp-json\/wp\/v2\/types\/page"}],"author":[{"embeddable":true,"href":"https:\/\/hyltelecom.cl\/en\/wp-json\/wp\/v2\/users\/1"}],"replies":[{"embeddable":true,"href":"https:\/\/hyltelecom.cl\/en\/wp-json\/wp\/v2\/comments?post=88"}],"version-history":[{"count":44,"href":"https:\/\/hyltelecom.cl\/en\/wp-json\/wp\/v2\/pages\/88\/revisions"}],"predecessor-version":[{"id":4734,"href":"https:\/\/hyltelecom.cl\/en\/wp-json\/wp\/v2\/pages\/88\/revisions\/4734"}],"wp:attachment":[{"href":"https:\/\/hyltelecom.cl\/en\/wp-json\/wp\/v2\/media?parent=88"}],"curies":[{"name":"wp","href":"https:\/\/api.w.org\/{rel}","templated":true}]}}