{"id":89,"date":"2024-04-21T04:18:15","date_gmt":"2024-04-21T04:18:15","guid":{"rendered":"http:\/\/laboix-demo.local\/?page_id=89"},"modified":"2026-04-08T10:31:55","modified_gmt":"2026-04-08T10:31:55","slug":"cableado-estructurado","status":"publish","type":"page","link":"https:\/\/hyltelecom.cl\/en\/cableado-estructurado\/","title":{"rendered":"Cableado Estructurado"},"content":{"rendered":"\t\t<div data-elementor-type=\"wp-page\" data-elementor-id=\"89\" class=\"elementor elementor-89\" data-elementor-post-type=\"page\">\n\t\t\t\t<div class=\"elementor-element elementor-element-2ab235b2 service-details e-flex e-con-boxed e-con e-parent\" data-id=\"2ab235b2\" data-element_type=\"container\" data-e-type=\"container\">\n\t\t\t\t\t<div class=\"e-con-inner\">\n\t\t<div class=\"elementor-element elementor-element-4e2e6c86 e-con-full e-flex e-con e-child\" data-id=\"4e2e6c86\" data-element_type=\"container\" data-e-type=\"container\">\n\t\t\t\t<div class=\"elementor-element elementor-element-4012eced elementor-widget elementor-widget-sidebar-nav\" data-id=\"4012eced\" data-element_type=\"widget\" data-e-type=\"widget\" data-widget_type=\"sidebar-nav.default\">\n\t\t\t\t<div class=\"elementor-widget-container\">\n\t\t\t\t\t    <div class=\"service-sidebar__single\">\r\n        <h3 class=\"service-sidebar__title\">Nuestros Servicios<\/h3>                    <ul id=\"menu-services-menu\" class=\"list-unstyled service-sidebar__nav\"><li id=\"menu-item-119\" class=\"menu-item menu-item-type-post_type menu-item-object-page menu-item-119\"><a href=\"https:\/\/hyltelecom.cl\/en\/implementacion-de-redes-fibra-optica\/\">Implementaci\u00f3n de redes fibra \u00f3ptica<\/a><\/li>\n<li id=\"menu-item-4377\" class=\"menu-item menu-item-type-post_type menu-item-object-page menu-item-4377\"><a href=\"https:\/\/hyltelecom.cl\/en\/cableado-estructurado\/\">Cableado Estructurado<\/a><\/li>\n<li id=\"menu-item-121\" class=\"menu-item menu-item-type-post_type menu-item-object-page menu-item-121\"><a href=\"https:\/\/hyltelecom.cl\/en\/conectividad-con-fibra-optica\/\">Conectividad con fibra \u00f3ptica<\/a><\/li>\n<\/ul>            <\/div><!-- \/.service-sidebar__single -->\r\n\t\t\t\t<\/div>\n\t\t\t\t<\/div>\n\t\t\t\t<div class=\"elementor-element elementor-element-4ec0e336 elementor-widget elementor-widget-laboix-sidebar-call-to-action\" data-id=\"4ec0e336\" data-element_type=\"widget\" data-e-type=\"widget\" data-widget_type=\"laboix-sidebar-call-to-action.default\">\n\t\t\t\t<div class=\"elementor-widget-container\">\n\t\t\t\t\t    <div class=\"service-sidebar__single  wow fadeInUp\" data-wow-delay='500ms'>\r\n        <div class=\"service-sidebar__contact\">\r\n            <h3 class=\"service-sidebar__contact-title\">Amplia variedad de productos para t\u00fa empresa.<\/h3>                            <div class=\"service-sidebar__contact-btn\">\r\n                    <a href=\"#\"  class=\"laboix-btn laboix-btn--submite\">\r\n                        Cont\u00e1ctanos                    <\/a>\r\n                <\/div><!-- \/.service-sidebar__contact__icon -->\r\n                        <div class=\"service-sidebar__contact-image\">\r\n                <img decoding=\"async\" src=\"https:\/\/hyltelecom.cl\/wp-content\/uploads\/2026\/02\/vendedora-hyl.png\" alt=\"vendedora-hyl\" title=\"vendedora-hyl\" >            <\/div>\r\n            <div class=\"service-sidebar__contact-angle\">\r\n                <img decoding=\"async\" src=\"https:\/\/hyltelecom.cl\/wp-content\/uploads\/2024\/04\/service-shape.png\" alt=\"service-shape\" title=\"service-shape\" >            <\/div>\r\n        <\/div><!-- \/.service-sidebar__contact -->\r\n    <\/div>\r\n\r\n\r\n\t\t\t\t<\/div>\n\t\t\t\t<\/div>\n\t\t\t\t<\/div>\n\t\t<div class=\"elementor-element elementor-element-4bceb822 e-con-full e-flex e-con e-child\" data-id=\"4bceb822\" data-element_type=\"container\" data-e-type=\"container\">\n\t\t\t\t<div class=\"elementor-element elementor-element-61dbfc1d elementor-widget elementor-widget-laboix-service-details\" data-id=\"61dbfc1d\" data-element_type=\"widget\" data-e-type=\"widget\" data-widget_type=\"laboix-service-details.default\">\n\t\t\t\t<div class=\"elementor-widget-container\">\n\t\t\t\t\t\t<div class=\"service-details__single\">\r\n\t\t<div class=\"service-details__thumbnail wow fadeInUp\" data-wow-delay='300ms'>\r\n\t\t\t<img decoding=\"async\" src=\"https:\/\/hyltelecom.cl\/wp-content\/uploads\/2026\/04\/cableado-estructurado01.jpg\" alt=\"cableado-estructurado01\" title=\"cableado-estructurado01\" >\t\t<\/div><!-- \/.service-details__thumbnail -->\r\n\t\t<h4 class=\"service-details__title wow fadeInUp\">Cableado Estructurado<\/h4>\r\n\t\t<p class=\"service-details__text wow fadeInUp\" data-wow-delay='350ms'>Descubre nuestro completo mix de productos para infraestructuras de telecomunicaciones, tales como conectores, cables, patch panel y muchos m\u00e1s. Nuestros productos cuentan con normas de instalaci\u00f3n que permiten, de manera eficiente y eficaz, la comunicaci\u00f3n y el transporte de la se\u00f1al entre los dispositivos. Construye redes robustas y confiables con nuestros productos.<\/p>\r\n\r\n\t\t<h3 class=\"service-details__sub-title wow fadeInUp\" data-wow-delay='300ms'>Conoce nuestras alternativas de cables y conectividades para tus proyectos.<\/h3><!-- \/.service-details__title -->\r\n\t\t<!-- \/.service-details__text -->\r\n\t\t<p class=\"service-details__text wow fadeInUp\" data-wow-delay='350ms'>Soluciones integrales.<\/p><!-- \/.service-details__text -->\r\n\t<\/div><!-- \/.service-details__single-->\r\n\r\n\t\t\t\t<\/div>\n\t\t\t\t<\/div>\n\t\t\t\t<div class=\"elementor-element elementor-element-3373ac52 elementor-widget elementor-widget-laboix-features\" data-id=\"3373ac52\" data-element_type=\"widget\" data-e-type=\"widget\" data-widget_type=\"laboix-features.default\">\n\t\t\t\t<div class=\"elementor-widget-container\">\n\t\t\t\t\t\t<div class=\"service-details__single\">\r\n\t\t<div class=\"service-details__single-inner\">\r\n\t\t\t<h3 class=\"service-details__title\">Un mundo de soluciones<\/h3>\t\t\t<div class=\"row gutter-y-30\">\r\n\t\t\t\t\t\t\t\t\t<div class=\"col-md-6\">\r\n\t\t\t\t\t\t<div class=\"service-details__inner-item wow fadeInUp \" data-wow-delay=\"300ms\">\r\n\t\t\t\t\t\t\t<div class=\"item-icon\">\r\n\t\t\t\t\t\t\t\t<div class=\"icon\">\r\n\t\t\t\t\t\t\t\t\t<i aria-hidden=\"true\" class=\"icon-chemistry-1\"><\/i>\t\t\t\t\t\t\t\t<\/div>\r\n\t\t\t\t\t\t\t<\/div>\r\n\t\t\t\t\t\t\t<div class=\"item-content\">\r\n\t\t\t\t\t\t\t\t<h3 class=\"item__title\">\r\n\t\t\t\t\t\t\t\t\t<a href=\"#\" >Equipos de \u00faltima generaci\u00f3n<\/a>\r\n\t\t\t\t\t\t\t\t<\/h3>\r\n\t\t\t\t\t\t\t\t<p class=\"item__dec\">Visite nuestro catalogo de productos.<\/p>\r\n\t\t\t\t\t\t\t<\/div>\r\n\t\t\t\t\t\t<\/div>\r\n\t\t\t\t\t<\/div>\r\n\t\t\t\t\t\t\t\t\t<div class=\"col-md-6\">\r\n\t\t\t\t\t\t<div class=\"service-details__inner-item wow fadeInUp \" data-wow-delay=\"300ms\">\r\n\t\t\t\t\t\t\t<div class=\"item-icon\">\r\n\t\t\t\t\t\t\t\t<div class=\"icon\">\r\n\t\t\t\t\t\t\t\t\t<i aria-hidden=\"true\" class=\" icon-safe\"><\/i>\t\t\t\t\t\t\t\t<\/div>\r\n\t\t\t\t\t\t\t<\/div>\r\n\t\t\t\t\t\t\t<div class=\"item-content\">\r\n\t\t\t\t\t\t\t\t<h3 class=\"item__title\">\r\n\t\t\t\t\t\t\t\t\t<a href=\"#\" >Profesionales a su servicios<\/a>\r\n\t\t\t\t\t\t\t\t<\/h3>\r\n\t\t\t\t\t\t\t\t<p class=\"item__dec\">Un equipo completo de profesionales a su servicio.<\/p>\r\n\t\t\t\t\t\t\t<\/div>\r\n\t\t\t\t\t\t<\/div>\r\n\t\t\t\t\t<\/div>\r\n\t\t\t\t\t\t\t<\/div>\r\n\t\t<\/div>\r\n\t<\/div>\r\n\t\t\t\t<\/div>\n\t\t\t\t<\/div>\n\t\t\t\t<div class=\"elementor-element elementor-element-4585267b elementor-widget elementor-widget-laboix-service-details\" data-id=\"4585267b\" data-element_type=\"widget\" data-e-type=\"widget\" data-widget_type=\"laboix-service-details.default\">\n\t\t\t\t<div class=\"elementor-widget-container\">\n\t\t\t\t\t\r\n\t<div class=\"service-details__single wow fadeInUp\" data-wow-delay='300ms'>\r\n\t\t<div class=\"row align-items-center\">\r\n\t\t\t\t\t\t\t<div class=\"col-md-5\">\r\n\t\t\t\t\t<div class=\"service-details__image__item\">\r\n\t\t\t\t\t\t<img decoding=\"async\" src=\"https:\/\/hyltelecom.cl\/wp-content\/uploads\/2026\/04\/cable-fibra0202.jpg\" alt=\"cable-fibra0202\" title=\"cable-fibra0202\" >\t\t\t\t\t<\/div><!-- \/.service-details__image__circle -->\r\n\t\t\t\t<\/div><!-- \/.col-md-6 -->\r\n\t\t\t\t\t\t<div class=\"col-md-7\">\r\n\t\t\t\t<div class=\"service-details__benefit\">\r\n\t\t\t\t\t<h4 class=\"service-details__benefit__title\">\u00bfPor qu\u00e9 elegir HyL Telecom?<\/h4>\t\t\t\t\t<p class=\"service-details__benefit__text\">fescom?\n\nOfrecemos soluciones integrales, innovadoras y rentables para todos sus proyectos.<\/p>\r\n\t\t\t\t\t<h4 class=\"service-details__benefit__sub_title\">\u00bfQue ofrecemos?<\/h4>\r\n\t\t\t\t\t\t\t\t\t\t\t<ul class=\"list-unstyled service-details__list ml-0\">\r\n\t\t\t\t\t\t\t\t\t\t\t\t\t\t\t<li class=\"service-details__list__item\">\r\n\t\t\t\t\t\t\t\t\t<i aria-hidden=\"true\" class=\"fas fa-check-circle\"><\/i>\t\t\t\t\t\t\t\t\tPuntos de red (Datos y Voz)\t\t\t\t\t\t\t\t<\/li>\r\n\t\t\t\t\t\t\t\t\t\t\t\t\t\t\t<li class=\"service-details__list__item\">\r\n\t\t\t\t\t\t\t\t\t<i aria-hidden=\"true\" class=\"fas fa-check-circle\"><\/i>\t\t\t\t\t\t\t\t\tRedes inal\u00e1mbricas (WIFI)\t\t\t\t\t\t\t\t<\/li>\r\n\t\t\t\t\t\t\t\t\t\t\t\t\t\t\t<li class=\"service-details__list__item\">\r\n\t\t\t\t\t\t\t\t\t<i aria-hidden=\"true\" class=\"fas fa-check-circle\"><\/i>\t\t\t\t\t\t\t\t\tFibra \u00f3ptica\t\t\t\t\t\t\t\t<\/li>\r\n\t\t\t\t\t\t\t\t\t\t\t\t\t<\/ul><!-- \/.list-unstyled team-details__list -->\r\n\t\t\t\t\t\t\t\t\t<\/div>\r\n\t\t\t<\/div><!-- \/.col-md-6 -->\r\n\t\t<\/div><!-- \/.row -->\r\n\t<\/div><!-- \/.service-details__single-->\r\n\r\n\r\n\t\t\t\t<\/div>\n\t\t\t\t<\/div>\n\t\t\t\t<div class=\"elementor-element elementor-element-a9c2f4d elementor-widget elementor-widget-laboix-faq\" data-id=\"a9c2f4d\" data-element_type=\"widget\" data-e-type=\"widget\" data-widget_type=\"laboix-faq.default\">\n\t\t\t\t<div class=\"elementor-widget-container\">\n\t\t\t\t\t    <div class=\"service-details__single\">\r\n        <div class=\"faq-page__accordion laboix-accrodion\" data-grp-name=\"laboix-accrodion\">\r\n                            <div class=\"accrodion active\">\r\n                    <div class=\"accrodion-title\">\r\n                        <h4 class=\"accrodion-title__text\">Cables<span class=\"accrodion-title__icon\"><\/span> <\/h4>\r\n                    <\/div><!-- \/.accordian-title -->\r\n                    <div class=\"accrodion-content\">\r\n                        <div class=\"inner\">\r\n                            <p class=\"inner__text\">En el mundo de las telecomunicaciones, el cableado estructurado es fundamental para garantizar una conexi\u00f3n robusta y eficiente. Los cables desempe\u00f1an un papel crucial al conectar salas de comunicaciones, puestos de trabajo y conexiones verticales. Entre las opciones disponibles, los cables U\/UTP (sin blindaje) son ideales para instalaciones donde no se necesita protecci\u00f3n contra campos electromagn\u00e9ticos. Para entornos con alto ruido electromagn\u00e9tico, ofrecemos soluciones blindadas que aseguran una transmisi\u00f3n de datos sin interferencias.<\/p>\r\n                        <\/div><!-- \/.accordian-content -->\r\n                    <\/div>\r\n                <\/div><!-- \/.accordian-item -->\r\n                            <div class=\"accrodion \">\r\n                    <div class=\"accrodion-title\">\r\n                        <h4 class=\"accrodion-title__text\">M\u00f3dulos<span class=\"accrodion-title__icon\"><\/span> <\/h4>\r\n                    <\/div><!-- \/.accordian-title -->\r\n                    <div class=\"accrodion-content\">\r\n                        <div class=\"inner\">\r\n                            <p class=\"inner__text\">Los m\u00f3dulos conectores Jack RJ-45 son esenciales para establecer conexiones en puestos de trabajo y salas de telecomunicaciones. Ofrecemos soluciones para todo tipo de necesidades: desde m\u00f3dulos U\/UTP sin blindar, ideales para ambientes sin interferencias electromagn\u00e9ticas, hasta soluciones blindadas, dise\u00f1adas para entornos con alto ruido electromagn\u00e9tico. Garantiza una conexi\u00f3n segura y eficiente con nuestras soluciones avanzadas.<\/p>\r\n                        <\/div><!-- \/.accordian-content -->\r\n                    <\/div>\r\n                <\/div><!-- \/.accordian-item -->\r\n                            <div class=\"accrodion \">\r\n                    <div class=\"accrodion-title\">\r\n                        <h4 class=\"accrodion-title__text\">Patch Panel<span class=\"accrodion-title__icon\"><\/span> <\/h4>\r\n                    <\/div><!-- \/.accordian-title -->\r\n                    <div class=\"accrodion-content\">\r\n                        <div class=\"inner\">\r\n                            <p class=\"inner__text\">Un patch panel es un componente esencial en el cableado estructurado que organiza los puntos de red de una zona o piso en los racks de comunicaci\u00f3n. Simplifica la gesti\u00f3n en las salas de comunicaci\u00f3n al centralizar y ordenar las conexiones, permitiendo una administraci\u00f3n eficiente de la red.<\/p>\r\n                        <\/div><!-- \/.accordian-content -->\r\n                    <\/div>\r\n                <\/div><!-- \/.accordian-item -->\r\n                            <div class=\"accrodion \">\r\n                    <div class=\"accrodion-title\">\r\n                        <h4 class=\"accrodion-title__text\">Instrumentos de certificaci\u00f3n<span class=\"accrodion-title__icon\"><\/span> <\/h4>\r\n                    <\/div><!-- \/.accordian-title -->\r\n                    <div class=\"accrodion-content\">\r\n                        <div class=\"inner\">\r\n                            <p class=\"inner__text\">Equipamiento para certificaci\u00f3n y diagn\u00f3stico de cableado estructurado y redes de comunicaciones.<\/p>\r\n                        <\/div><!-- \/.accordian-content -->\r\n                    <\/div>\r\n                <\/div><!-- \/.accordian-item -->\r\n                    <\/div>\r\n    <\/div><!-- \/ -->\r\n\t\t\t\t<\/div>\n\t\t\t\t<\/div>\n\t\t\t\t<\/div>\n\t\t\t\t\t<\/div>\n\t\t\t\t<\/div>\n\t\t\t\t<\/div>\n\t\t","protected":false},"excerpt":{"rendered":"<p>Nuestros Servicios Implementaci\u00f3n de redes fibra \u00f3ptica Cableado Estructurado Chemical Pathology Free Home Safe diagnoses Amplia variedad de productos para t\u00fa empresa. Cont\u00e1ctanos Cableado Estructurado Descubre nuestro completo mix de productos para infraestructuras de telecomunicaciones, tales como conectores, cables, patch panel y muchos m\u00e1s. Nuestros productos cuentan con normas de instalaci\u00f3n que permiten, de manera [&hellip;]<\/p>\n","protected":false},"author":1,"featured_media":0,"parent":0,"menu_order":0,"comment_status":"closed","ping_status":"closed","template":"elementor_header_footer","meta":{"_joinchat":[],"footnotes":""},"class_list":["post-89","page","type-page","status-publish","hentry"],"jetpack_sharing_enabled":true,"_links":{"self":[{"href":"https:\/\/hyltelecom.cl\/en\/wp-json\/wp\/v2\/pages\/89","targetHints":{"allow":["GET"]}}],"collection":[{"href":"https:\/\/hyltelecom.cl\/en\/wp-json\/wp\/v2\/pages"}],"about":[{"href":"https:\/\/hyltelecom.cl\/en\/wp-json\/wp\/v2\/types\/page"}],"author":[{"embeddable":true,"href":"https:\/\/hyltelecom.cl\/en\/wp-json\/wp\/v2\/users\/1"}],"replies":[{"embeddable":true,"href":"https:\/\/hyltelecom.cl\/en\/wp-json\/wp\/v2\/comments?post=89"}],"version-history":[{"count":40,"href":"https:\/\/hyltelecom.cl\/en\/wp-json\/wp\/v2\/pages\/89\/revisions"}],"predecessor-version":[{"id":4703,"href":"https:\/\/hyltelecom.cl\/en\/wp-json\/wp\/v2\/pages\/89\/revisions\/4703"}],"wp:attachment":[{"href":"https:\/\/hyltelecom.cl\/en\/wp-json\/wp\/v2\/media?parent=89"}],"curies":[{"name":"wp","href":"https:\/\/api.w.org\/{rel}","templated":true}]}}