{"id":90,"date":"2024-04-21T04:18:15","date_gmt":"2024-04-21T04:18:15","guid":{"rendered":"http:\/\/laboix-demo.local\/?page_id=90"},"modified":"2026-04-08T10:49:23","modified_gmt":"2026-04-08T10:49:23","slug":"conectividad-con-fibra-optica","status":"publish","type":"page","link":"https:\/\/hyltelecom.cl\/en\/conectividad-con-fibra-optica\/","title":{"rendered":"Conectividad con fibra \u00f3ptica"},"content":{"rendered":"\t\t<div data-elementor-type=\"wp-page\" data-elementor-id=\"90\" class=\"elementor elementor-90\" data-elementor-post-type=\"page\">\n\t\t\t\t<div class=\"elementor-element elementor-element-16b8a751 service-details e-flex e-con-boxed e-con e-parent\" data-id=\"16b8a751\" data-element_type=\"container\" data-e-type=\"container\">\n\t\t\t\t\t<div class=\"e-con-inner\">\n\t\t<div class=\"elementor-element elementor-element-1eba09ca e-con-full e-flex e-con e-child\" data-id=\"1eba09ca\" data-element_type=\"container\" data-e-type=\"container\">\n\t\t\t\t<div class=\"elementor-element elementor-element-166a284b elementor-widget elementor-widget-sidebar-nav\" data-id=\"166a284b\" data-element_type=\"widget\" data-e-type=\"widget\" data-widget_type=\"sidebar-nav.default\">\n\t\t\t\t<div class=\"elementor-widget-container\">\n\t\t\t\t\t    <div class=\"service-sidebar__single\">\r\n        <h3 class=\"service-sidebar__title\">Nuestros servicios<\/h3>                    <ul id=\"menu-services-menu\" class=\"list-unstyled service-sidebar__nav\"><li id=\"menu-item-119\" class=\"menu-item menu-item-type-post_type menu-item-object-page menu-item-119\"><a href=\"https:\/\/hyltelecom.cl\/en\/implementacion-de-redes-fibra-optica\/\">Implementaci\u00f3n de redes fibra \u00f3ptica<\/a><\/li>\n<li id=\"menu-item-4377\" class=\"menu-item menu-item-type-post_type menu-item-object-page menu-item-4377\"><a href=\"https:\/\/hyltelecom.cl\/en\/cableado-estructurado\/\">Cableado Estructurado<\/a><\/li>\n<li id=\"menu-item-121\" class=\"menu-item menu-item-type-post_type menu-item-object-page menu-item-121\"><a href=\"https:\/\/hyltelecom.cl\/en\/conectividad-con-fibra-optica\/\">Conectividad con fibra \u00f3ptica<\/a><\/li>\n<\/ul>            <\/div><!-- \/.service-sidebar__single -->\r\n\t\t\t\t<\/div>\n\t\t\t\t<\/div>\n\t\t\t\t<div class=\"elementor-element elementor-element-64487639 elementor-widget elementor-widget-laboix-sidebar-call-to-action\" data-id=\"64487639\" data-element_type=\"widget\" data-e-type=\"widget\" data-widget_type=\"laboix-sidebar-call-to-action.default\">\n\t\t\t\t<div class=\"elementor-widget-container\">\n\t\t\t\t\t    <div class=\"service-sidebar__single  wow fadeInUp\" data-wow-delay='500ms'>\r\n        <div class=\"service-sidebar__contact\">\r\n            <h3 class=\"service-sidebar__contact-title\">Soluciones integrales para fibra \u00f3ptica<\/h3>                            <div class=\"service-sidebar__contact-btn\">\r\n                    <a href=\"#\"  class=\"laboix-btn laboix-btn--submite\">\r\n                        Cont\u00e1ctenos                    <\/a>\r\n                <\/div><!-- \/.service-sidebar__contact__icon -->\r\n                        <div class=\"service-sidebar__contact-image\">\r\n                <img decoding=\"async\" src=\"https:\/\/hyltelecom.cl\/wp-content\/uploads\/2026\/02\/tecnico-hyl.png\" alt=\"tecnico-hyl\" title=\"tecnico-hyl\" >            <\/div>\r\n            <div class=\"service-sidebar__contact-angle\">\r\n                <img decoding=\"async\" src=\"https:\/\/hyltelecom.cl\/wp-content\/uploads\/2024\/04\/service-shape.png\" alt=\"service-shape\" title=\"service-shape\" >            <\/div>\r\n        <\/div><!-- \/.service-sidebar__contact -->\r\n    <\/div>\r\n\r\n\r\n\t\t\t\t<\/div>\n\t\t\t\t<\/div>\n\t\t\t\t<\/div>\n\t\t<div class=\"elementor-element elementor-element-b6d0239 e-con-full e-flex e-con e-child\" data-id=\"b6d0239\" data-element_type=\"container\" data-e-type=\"container\">\n\t\t\t\t<div class=\"elementor-element elementor-element-2f6a25e0 elementor-widget elementor-widget-laboix-service-details\" data-id=\"2f6a25e0\" data-element_type=\"widget\" data-e-type=\"widget\" data-widget_type=\"laboix-service-details.default\">\n\t\t\t\t<div class=\"elementor-widget-container\">\n\t\t\t\t\t\t<div class=\"service-details__single\">\r\n\t\t<div class=\"service-details__thumbnail wow fadeInUp\" data-wow-delay='300ms'>\r\n\t\t\t<img decoding=\"async\" src=\"https:\/\/hyltelecom.cl\/wp-content\/uploads\/2026\/04\/fibra-optica2027.jpg\" alt=\"fibra-optica2027\" title=\"fibra-optica2027\" >\t\t<\/div><!-- \/.service-details__thumbnail -->\r\n\t\t<h4 class=\"service-details__title wow fadeInUp\">CONECTIVIDAD CON FIBRA \u00d3PTICA<\/h4>\r\n\t\t<p class=\"service-details__text wow fadeInUp\" data-wow-delay='350ms'>Conoce nuestras alternativas de cables y conectividades para tus proyectos.<\/p>\r\n\r\n\t\t<h3 class=\"service-details__sub-title wow fadeInUp\" data-wow-delay='300ms'>Fibra \u00d3ptica<\/h3><!-- \/.service-details__title -->\r\n\t\t<!-- \/.service-details__text -->\r\n\t\t<p class=\"service-details__text wow fadeInUp\" data-wow-delay='350ms'>La fibra \u00f3ptica es fundamental para las empresas en la era digital. Ofrece una conexi\u00f3n de alta velocidad y confiabilidad, crucial para operaciones comerciales eficientes. Con ancho de banda superior y menor latencia, la fibra \u00f3ptica permite transferir grandes vol\u00famenes de datos de manera r\u00e1pida y segura.<\/p><!-- \/.service-details__text -->\r\n\t<\/div><!-- \/.service-details__single-->\r\n\r\n\t\t\t\t<\/div>\n\t\t\t\t<\/div>\n\t\t\t\t<div class=\"elementor-element elementor-element-1651279 elementor-widget elementor-widget-laboix-features\" data-id=\"1651279\" data-element_type=\"widget\" data-e-type=\"widget\" data-widget_type=\"laboix-features.default\">\n\t\t\t\t<div class=\"elementor-widget-container\">\n\t\t\t\t\t\t<div class=\"service-details__single\">\r\n\t\t<div class=\"service-details__single-inner\">\r\n\t\t\t<h3 class=\"service-details__title\">Ventajas de nuestra fibra \u00f3ptica<\/h3>\t\t\t<div class=\"row gutter-y-30\">\r\n\t\t\t\t\t\t\t\t\t<div class=\"col-md-6\">\r\n\t\t\t\t\t\t<div class=\"service-details__inner-item wow fadeInUp \" data-wow-delay=\"300ms\">\r\n\t\t\t\t\t\t\t<div class=\"item-icon\">\r\n\t\t\t\t\t\t\t\t<div class=\"icon\">\r\n\t\t\t\t\t\t\t\t\t<i aria-hidden=\"true\" class=\"icon-chemistry-1\"><\/i>\t\t\t\t\t\t\t\t<\/div>\r\n\t\t\t\t\t\t\t<\/div>\r\n\t\t\t\t\t\t\t<div class=\"item-content\">\r\n\t\t\t\t\t\t\t\t<h3 class=\"item__title\">\r\n\t\t\t\t\t\t\t\t\t<a href=\"#\" >Calidad y costo<\/a>\r\n\t\t\t\t\t\t\t\t<\/h3>\r\n\t\t\t\t\t\t\t\t<p class=\"item__dec\">La fibra de HYL Telecom cuenta con la mejor calidad y costo operacional.<\/p>\r\n\t\t\t\t\t\t\t<\/div>\r\n\t\t\t\t\t\t<\/div>\r\n\t\t\t\t\t<\/div>\r\n\t\t\t\t\t\t\t\t\t<div class=\"col-md-6\">\r\n\t\t\t\t\t\t<div class=\"service-details__inner-item wow fadeInUp \" data-wow-delay=\"300ms\">\r\n\t\t\t\t\t\t\t<div class=\"item-icon\">\r\n\t\t\t\t\t\t\t\t<div class=\"icon\">\r\n\t\t\t\t\t\t\t\t\t<i aria-hidden=\"true\" class=\" icon-safe\"><\/i>\t\t\t\t\t\t\t\t<\/div>\r\n\t\t\t\t\t\t\t<\/div>\r\n\t\t\t\t\t\t\t<div class=\"item-content\">\r\n\t\t\t\t\t\t\t\t<h3 class=\"item__title\">\r\n\t\t\t\t\t\t\t\t\t<a href=\"#\" >Soporte y garant\u00eda<\/a>\r\n\t\t\t\t\t\t\t\t<\/h3>\r\n\t\t\t\t\t\t\t\t<p class=\"item__dec\">Nuestros profesionales cuentan con todos los conocimientos para entregarle un buen servicio.<\/p>\r\n\t\t\t\t\t\t\t<\/div>\r\n\t\t\t\t\t\t<\/div>\r\n\t\t\t\t\t<\/div>\r\n\t\t\t\t\t\t\t<\/div>\r\n\t\t<\/div>\r\n\t<\/div>\r\n\t\t\t\t<\/div>\n\t\t\t\t<\/div>\n\t\t\t\t<div class=\"elementor-element elementor-element-48ea4117 elementor-widget elementor-widget-laboix-service-details\" data-id=\"48ea4117\" data-element_type=\"widget\" data-e-type=\"widget\" data-widget_type=\"laboix-service-details.default\">\n\t\t\t\t<div class=\"elementor-widget-container\">\n\t\t\t\t\t\r\n\t<div class=\"service-details__single wow fadeInUp\" data-wow-delay='300ms'>\r\n\t\t<div class=\"row align-items-center\">\r\n\t\t\t\t\t\t\t<div class=\"col-md-5\">\r\n\t\t\t\t\t<div class=\"service-details__image__item\">\r\n\t\t\t\t\t\t<img decoding=\"async\" src=\"https:\/\/hyltelecom.cl\/wp-content\/uploads\/2026\/04\/cablefibra03.jpg\" alt=\"cablefibra03\" title=\"cablefibra03\" >\t\t\t\t\t<\/div><!-- \/.service-details__image__circle -->\r\n\t\t\t\t<\/div><!-- \/.col-md-6 -->\r\n\t\t\t\t\t\t<div class=\"col-md-7\">\r\n\t\t\t\t<div class=\"service-details__benefit\">\r\n\t\t\t\t\t<h4 class=\"service-details__benefit__title\">Beneficios de nuestra fibra \u00f3ptica<\/h4>\t\t\t\t\t<p class=\"service-details__benefit__text\">Contamos con una amplia variedad de modelos.<\/p>\r\n\t\t\t\t\t<h4 class=\"service-details__benefit__sub_title\">Producto totalmente garantizado\n<\/h4>\r\n\t\t\t\t\t\t\t\t\t\t\t<ul class=\"list-unstyled service-details__list ml-0\">\r\n\t\t\t\t\t\t\t\t\t\t\t\t\t\t\t<li class=\"service-details__list__item\">\r\n\t\t\t\t\t\t\t\t\t<i aria-hidden=\"true\" class=\"fas fa-check-circle\"><\/i>\t\t\t\t\t\t\t\t\tCables de Fibra \u00d3ptica\t\t\t\t\t\t\t\t<\/li>\r\n\t\t\t\t\t\t\t\t\t\t\t\t\t\t\t<li class=\"service-details__list__item\">\r\n\t\t\t\t\t\t\t\t\t<i aria-hidden=\"true\" class=\"fas fa-check-circle\"><\/i>\t\t\t\t\t\t\t\t\tFerreter\u00eda\t\t\t\t\t\t\t\t<\/li>\r\n\t\t\t\t\t\t\t\t\t\t\t\t\t\t\t<li class=\"service-details__list__item\">\r\n\t\t\t\t\t\t\t\t\t<i aria-hidden=\"true\" class=\"fas fa-check-circle\"><\/i>\t\t\t\t\t\t\t\t\tPlanta Externa\t\t\t\t\t\t\t\t<\/li>\r\n\t\t\t\t\t\t\t\t\t\t\t\t\t<\/ul><!-- \/.list-unstyled team-details__list -->\r\n\t\t\t\t\t\t\t\t\t<\/div>\r\n\t\t\t<\/div><!-- \/.col-md-6 -->\r\n\t\t<\/div><!-- \/.row -->\r\n\t<\/div><!-- \/.service-details__single-->\r\n\r\n\r\n\t\t\t\t<\/div>\n\t\t\t\t<\/div>\n\t\t\t\t<div class=\"elementor-element elementor-element-2fe730e1 elementor-widget elementor-widget-laboix-faq\" data-id=\"2fe730e1\" data-element_type=\"widget\" data-e-type=\"widget\" data-widget_type=\"laboix-faq.default\">\n\t\t\t\t<div class=\"elementor-widget-container\">\n\t\t\t\t\t    <div class=\"service-details__single\">\r\n        <div class=\"faq-page__accordion laboix-accrodion\" data-grp-name=\"laboix-accrodion\">\r\n                            <div class=\"accrodion active\">\r\n                    <div class=\"accrodion-title\">\r\n                        <h4 class=\"accrodion-title__text\">Cables de Fibra \u00d3ptica<span class=\"accrodion-title__icon\"><\/span> <\/h4>\r\n                    <\/div><!-- \/.accordian-title -->\r\n                    <div class=\"accrodion-content\">\r\n                        <div class=\"inner\">\r\n                            <p class=\"inner__text\">Descubre la potencia de los cables de fibra \u00f3ptica, compuestos por filamentos de vidrio. Estos cables son la columna vertebral de las redes de telecomunicaciones, permitiendo el transporte eficiente de grandes vol\u00famenes de datos a largas distancias. Conf\u00eda en nuestra tecnolog\u00eda para una conectividad r\u00e1pida y confiable en tu empresa. Contamos con soluciones como: Drop, Adss Mono Modo y Multimodo, Pre Conectorizados, Rider y Opgw, Cable Adss, Soterrado, Ducto, Multiprop\u00f3sito (Para uso interior y exterior) y Cable Riser.<\/p>\r\n                        <\/div><!-- \/.accordian-content -->\r\n                    <\/div>\r\n                <\/div><!-- \/.accordian-item -->\r\n                            <div class=\"accrodion \">\r\n                    <div class=\"accrodion-title\">\r\n                        <h4 class=\"accrodion-title__text\">Ferreter\u00eda<span class=\"accrodion-title__icon\"><\/span> <\/h4>\r\n                    <\/div><!-- \/.accordian-title -->\r\n                    <div class=\"accrodion-content\">\r\n                        <div class=\"inner\">\r\n                            <p class=\"inner__text\">Descubre nuestra selecci\u00f3n de herrajes galvanizados o de aluminio, dise\u00f1ados para sujetar cables \u00f3pticos en postes de alta y baja tensi\u00f3n. Garantizamos la seguridad y estabilidad de tus redes de telecomunicaciones con nuestros productos de alta calidad. Optimiza tu infraestructura con nuestra amplia gama de herrajes especializados. Tenemos Soluciones como Preformadas, Flejes, Hebillas, Cables Mensajeros, Crucetas, Canastillos, Abrazaderas, Amortiguadores, Extensi\u00f3n de Aro, Soporte Adss, Anillas, Ferreter\u00eda Opgw y Ferreter\u00eda Menor.<\/p>\r\n                        <\/div><!-- \/.accordian-content -->\r\n                    <\/div>\r\n                <\/div><!-- \/.accordian-item -->\r\n                            <div class=\"accrodion \">\r\n                    <div class=\"accrodion-title\">\r\n                        <h4 class=\"accrodion-title__text\">Planta Externa<span class=\"accrodion-title__icon\"><\/span> <\/h4>\r\n                    <\/div><!-- \/.accordian-title -->\r\n                    <div class=\"accrodion-content\">\r\n                        <div class=\"inner\">\r\n                            <p class=\"inner__text\">Descubre nuestra gama de productos pasivos de fibra \u00f3ptica dise\u00f1ados espec\u00edficamente para su integraci\u00f3n en la planta externa de infraestructuras de telecomunicaciones. Garantizamos la protecci\u00f3n adecuada para enfrentar las condiciones ambientales externas, asegurando una conectividad confiable y duradera en cualquier entorno. Contamos con soluciones como: Cto\/Nap, Mufas y Splitter.<\/p>\r\n                        <\/div><!-- \/.accordian-content -->\r\n                    <\/div>\r\n                <\/div><!-- \/.accordian-item -->\r\n                            <div class=\"accrodion \">\r\n                    <div class=\"accrodion-title\">\r\n                        <h4 class=\"accrodion-title__text\">Accesorios de conectividad<span class=\"accrodion-title__icon\"><\/span> <\/h4>\r\n                    <\/div><!-- \/.accordian-title -->\r\n                    <div class=\"accrodion-content\">\r\n                        <div class=\"inner\">\r\n                            <p class=\"inner__text\">Contamos con un amplio mix de productos para pasivos de fibra \u00f3ptica dentro de una ODN (Red de distribuci\u00f3n \u00f3ptica) y tambi\u00e9n para los centros de datos tales como: Velcros, Accesorios ODF, Atenuadores, Jumper, Pigtail, ODF y Adaptadores.<\/p>\r\n                        <\/div><!-- \/.accordian-content -->\r\n                    <\/div>\r\n                <\/div><!-- \/.accordian-item -->\r\n                    <\/div>\r\n    <\/div><!-- \/ -->\r\n\t\t\t\t<\/div>\n\t\t\t\t<\/div>\n\t\t\t\t<\/div>\n\t\t\t\t\t<\/div>\n\t\t\t\t<\/div>\n\t\t\t\t<\/div>\n\t\t","protected":false},"excerpt":{"rendered":"<p>Nuestros servicios Implementaci\u00f3n de redes fibra \u00f3ptica Cableado Estructurado Conectividad con fibra \u00f3ptica Soluciones integrales para fibra \u00f3ptica Cont\u00e1ctenos CONECTIVIDAD CON FIBRA \u00d3PTICA Conoce nuestras alternativas de cables y conectividades para tus proyectos. Fibra \u00d3ptica La fibra \u00f3ptica es fundamental para las empresas en la era digital. Ofrece una conexi\u00f3n de alta velocidad y confiabilidad, [&hellip;]<\/p>\n","protected":false},"author":1,"featured_media":0,"parent":0,"menu_order":0,"comment_status":"closed","ping_status":"closed","template":"elementor_header_footer","meta":{"_joinchat":[],"footnotes":""},"class_list":["post-90","page","type-page","status-publish","hentry"],"jetpack_sharing_enabled":true,"_links":{"self":[{"href":"https:\/\/hyltelecom.cl\/en\/wp-json\/wp\/v2\/pages\/90","targetHints":{"allow":["GET"]}}],"collection":[{"href":"https:\/\/hyltelecom.cl\/en\/wp-json\/wp\/v2\/pages"}],"about":[{"href":"https:\/\/hyltelecom.cl\/en\/wp-json\/wp\/v2\/types\/page"}],"author":[{"embeddable":true,"href":"https:\/\/hyltelecom.cl\/en\/wp-json\/wp\/v2\/users\/1"}],"replies":[{"embeddable":true,"href":"https:\/\/hyltelecom.cl\/en\/wp-json\/wp\/v2\/comments?post=90"}],"version-history":[{"count":28,"href":"https:\/\/hyltelecom.cl\/en\/wp-json\/wp\/v2\/pages\/90\/revisions"}],"predecessor-version":[{"id":4733,"href":"https:\/\/hyltelecom.cl\/en\/wp-json\/wp\/v2\/pages\/90\/revisions\/4733"}],"wp:attachment":[{"href":"https:\/\/hyltelecom.cl\/en\/wp-json\/wp\/v2\/media?parent=90"}],"curies":[{"name":"wp","href":"https:\/\/api.w.org\/{rel}","templated":true}]}}