{"id":1001,"date":"2024-08-13T00:31:36","date_gmt":"2024-08-13T00:31:36","guid":{"rendered":"http:\/\/ienet-demo.local\/?post_type=product&#038;p=1001"},"modified":"2026-03-31T03:37:37","modified_gmt":"2026-03-31T03:37:37","slug":"2-5mm-sc-st-fc-lapiz-limpieza-fibra-optica-ferrule","status":"publish","type":"product","link":"https:\/\/hyltelecom.cl\/en\/catalogo-hyl-telecom\/2-5mm-sc-st-fc-lapiz-limpieza-fibra-optica-ferrule\/","title":{"rendered":"2.5mm SC\/ST\/FC L\u00e1piz limpieza fibra \u00f3ptica ferrule"},"content":{"rendered":"<ul>\n<li><span lang=\"es\"><span id=\"result_box\" lang=\"es\">F\u00e1cil movimiento de empuje<\/span><\/span><\/li>\n<\/ul>\n<ul>\n<li><span lang=\"es\"><span id=\"result_box\" lang=\"es\">800 limpiezas por unidad<\/span><\/span><\/li>\n<\/ul>\n<ul>\n<li><span lang=\"es\"><span id=\"result_box\" lang=\"es\">Fabricado con resina antiest\u00e1tica<\/span><\/span><\/li>\n<\/ul>\n<ul>\n<li><span lang=\"es\"><span id=\"result_box\" lang=\"es\">Punta extensible para acceder a los conectores<\/span><\/span><\/li>\n<\/ul>\n","protected":false},"excerpt":{"rendered":"<p>Elimina la suciedad del conector \u00f3ptico con facilidad ,no produce polvo, y proporciona una fuerza especial de limpieza cuando se resisten las part\u00edculas extra\u00f1as.\u00a0<span id=\"result_box\" lang=\"es\">Limpiador de fibra \u00f3ptica tipo l\u00e1piz est\u00e1 dise\u00f1ado para funcionar especialmente bien con los conectores 2.5mm SC\/ST\/FC, este instrumento limpia las superficies frontales de la f\u00e9rula de polvo, aceite,y otros desechos sin mellar o rayar la superficie frontal.<\/span><\/p>\n","protected":false},"featured_media":4290,"template":"","meta":{"_joinchat":[]},"product_brand":[88],"product_cat":[85,15],"product_tag":[],"class_list":{"0":"post-1001","1":"product","2":"type-product","3":"status-publish","4":"has-post-thumbnail","6":"product_brand-skynet","7":"product_cat-herramientas-fibra-optica","8":"product_cat-todas-las-categorias","10":"first","11":"instock","12":"shipping-taxable","13":"product-type-simple"},"jetpack_sharing_enabled":true,"_links":{"self":[{"href":"https:\/\/hyltelecom.cl\/en\/wp-json\/wp\/v2\/product\/1001","targetHints":{"allow":["GET"]}}],"collection":[{"href":"https:\/\/hyltelecom.cl\/en\/wp-json\/wp\/v2\/product"}],"about":[{"href":"https:\/\/hyltelecom.cl\/en\/wp-json\/wp\/v2\/types\/product"}],"version-history":[{"count":2,"href":"https:\/\/hyltelecom.cl\/en\/wp-json\/wp\/v2\/product\/1001\/revisions"}],"predecessor-version":[{"id":4289,"href":"https:\/\/hyltelecom.cl\/en\/wp-json\/wp\/v2\/product\/1001\/revisions\/4289"}],"wp:featuredmedia":[{"embeddable":true,"href":"https:\/\/hyltelecom.cl\/en\/wp-json\/wp\/v2\/media\/4290"}],"wp:attachment":[{"href":"https:\/\/hyltelecom.cl\/en\/wp-json\/wp\/v2\/media?parent=1001"}],"wp:term":[{"taxonomy":"product_brand","embeddable":true,"href":"https:\/\/hyltelecom.cl\/en\/wp-json\/wp\/v2\/product_brand?post=1001"},{"taxonomy":"product_cat","embeddable":true,"href":"https:\/\/hyltelecom.cl\/en\/wp-json\/wp\/v2\/product_cat?post=1001"},{"taxonomy":"product_tag","embeddable":true,"href":"https:\/\/hyltelecom.cl\/en\/wp-json\/wp\/v2\/product_tag?post=1001"}],"curies":[{"name":"wp","href":"https:\/\/api.w.org\/{rel}","templated":true}]}}