{"id":4465,"date":"2026-04-02T07:57:09","date_gmt":"2026-04-02T07:57:09","guid":{"rendered":"https:\/\/hyltelecom.cl\/?post_type=product&#038;p=4465"},"modified":"2026-04-02T07:57:09","modified_gmt":"2026-04-02T07:57:09","slug":"alcohol-isopropilico-1-litro","status":"publish","type":"product","link":"https:\/\/hyltelecom.cl\/en\/catalogo-hyl-telecom\/alcohol-isopropilico-1-litro\/","title":{"rendered":"ALCOHOL ISOPROPILICO 1 LITRO"},"content":{"rendered":"<p>Alcohol isoprop\u00edlico, tambi\u00e9n conocido como IPA, es un compuesto qu\u00edmico incoloro, inflamable y miscible con el agua.<br \/>\nDisolvente para aceites esenciales, alcaloides, gomas, resinas, etc.<br \/>\nDisolvente latente para derivados de la celulosa, agente anti-coagulante para combustibles l\u00edquidos.<\/p>\n<p>SEGURIDAD<br \/>\n-Producto inflamable, no almacene o mezcle con oxidantes fuertes, tales como cloro l\u00edquido y ox\u00edgeno concentrado.<br \/>\n-No manipule o almacene cerca de llamas abiertas, calor, chispas, requiere ventilaci\u00f3n adecuada.<br \/>\n-Es irritante para la piel y v\u00edas respiratorias.<\/p>\n<p>Mantener fuera del alcance de los ni\u00f1os.<\/p>\n","protected":false},"excerpt":{"rendered":"<p>Alcohol isoprop\u00edlico, tambi\u00e9n conocido como IPA, es un compuesto qu\u00edmico incoloro, inflamable y miscible con el agua.<br \/>\nDisolvente para aceites esenciales, alcaloides, gomas, resinas, etc.<br \/>\nDisolvente latente para derivados de la celulosa, agente anti-coagulante para combustibles l\u00edquidos.<\/p>\n","protected":false},"featured_media":4466,"template":"","meta":{"_joinchat":[]},"product_brand":[88],"product_cat":[85,15],"product_tag":[],"class_list":{"0":"post-4465","1":"product","2":"type-product","3":"status-publish","4":"has-post-thumbnail","6":"product_brand-skynet","7":"product_cat-herramientas-fibra-optica","8":"product_cat-todas-las-categorias","10":"first","11":"instock","12":"shipping-taxable","13":"product-type-simple"},"jetpack_sharing_enabled":true,"_links":{"self":[{"href":"https:\/\/hyltelecom.cl\/en\/wp-json\/wp\/v2\/product\/4465","targetHints":{"allow":["GET"]}}],"collection":[{"href":"https:\/\/hyltelecom.cl\/en\/wp-json\/wp\/v2\/product"}],"about":[{"href":"https:\/\/hyltelecom.cl\/en\/wp-json\/wp\/v2\/types\/product"}],"version-history":[{"count":1,"href":"https:\/\/hyltelecom.cl\/en\/wp-json\/wp\/v2\/product\/4465\/revisions"}],"predecessor-version":[{"id":4467,"href":"https:\/\/hyltelecom.cl\/en\/wp-json\/wp\/v2\/product\/4465\/revisions\/4467"}],"wp:featuredmedia":[{"embeddable":true,"href":"https:\/\/hyltelecom.cl\/en\/wp-json\/wp\/v2\/media\/4466"}],"wp:attachment":[{"href":"https:\/\/hyltelecom.cl\/en\/wp-json\/wp\/v2\/media?parent=4465"}],"wp:term":[{"taxonomy":"product_brand","embeddable":true,"href":"https:\/\/hyltelecom.cl\/en\/wp-json\/wp\/v2\/product_brand?post=4465"},{"taxonomy":"product_cat","embeddable":true,"href":"https:\/\/hyltelecom.cl\/en\/wp-json\/wp\/v2\/product_cat?post=4465"},{"taxonomy":"product_tag","embeddable":true,"href":"https:\/\/hyltelecom.cl\/en\/wp-json\/wp\/v2\/product_tag?post=4465"}],"curies":[{"name":"wp","href":"https:\/\/api.w.org\/{rel}","templated":true}]}}