{"id":4468,"date":"2026-04-02T07:59:53","date_gmt":"2026-04-02T07:59:53","guid":{"rendered":"https:\/\/hyltelecom.cl\/?post_type=product&#038;p=4468"},"modified":"2026-04-02T07:59:53","modified_gmt":"2026-04-02T07:59:53","slug":"alcohol-isopropilico-1-litro-quimica-universal","status":"publish","type":"product","link":"https:\/\/hyltelecom.cl\/en\/catalogo-hyl-telecom\/alcohol-isopropilico-1-litro-quimica-universal\/","title":{"rendered":"ALCOHOL ISOPROPILICO 1 LITRO QUIMICA UNIVERSAL"},"content":{"rendered":"<div>\n<p><span lang=\"ES-CL\">El\u00a0<\/span><strong>alcohol isoprop\u00edlico<\/strong>, tambi\u00e9n llamado isopropanol, se emplea para diferentes fines, siendo los m\u00e1s habituales los relacionados con la limpieza y la desinfecci\u00f3n. Pero estos no son sus \u00fanicos usos del alcohol isoprop\u00edlico, ya que se trata de un producto con numerosas aplicaciones tambi\u00e9n en el \u00e1mbito industrial. Algo que debes tener muy en cuenta a la hora de usar este alcohol, es que se trata de un producto inflamable, por lo que resulta fundamental emplearlo con cuidado.<\/p>\n<p><span lang=\"ES-CL\">El alcohol isoprop\u00edlico\u00a0<\/span>es un l\u00edquido transparente que se utiliza como disolvente de limpieza, agente intermedio en procesos industriales, usos sanitarios y como aditivo de combustibles.<\/p>\n<\/div>\n<div><\/div>\n<div>DESCRIPCI\u00d3N:- propanol o Alcohol isoprop\u00edlico es un alcohol inflamable e intenso aroma. Este nace del propano, por lo que puede extraerse de combustibles f\u00f3siles como el carb\u00f3n, el petr\u00f3leo o el gas natural.<\/div>\n<div><\/div>\n<div>APLICACI\u00d3N Desengrasa y elimina suciedad en cocinas y ba\u00f1os. Para limpieza de ventanas, espejos, eliminar manchas de pegamento, material gr\u00e1fico, vinilos.<\/div>\n<div><\/div>\n<div>MODO DE USO Empapar sobre un pa\u00f1o y limpiar la superficie a tratar.<\/div>\n<div><\/div>\n<div>RECOMENDACIONES Este alcohol se recomienda manipularlo con cuidado y no ingerirlo, ya que puede causar somnolencia, inconciencia, dolor gastrointestinal, calambres, n\u00e1useas, v\u00f3mitos, diarrea, dolor de cabeza, v\u00e9rtigo, y muchas m\u00e1s dolencias. Almacenar en lugares bien ventilados, resguardados de la luz solar directa. Duraci\u00f3n indefinida<\/div>\n","protected":false},"excerpt":{"rendered":"<p>ALCOHOL ISOPROPILICO 1 LITRO QUIMICA UNIVERSAL El alcohol isoprop\u00edlico , tambi\u00e9n llamado isopropanol<\/p>\n","protected":false},"featured_media":4469,"template":"","meta":{"_joinchat":[]},"product_brand":[88],"product_cat":[85,15],"product_tag":[114],"class_list":{"0":"post-4468","1":"product","2":"type-product","3":"status-publish","4":"has-post-thumbnail","6":"product_brand-skynet","7":"product_cat-herramientas-fibra-optica","8":"product_cat-todas-las-categorias","9":"product_tag-alcohol-isopropilico-1-litro-quimica-universal","11":"first","12":"instock","13":"shipping-taxable","14":"product-type-simple"},"jetpack_sharing_enabled":true,"_links":{"self":[{"href":"https:\/\/hyltelecom.cl\/en\/wp-json\/wp\/v2\/product\/4468","targetHints":{"allow":["GET"]}}],"collection":[{"href":"https:\/\/hyltelecom.cl\/en\/wp-json\/wp\/v2\/product"}],"about":[{"href":"https:\/\/hyltelecom.cl\/en\/wp-json\/wp\/v2\/types\/product"}],"version-history":[{"count":1,"href":"https:\/\/hyltelecom.cl\/en\/wp-json\/wp\/v2\/product\/4468\/revisions"}],"predecessor-version":[{"id":4470,"href":"https:\/\/hyltelecom.cl\/en\/wp-json\/wp\/v2\/product\/4468\/revisions\/4470"}],"wp:featuredmedia":[{"embeddable":true,"href":"https:\/\/hyltelecom.cl\/en\/wp-json\/wp\/v2\/media\/4469"}],"wp:attachment":[{"href":"https:\/\/hyltelecom.cl\/en\/wp-json\/wp\/v2\/media?parent=4468"}],"wp:term":[{"taxonomy":"product_brand","embeddable":true,"href":"https:\/\/hyltelecom.cl\/en\/wp-json\/wp\/v2\/product_brand?post=4468"},{"taxonomy":"product_cat","embeddable":true,"href":"https:\/\/hyltelecom.cl\/en\/wp-json\/wp\/v2\/product_cat?post=4468"},{"taxonomy":"product_tag","embeddable":true,"href":"https:\/\/hyltelecom.cl\/en\/wp-json\/wp\/v2\/product_tag?post=4468"}],"curies":[{"name":"wp","href":"https:\/\/api.w.org\/{rel}","templated":true}]}}