{"id":4474,"date":"2026-04-02T08:05:22","date_gmt":"2026-04-02T08:05:22","guid":{"rendered":"https:\/\/hyltelecom.cl\/?post_type=product&#038;p=4474"},"modified":"2026-04-02T08:05:22","modified_gmt":"2026-04-02T08:05:22","slug":"amarras-amarillas-con-etiqueta","status":"publish","type":"product","link":"https:\/\/hyltelecom.cl\/en\/catalogo-hyl-telecom\/amarras-amarillas-con-etiqueta\/","title":{"rendered":"AMARRAS AMARILLAS CON ETIQUETA"},"content":{"rendered":"<table class=\"table table-bordered\">\n<tbody>\n<tr>\n<td><strong>Composici\u00f3n<\/strong><\/td>\n<td>Nylon 6.6 alta resistencia<\/td>\n<\/tr>\n<tr>\n<td><strong>Color<\/strong><\/td>\n<td>Amarilla<\/td>\n<\/tr>\n<tr>\n<td><strong>Temperatura de instalaci\u00f3n:<\/strong><\/td>\n<td>-10\u00b0C a + 85\u00b0C<\/td>\n<\/tr>\n<tr>\n<td><strong>Temperatura de trabajo<\/strong><\/td>\n<td>-40\u00b0C a +85\u00b0C<\/td>\n<\/tr>\n<\/tbody>\n<\/table>\n<p>&nbsp;<\/p>\n<p>Medidas Disponibles<\/p>\n<table dir=\"ltr\" border=\"1\" cellspacing=\"0\" cellpadding=\"0\">\n<tbody>\n<tr>\n<td><span class=\"il\">AMARRA<\/span>\u00a0AMARILLA 150MM CON ETIQUETA AMARILLA<\/td>\n<\/tr>\n<tr>\n<td><span class=\"il\">AMARRA<\/span>\u00a0AMARILLA 200 MM CON ETIQUETA<\/td>\n<\/tr>\n<\/tbody>\n<\/table>\n","protected":false},"excerpt":{"rendered":"<p>Amarra cable con etiqueta para identificaci\u00f3n cruzada, est\u00e1n fabricadas con nylon de alta resistencia y flexibilidad, moldeado por inyecci\u00f3n, con bordes redondeados, pueden ser aplicadas para el amarre, ordenamiento o sujeci\u00f3n de cables y muchas otras aplicaciones, para lo cual se ofrece una amplia variedad para m\u00faltiples requerimientos, asegurando tu instalaci\u00f3n f\u00e1cil y r\u00e1pido.<\/p>\n","protected":false},"featured_media":4475,"template":"","meta":{"_joinchat":[]},"product_brand":[88],"product_cat":[85,15],"product_tag":[116],"class_list":{"0":"post-4474","1":"product","2":"type-product","3":"status-publish","4":"has-post-thumbnail","6":"product_brand-skynet","7":"product_cat-herramientas-fibra-optica","8":"product_cat-todas-las-categorias","9":"product_tag-amarras-plasticas","11":"first","12":"instock","13":"shipping-taxable","14":"product-type-simple"},"jetpack_sharing_enabled":true,"_links":{"self":[{"href":"https:\/\/hyltelecom.cl\/en\/wp-json\/wp\/v2\/product\/4474","targetHints":{"allow":["GET"]}}],"collection":[{"href":"https:\/\/hyltelecom.cl\/en\/wp-json\/wp\/v2\/product"}],"about":[{"href":"https:\/\/hyltelecom.cl\/en\/wp-json\/wp\/v2\/types\/product"}],"version-history":[{"count":1,"href":"https:\/\/hyltelecom.cl\/en\/wp-json\/wp\/v2\/product\/4474\/revisions"}],"predecessor-version":[{"id":4476,"href":"https:\/\/hyltelecom.cl\/en\/wp-json\/wp\/v2\/product\/4474\/revisions\/4476"}],"wp:featuredmedia":[{"embeddable":true,"href":"https:\/\/hyltelecom.cl\/en\/wp-json\/wp\/v2\/media\/4475"}],"wp:attachment":[{"href":"https:\/\/hyltelecom.cl\/en\/wp-json\/wp\/v2\/media?parent=4474"}],"wp:term":[{"taxonomy":"product_brand","embeddable":true,"href":"https:\/\/hyltelecom.cl\/en\/wp-json\/wp\/v2\/product_brand?post=4474"},{"taxonomy":"product_cat","embeddable":true,"href":"https:\/\/hyltelecom.cl\/en\/wp-json\/wp\/v2\/product_cat?post=4474"},{"taxonomy":"product_tag","embeddable":true,"href":"https:\/\/hyltelecom.cl\/en\/wp-json\/wp\/v2\/product_tag?post=4474"}],"curies":[{"name":"wp","href":"https:\/\/api.w.org\/{rel}","templated":true}]}}