{"id":4491,"date":"2026-04-03T03:51:54","date_gmt":"2026-04-03T03:51:54","guid":{"rendered":"https:\/\/hyltelecom.cl\/?post_type=product&#038;p=4491"},"modified":"2026-04-03T03:51:54","modified_gmt":"2026-04-03T03:51:54","slug":"amarras-plasticas-blancas","status":"publish","type":"product","link":"https:\/\/hyltelecom.cl\/en\/catalogo-hyl-telecom\/amarras-plasticas-blancas\/","title":{"rendered":"AMARRAS PLASTICAS BLANCAS"},"content":{"rendered":"<p>Estas amarras pl\u00e1sticas son muy f\u00e1ciles de utilizar, simplemente se inserta la punta en el orificio y se jala hasta que est\u00e9 bien ajustado. Tambi\u00e9n pueden ser cortadas para adaptarse a la longitud deseada.<\/p>\n<p>Disponibles en las siguientes medidas<\/p>\n<p>Color: Blancas<\/p>\n<table dir=\"ltr\" border=\"1\" width=\"402\" cellspacing=\"0\" cellpadding=\"0\">\n<tbody>\n<tr>\n<td><span class=\"il\">AMARRA<\/span>\u00a0BLANCA 150 MM x 2.5MM<\/td>\n<\/tr>\n<tr>\n<td><span class=\"il\">AMARRA<\/span>\u00a0BLANCA 150 X 3.5MM<\/td>\n<\/tr>\n<tr>\n<td><span class=\"il\">AMARRA<\/span>\u00a0BLANCA 200 MM X 3,5MM<\/td>\n<\/tr>\n<tr>\n<td><span class=\"il\">AMARRA<\/span>\u00a0BLANCA 203 MM X 3,6 MM<\/td>\n<\/tr>\n<tr>\n<td><span class=\"il\">AMARRA<\/span>\u00a0BLANCA 300 MM X 4,5 MM<\/td>\n<\/tr>\n<tr>\n<td><span class=\"il\">AMARRA<\/span>\u00a0BLANCA 350X8MM<\/td>\n<\/tr>\n<tr>\n<td><span class=\"il\">AMARRA<\/span>\u00a0BLANCA 370 MM X 3,6 MM<\/td>\n<\/tr>\n<tr>\n<td><span class=\"il\">AMARRA<\/span>\u00a0BLANCA 550 MM X 9 MM<\/td>\n<\/tr>\n<tr>\n<td><span class=\"il\">AMARRA<\/span>\u00a0BLANCA 920 MM X 9 MM<\/td>\n<\/tr>\n<\/tbody>\n<\/table>\n","protected":false},"excerpt":{"rendered":"<p>Las Amarras Pl\u00e1sticas son una soluci\u00f3n pr\u00e1ctica y duradera para asegurar cables, mangueras, tubos y otros objetos en cualquier entorno. Fabricadas con material pl\u00e1stico de alta resistencia, estas amarras son resistentes al desgaste y al desgarro, lo que las hace ideales para su uso en aplicaciones industriales, comerciales y dom\u00e9sticas.<\/p>\n","protected":false},"featured_media":4492,"template":"","meta":{"_joinchat":[]},"product_brand":[88],"product_cat":[83,15],"product_tag":[116],"class_list":{"0":"post-4491","1":"product","2":"type-product","3":"status-publish","4":"has-post-thumbnail","6":"product_brand-skynet","7":"product_cat-ferreteria-fibra-optica","8":"product_cat-todas-las-categorias","9":"product_tag-amarras-plasticas","11":"first","12":"instock","13":"shipping-taxable","14":"product-type-simple"},"jetpack_sharing_enabled":true,"_links":{"self":[{"href":"https:\/\/hyltelecom.cl\/en\/wp-json\/wp\/v2\/product\/4491","targetHints":{"allow":["GET"]}}],"collection":[{"href":"https:\/\/hyltelecom.cl\/en\/wp-json\/wp\/v2\/product"}],"about":[{"href":"https:\/\/hyltelecom.cl\/en\/wp-json\/wp\/v2\/types\/product"}],"version-history":[{"count":1,"href":"https:\/\/hyltelecom.cl\/en\/wp-json\/wp\/v2\/product\/4491\/revisions"}],"predecessor-version":[{"id":4493,"href":"https:\/\/hyltelecom.cl\/en\/wp-json\/wp\/v2\/product\/4491\/revisions\/4493"}],"wp:featuredmedia":[{"embeddable":true,"href":"https:\/\/hyltelecom.cl\/en\/wp-json\/wp\/v2\/media\/4492"}],"wp:attachment":[{"href":"https:\/\/hyltelecom.cl\/en\/wp-json\/wp\/v2\/media?parent=4491"}],"wp:term":[{"taxonomy":"product_brand","embeddable":true,"href":"https:\/\/hyltelecom.cl\/en\/wp-json\/wp\/v2\/product_brand?post=4491"},{"taxonomy":"product_cat","embeddable":true,"href":"https:\/\/hyltelecom.cl\/en\/wp-json\/wp\/v2\/product_cat?post=4491"},{"taxonomy":"product_tag","embeddable":true,"href":"https:\/\/hyltelecom.cl\/en\/wp-json\/wp\/v2\/product_tag?post=4491"}],"curies":[{"name":"wp","href":"https:\/\/api.w.org\/{rel}","templated":true}]}}