{"id":4494,"date":"2026-04-03T03:54:52","date_gmt":"2026-04-03T03:54:52","guid":{"rendered":"https:\/\/hyltelecom.cl\/?post_type=product&#038;p=4494"},"modified":"2026-04-03T03:54:52","modified_gmt":"2026-04-03T03:54:52","slug":"laucha-pasacable-70mts-x-6mm","status":"publish","type":"product","link":"https:\/\/hyltelecom.cl\/en\/catalogo-hyl-telecom\/laucha-pasacable-70mts-x-6mm\/","title":{"rendered":"LAUCHA PASACABLE 70MTS X 6MM"},"content":{"rendered":"<p>Las Laucha pasacable est\u00e1n especialmente dise\u00f1adas para el tendido de cables en obras exteriores de red, alumbrado p\u00fablico, semaforizaci\u00f3n y comunicaciones. Se proveen en un contenedor enrollable para facilitar su uso y alargar la vida \u00fatil de las mismas. Todas las cintas poseen punteras intercambiables, roscables, para la utilizaci\u00f3n de los accesorios de acuerdo a las necesidades del trabajo. Se fabrican en fibra de vidrio<\/p>\n<p>&nbsp;<\/p>\n<p>Presentaci\u00f3n en : 50mts<\/p>\n<p>Fabricaci\u00f3n: Fibra de Vidrio<\/p>\n","protected":false},"excerpt":{"rendered":"<p>Las cintas pasa-cables (lauchas) est\u00e1n especialmente dise\u00f1adas para el tendido de cables en obras exteriores de red, alumbrado p\u00fablico, semaforizaci\u00f3n y comunicaciones.<\/p>\n","protected":false},"featured_media":4495,"template":"","meta":{"_joinchat":[]},"product_brand":[88],"product_cat":[85,15],"product_tag":[117],"class_list":{"0":"post-4494","1":"product","2":"type-product","3":"status-publish","4":"has-post-thumbnail","6":"product_brand-skynet","7":"product_cat-herramientas-fibra-optica","8":"product_cat-todas-las-categorias","9":"product_tag-laucha-pasacable-70mts-x-6mm","11":"first","12":"instock","13":"shipping-taxable","14":"product-type-simple"},"jetpack_sharing_enabled":true,"_links":{"self":[{"href":"https:\/\/hyltelecom.cl\/en\/wp-json\/wp\/v2\/product\/4494","targetHints":{"allow":["GET"]}}],"collection":[{"href":"https:\/\/hyltelecom.cl\/en\/wp-json\/wp\/v2\/product"}],"about":[{"href":"https:\/\/hyltelecom.cl\/en\/wp-json\/wp\/v2\/types\/product"}],"version-history":[{"count":1,"href":"https:\/\/hyltelecom.cl\/en\/wp-json\/wp\/v2\/product\/4494\/revisions"}],"predecessor-version":[{"id":4496,"href":"https:\/\/hyltelecom.cl\/en\/wp-json\/wp\/v2\/product\/4494\/revisions\/4496"}],"wp:featuredmedia":[{"embeddable":true,"href":"https:\/\/hyltelecom.cl\/en\/wp-json\/wp\/v2\/media\/4495"}],"wp:attachment":[{"href":"https:\/\/hyltelecom.cl\/en\/wp-json\/wp\/v2\/media?parent=4494"}],"wp:term":[{"taxonomy":"product_brand","embeddable":true,"href":"https:\/\/hyltelecom.cl\/en\/wp-json\/wp\/v2\/product_brand?post=4494"},{"taxonomy":"product_cat","embeddable":true,"href":"https:\/\/hyltelecom.cl\/en\/wp-json\/wp\/v2\/product_cat?post=4494"},{"taxonomy":"product_tag","embeddable":true,"href":"https:\/\/hyltelecom.cl\/en\/wp-json\/wp\/v2\/product_tag?post=4494"}],"curies":[{"name":"wp","href":"https:\/\/api.w.org\/{rel}","templated":true}]}}