{"id":4497,"date":"2026-04-03T03:57:20","date_gmt":"2026-04-03T03:57:20","guid":{"rendered":"https:\/\/hyltelecom.cl\/?post_type=product&#038;p=4497"},"modified":"2026-04-03T03:57:20","modified_gmt":"2026-04-03T03:57:20","slug":"mufa-fibra-optica-domo-15","status":"publish","type":"product","link":"https:\/\/hyltelecom.cl\/en\/catalogo-hyl-telecom\/mufa-fibra-optica-domo-15\/","title":{"rendered":"MUFA FIBRA OPTICA DOMO 1+5"},"content":{"rendered":"<p>Los cierres de empalme de fibra \u00f3ptica (MUFA) se aplican ampliamente para la conexi\u00f3n de cable \u00f3ptico. El material de la c\u00fapula mezcla un agente qu\u00edmico para resistir la corrosi\u00f3n y el envejecimiento y tambi\u00e9n brinda protecci\u00f3n contra los rayos ultravioleta.<\/p>\n<p>&nbsp;<\/p>\n<p>Esta mufa \u00a0puede acomodar hasta 9 bandejas de empalme. (216 fibras en total) <strong>version disponible de 192 Fibras \u2013 8 bandejas<\/strong><\/p>\n<ol>\n<li>Cierre termopl\u00e1stico de un solo extremo<\/li>\n<li>Fabricado mezclando el material importado y otro agente auxiliar qu\u00edmico (resistencia al envejecimiento y resistencia a la radiaci\u00f3n ultravioleta), aumento de la vida \u00fatil<\/li>\n<li>Los sellos de la base al domo en FOSC son mec\u00e1nicos y termorretr\u00e1ctiles para facilitar la instalaci\u00f3n y el reingreso. No se necesita otra cinta adhesiva de sellado.<\/li>\n<li>Base y c\u00fapula selladas con abrazadera y sistema de junta t\u00f3rica<\/li>\n<li>Las bandejas de empalme tienen bisagras para acceder a cualquier empalme sin molestar a otras bandejas<\/li>\n<li>Las partes internas y las piezas de fijaci\u00f3n est\u00e1n hechas de acero inoxidable.<\/li>\n<li>FOSC con un dispositivo de puesta a tierra lo protege de da\u00f1os por rayos<\/li>\n<li>Compatible con la mayor\u00eda de los tipos de cable (fibra \u00fanica o cinta) y construcciones de cable (tubo holgado, n\u00facleo central, n\u00facleo ranurado, modular). El producto se puede utilizar en cualquier entorno (a\u00e9reo, enterrado, pozo de mano, pozo de acceso) y en muchas aplicaciones (derivaci\u00f3n, extracci\u00f3n, derivaci\u00f3n y reparaci\u00f3n)<\/li>\n<li>\u00a0No se necesitan herramientas especiales para abrir el cierre, y se puede abrir y usar repetidamente.<\/li>\n<\/ol>\n<p>&nbsp;<\/p>\n<p><strong>Par\u00e1metros t\u00e9cnicos:<\/strong><strong>\u00a0<\/strong><\/p>\n<ol>\n<li>Temperatura de trabajo: -40 grados cent\u00edgrados~+70 grados cent\u00edgrados<\/li>\n<li>Presi\u00f3n atmosf\u00e9rica: 70~150Kpa<\/li>\n<li>Tensi\u00f3n axial: &gt;2000N\/1min<\/li>\n<li>Resistencia al estiramiento: 2500N\/10 cent\u00edmetros cuadrados (1 min)<\/li>\n<li>Resistencia de aislamiento: &gt;2*104M\u03a9<\/li>\n<li>Intensidad de voltaje: 15KV\/1min, sin arcover ni ruptura<\/li>\n<li>Presi\u00f3n en el agua: 50m\/72horas<\/li>\n<li>Bandeja de empalme con radio de toma \u00f3ptica\u226540 mm. P\u00e9rdida \u00f3ptica baja<\/li>\n<\/ol>\n","protected":false},"excerpt":{"rendered":"<p>Los cierres de empalme de fibra \u00f3ptica (MUFA) se aplican ampliamente para la conexi\u00f3n de cable \u00f3ptico. El material de la c\u00fapula mezcla un agente qu\u00edmico para resistir la corrosi\u00f3n y el envejecimiento y tambi\u00e9n brinda protecci\u00f3n contra los rayos ultravioleta.<\/p>\n<p>&nbsp;<\/p>\n<p>Esta mufa \u00a0puede acomodar hasta 9 bandejas de empalme. (216 fibras en total) <strong>version disponible de 192 Fibras \u2013 8 bandejas<\/strong><\/p>\n","protected":false},"featured_media":4498,"template":"","meta":{"_joinchat":[]},"product_brand":[88],"product_cat":[82,15],"product_tag":[118],"class_list":{"0":"post-4497","1":"product","2":"type-product","3":"status-publish","4":"has-post-thumbnail","6":"product_brand-skynet","7":"product_cat-equipos-pasivos","8":"product_cat-todas-las-categorias","9":"product_tag-mufa-fibra-optica-domo-15","11":"first","12":"instock","13":"shipping-taxable","14":"product-type-simple"},"jetpack_sharing_enabled":true,"_links":{"self":[{"href":"https:\/\/hyltelecom.cl\/en\/wp-json\/wp\/v2\/product\/4497","targetHints":{"allow":["GET"]}}],"collection":[{"href":"https:\/\/hyltelecom.cl\/en\/wp-json\/wp\/v2\/product"}],"about":[{"href":"https:\/\/hyltelecom.cl\/en\/wp-json\/wp\/v2\/types\/product"}],"version-history":[{"count":2,"href":"https:\/\/hyltelecom.cl\/en\/wp-json\/wp\/v2\/product\/4497\/revisions"}],"predecessor-version":[{"id":4500,"href":"https:\/\/hyltelecom.cl\/en\/wp-json\/wp\/v2\/product\/4497\/revisions\/4500"}],"wp:featuredmedia":[{"embeddable":true,"href":"https:\/\/hyltelecom.cl\/en\/wp-json\/wp\/v2\/media\/4498"}],"wp:attachment":[{"href":"https:\/\/hyltelecom.cl\/en\/wp-json\/wp\/v2\/media?parent=4497"}],"wp:term":[{"taxonomy":"product_brand","embeddable":true,"href":"https:\/\/hyltelecom.cl\/en\/wp-json\/wp\/v2\/product_brand?post=4497"},{"taxonomy":"product_cat","embeddable":true,"href":"https:\/\/hyltelecom.cl\/en\/wp-json\/wp\/v2\/product_cat?post=4497"},{"taxonomy":"product_tag","embeddable":true,"href":"https:\/\/hyltelecom.cl\/en\/wp-json\/wp\/v2\/product_tag?post=4497"}],"curies":[{"name":"wp","href":"https:\/\/api.w.org\/{rel}","templated":true}]}}