{"id":4501,"date":"2026-04-03T03:58:48","date_gmt":"2026-04-03T03:58:48","guid":{"rendered":"https:\/\/hyltelecom.cl\/?post_type=product&#038;p=4501"},"modified":"2026-04-03T03:58:48","modified_gmt":"2026-04-03T03:58:48","slug":"mufa-fibra-optica-domo-18-144c","status":"publish","type":"product","link":"https:\/\/hyltelecom.cl\/en\/catalogo-hyl-telecom\/mufa-fibra-optica-domo-18-144c\/","title":{"rendered":"MUFA FIBRA OPTICA DOMO 1+8 144C"},"content":{"rendered":"<p>El cierre A8 proporciona una soluci\u00f3n compacta para el mercado emergente de fibra hasta el hogar (FTTH). La base de ocho puertos redondos proporciona una excelente plataforma para ca\u00eddas de fibra \u00fanica o multifibra mientras mantiene la confiabilidad comprobada de los cierres de empalme FOSC.<br \/>\nEl cierre de empalme de fibra \u00f3ptica FOSC 400 A8 est\u00e1 dise\u00f1ado para usar con cualquier construcci\u00f3n de cable (tubo de protecci\u00f3n suelto, tubo de n\u00facleo central, fibra suelta y cinta), en cualquier entorno (a\u00e9reo, pedestal, enterrado, pozo de mano y boca de acceso) y para numerosos aplicaciones de empalme (expr\u00e9s, derivaci\u00f3n, derivaci\u00f3n y reparaci\u00f3n)<\/p>\n<p>&nbsp;<\/p>\n<p>Por cierre puede acomodar hasta 6 piezas de bandejas.<br \/>\nm\u00e1x. Capacidad de fibra (fibra simple): 24x 6 = 144 fibras<\/p>\n<p>Dimensi\u00f3n:<br \/>\nAltura: 42 cm<br \/>\nDi\u00e1metro de la base: 16 cm<br \/>\nAnillo de cierre dia. 18 cm<br \/>\n8 tubos + 1 OVALO = 8 tubos de fuerza de fijaci\u00f3n de cables + 2 miembros de fuerza de fijaci\u00f3n de cables<\/p>\n<p>El di\u00e1metro de los agujeros peque\u00f1os es de 1,2 cm. El eje mayor del agujero ovalado (pared interior) es de 6 cm, y el eje m\u00e1s corto del agujero ovalado es de 4 cm.<\/p>\n","protected":false},"excerpt":{"rendered":"<p>Dimensi\u00f3n:<br \/>\nAltura: 42 cm<br \/>\nDi\u00e1metro de la base: 16 cm<br \/>\nAnillo de cierre dia. 18 cm<br \/>\n8 tubos + 1 OVALO = 8 tubos de fuerza de fijaci\u00f3n de cables + 2 miembros de fuerza de fijaci\u00f3n de cables<\/p>\n<p>El di\u00e1metro de los agujeros peque\u00f1os es de 1,2 cm. El eje mayor del agujero ovalado (pared interior) es de 6 cm, y el eje m\u00e1s corto del agujero ovalado es de 4 cm.<\/p>\n","protected":false},"featured_media":4502,"template":"","meta":{"_joinchat":[]},"product_brand":[88],"product_cat":[82,15],"product_tag":[119],"class_list":{"0":"post-4501","1":"product","2":"type-product","3":"status-publish","4":"has-post-thumbnail","6":"product_brand-skynet","7":"product_cat-equipos-pasivos","8":"product_cat-todas-las-categorias","9":"product_tag-mufa-fibra-optica-domo-18-144c","11":"first","12":"instock","13":"shipping-taxable","14":"product-type-simple"},"jetpack_sharing_enabled":true,"_links":{"self":[{"href":"https:\/\/hyltelecom.cl\/en\/wp-json\/wp\/v2\/product\/4501","targetHints":{"allow":["GET"]}}],"collection":[{"href":"https:\/\/hyltelecom.cl\/en\/wp-json\/wp\/v2\/product"}],"about":[{"href":"https:\/\/hyltelecom.cl\/en\/wp-json\/wp\/v2\/types\/product"}],"version-history":[{"count":1,"href":"https:\/\/hyltelecom.cl\/en\/wp-json\/wp\/v2\/product\/4501\/revisions"}],"predecessor-version":[{"id":4503,"href":"https:\/\/hyltelecom.cl\/en\/wp-json\/wp\/v2\/product\/4501\/revisions\/4503"}],"wp:featuredmedia":[{"embeddable":true,"href":"https:\/\/hyltelecom.cl\/en\/wp-json\/wp\/v2\/media\/4502"}],"wp:attachment":[{"href":"https:\/\/hyltelecom.cl\/en\/wp-json\/wp\/v2\/media?parent=4501"}],"wp:term":[{"taxonomy":"product_brand","embeddable":true,"href":"https:\/\/hyltelecom.cl\/en\/wp-json\/wp\/v2\/product_brand?post=4501"},{"taxonomy":"product_cat","embeddable":true,"href":"https:\/\/hyltelecom.cl\/en\/wp-json\/wp\/v2\/product_cat?post=4501"},{"taxonomy":"product_tag","embeddable":true,"href":"https:\/\/hyltelecom.cl\/en\/wp-json\/wp\/v2\/product_tag?post=4501"}],"curies":[{"name":"wp","href":"https:\/\/api.w.org\/{rel}","templated":true}]}}