{"id":4504,"date":"2026-04-03T04:00:38","date_gmt":"2026-04-03T04:00:38","guid":{"rendered":"https:\/\/hyltelecom.cl\/?post_type=product&#038;p=4504"},"modified":"2026-04-03T04:01:25","modified_gmt":"2026-04-03T04:01:25","slug":"mufa-fibra-optica-tipo-domo-14-144c-b4","status":"publish","type":"product","link":"https:\/\/hyltelecom.cl\/en\/catalogo-hyl-telecom\/mufa-fibra-optica-tipo-domo-14-144c-b4\/","title":{"rendered":"MUFA FIBRA OPTICA TIPO DOMO 1+4 144C B4"},"content":{"rendered":"<div>\n<h2>Caracter\u00edsticas y Beneficios<\/h2>\n<\/div>\n<ul>\n<li>Cierre de domo sellado con junta t\u00f3rica de un solo extremo para empalmar cables de alimentaci\u00f3n y distribuci\u00f3n<\/li>\n<li>Compatible con los tipos de cable m\u00e1s comunes: por ejemplo, tubo holgado, n\u00facleo central, fibra de cinta<\/li>\n<li>Bandejas de empalme FOSC con bisagras para acceder a cualquier empalme sin molestar a otras bandejas<\/li>\n<li>El cierre se puede utilizar en entornos a\u00e9reos, de pedestal y subterr\u00e1neos (hasta 5 metros)<\/li>\n<li>Compatible con los m\u00f3dulos CWDM de CommScope y las bandejas divisoras \u00f3pticas<\/li>\n<\/ul>\n<div>\n<h2>Especificaciones generales<\/h2>\n<\/div>\n<table>\n<tbody>\n<tr>\n<td><strong>Estilo de puerto de ca\u00edda de entrada de cable<\/strong><\/td>\n<td>Redondo<\/td>\n<\/tr>\n<tr>\n<td><strong>Estilo de puerto principal de entrada de cable<\/strong><\/td>\n<td>Oval<\/td>\n<\/tr>\n<tr>\n<td><strong>Puertos de cable, cantidad<\/strong><\/td>\n<td>4<\/td>\n<\/tr>\n<tr>\n<td><strong>Tipo de sellado de cables<\/strong><\/td>\n<td>Encogimiento de calor<\/td>\n<\/tr>\n<tr>\n<td><strong>Tipo de sellado de cierre<\/strong><\/td>\n<td>Abrazadera de c\u00fapula a base con junta t\u00f3rica<\/td>\n<\/tr>\n<tr>\n<td><strong>Estilo de cierre<\/strong><\/td>\n<td>de un solo extremo<\/td>\n<\/tr>\n<tr>\n<td><strong>Color<\/strong><\/td>\n<td>Negro<\/td>\n<\/tr>\n<tr>\n<td><strong>Montaje<\/strong><\/td>\n<td>Poste \/ Hilo \/ Pared<\/td>\n<\/tr>\n<tr>\n<td><strong>Tipo de \u00e1rea de red<\/strong><\/td>\n<td>Alimentador<\/td>\n<\/tr>\n<tr>\n<td><strong>Bandeja de empalme incluida, cantidad<\/strong><\/td>\n<td>6<\/td>\n<\/tr>\n<tr>\n<td><strong>Tipo de bandeja de empalme incluida<\/strong><\/td>\n<td>24 v\u00edas, termorretr\u00e1ctil<\/td>\n<\/tr>\n<tr>\n<td><strong>Capacidad de empalme, Mass Fusion, m\u00e1xima<\/strong><\/td>\n<td>144<\/td>\n<\/tr>\n<tr>\n<td><strong>Capacidad de empalme, fusi\u00f3n simple, m\u00e1xima<\/strong><\/td>\n<td>96<\/td>\n<\/tr>\n<tr>\n<td><strong>Capacidad de empalme, empalme simple, 12 fibras, m\u00e1ximo<\/strong><\/td>\n<td>96<\/td>\n<\/tr>\n<tr>\n<td><strong>Capacidad de empalme, empalme simple, 6 fibras, m\u00e1ximo<\/strong><\/td>\n<td>48<\/td>\n<\/tr>\n<tr>\n<td><strong>Tipo de empalme, compatible<\/strong><\/td>\n<td>Fusi\u00f3n simple<\/td>\n<\/tr>\n<\/tbody>\n<\/table>\n<p>&nbsp;<\/p>\n<p>&nbsp;<\/p>\n<table>\n<tbody>\n<tr>\n<td><strong>Longitud<\/strong><\/td>\n<td>540 mm\/21,26 pulgadas<\/td>\n<\/tr>\n<tr>\n<td><strong>Di\u00e1metro<\/strong><\/td>\n<td>150 mm\/5,906 pulgadas<\/td>\n<\/tr>\n<tr>\n<td><strong>Di\u00e1metro, con abrazadera<\/strong><\/td>\n<td>180 mm\/7,087 pulgadas<\/td>\n<\/tr>\n<tr>\n<td><strong>Di\u00e1metro del cable principal, m\u00e1ximo<\/strong><\/td>\n<td>25 mm\/0,984 pulgadas<\/td>\n<\/tr>\n<\/tbody>\n<\/table>\n<p>&nbsp;<\/p>\n","protected":false},"excerpt":{"rendered":"<p>Alcance de comunicaciones FOSC400B2241BGV | FOSC 400 B2 Caja de empalme de fibra \u00f3ptica, sellado de cable termorretr\u00e1ctil, una bandeja de 24 empalmes preinstalada, bloqueo de cable, terminales de conexi\u00f3n a tierra, con v\u00e1lvula de prueba<\/p>\n","protected":false},"featured_media":4506,"template":"","meta":{"_joinchat":[]},"product_brand":[88],"product_cat":[82,15],"product_tag":[120],"class_list":{"0":"post-4504","1":"product","2":"type-product","3":"status-publish","4":"has-post-thumbnail","6":"product_brand-skynet","7":"product_cat-equipos-pasivos","8":"product_cat-todas-las-categorias","9":"product_tag-mufa-fibra-optica-tipo-domo-14-144c-b4","11":"first","12":"instock","13":"shipping-taxable","14":"product-type-simple"},"jetpack_sharing_enabled":true,"_links":{"self":[{"href":"https:\/\/hyltelecom.cl\/en\/wp-json\/wp\/v2\/product\/4504","targetHints":{"allow":["GET"]}}],"collection":[{"href":"https:\/\/hyltelecom.cl\/en\/wp-json\/wp\/v2\/product"}],"about":[{"href":"https:\/\/hyltelecom.cl\/en\/wp-json\/wp\/v2\/types\/product"}],"version-history":[{"count":1,"href":"https:\/\/hyltelecom.cl\/en\/wp-json\/wp\/v2\/product\/4504\/revisions"}],"predecessor-version":[{"id":4505,"href":"https:\/\/hyltelecom.cl\/en\/wp-json\/wp\/v2\/product\/4504\/revisions\/4505"}],"wp:featuredmedia":[{"embeddable":true,"href":"https:\/\/hyltelecom.cl\/en\/wp-json\/wp\/v2\/media\/4506"}],"wp:attachment":[{"href":"https:\/\/hyltelecom.cl\/en\/wp-json\/wp\/v2\/media?parent=4504"}],"wp:term":[{"taxonomy":"product_brand","embeddable":true,"href":"https:\/\/hyltelecom.cl\/en\/wp-json\/wp\/v2\/product_brand?post=4504"},{"taxonomy":"product_cat","embeddable":true,"href":"https:\/\/hyltelecom.cl\/en\/wp-json\/wp\/v2\/product_cat?post=4504"},{"taxonomy":"product_tag","embeddable":true,"href":"https:\/\/hyltelecom.cl\/en\/wp-json\/wp\/v2\/product_tag?post=4504"}],"curies":[{"name":"wp","href":"https:\/\/api.w.org\/{rel}","templated":true}]}}