{"id":4507,"date":"2026-04-03T04:05:03","date_gmt":"2026-04-03T04:05:03","guid":{"rendered":"https:\/\/hyltelecom.cl\/?post_type=product&#038;p=4507"},"modified":"2026-04-03T04:05:03","modified_gmt":"2026-04-03T04:05:03","slug":"mufa-fibra-optica-tipo-domo-161-288c","status":"publish","type":"product","link":"https:\/\/hyltelecom.cl\/en\/catalogo-hyl-telecom\/mufa-fibra-optica-tipo-domo-161-288c\/","title":{"rendered":"MUFA FIBRA OPTICA TIPO DOMO 16+1 288C"},"content":{"rendered":"<p>El domo de empalmes de fibra \u00f3ptica de 288 n\u00facleos TIPO FIST dispone de 1 puerto de cable ovalado que soporta la entrada de cable sin cortar y 16 puertos de cable redondos para entrada y salida de cable. Hay 24 bandejas de empalme de fibra \u00f3ptica OST-063 para un m\u00e1x. 288 empalmes y empalmes de fibras. Este cierre se puede utilizar en ambientes de temperatura -35\u00baC~70\u00baC, resistente al fr\u00edo y al calor, aislamiento el\u00e9ctrico, resistencia a la corrosi\u00f3n qu\u00edmica.<\/p>\n<p>Material: PP resistente a los impactos<br \/>\nEstructura de sellado: sellado termorretr\u00e1ctil<br \/>\nEst\u00e1ndar IP: IP68 a prueba de agua y polvo<br \/>\nDe color negro<br \/>\nCapacidad: 24 bandejas de empalme OST-063, m\u00e1x. 288 fibras<br \/>\nPuertos de cable: 16 puertos de cable redondos (4 piezas de 18 mm, 4 de 20 mm y 8 de 26 mm)<br \/>\n1 puertos de cable ovalados para soportar la entrada de cables sin cortar<br \/>\nAplicaci\u00f3n: montaje en pared exterior, montaje en poste, suspensi\u00f3n a\u00e9rea, enterrado directo, conducto<\/p>\n","protected":false},"excerpt":{"rendered":"<p>Material: PP resistente a los impactos<br \/>\nEstructura de sellado: sellado termorretr\u00e1ctil<br \/>\nEst\u00e1ndar IP: IP68 a prueba de agua y polvo<br \/>\nDe color negro<br \/>\nCapacidad: 24 bandejas de empalme OST-063, m\u00e1x. 288 fibras<br \/>\nPuertos de cable: 16 puertos de cable redondos (4 piezas de 18 mm, 4 de 20 mm y 8 de 26 mm)<br \/>\n1 puertos de cable ovalados para soportar la entrada de cables sin cortar<br \/>\nAplicaci\u00f3n: montaje en pared exterior, montaje en poste, suspensi\u00f3n a\u00e9rea, enterrado directo, conducto<\/p>\n","protected":false},"featured_media":4508,"template":"","meta":{"_joinchat":[]},"product_brand":[88],"product_cat":[82,15],"product_tag":[121],"class_list":{"0":"post-4507","1":"product","2":"type-product","3":"status-publish","4":"has-post-thumbnail","6":"product_brand-skynet","7":"product_cat-equipos-pasivos","8":"product_cat-todas-las-categorias","9":"product_tag-mufa-fibra-optica-tipo-domo-161-288c","11":"first","12":"instock","13":"shipping-taxable","14":"product-type-simple"},"jetpack_sharing_enabled":true,"_links":{"self":[{"href":"https:\/\/hyltelecom.cl\/en\/wp-json\/wp\/v2\/product\/4507","targetHints":{"allow":["GET"]}}],"collection":[{"href":"https:\/\/hyltelecom.cl\/en\/wp-json\/wp\/v2\/product"}],"about":[{"href":"https:\/\/hyltelecom.cl\/en\/wp-json\/wp\/v2\/types\/product"}],"version-history":[{"count":1,"href":"https:\/\/hyltelecom.cl\/en\/wp-json\/wp\/v2\/product\/4507\/revisions"}],"predecessor-version":[{"id":4509,"href":"https:\/\/hyltelecom.cl\/en\/wp-json\/wp\/v2\/product\/4507\/revisions\/4509"}],"wp:featuredmedia":[{"embeddable":true,"href":"https:\/\/hyltelecom.cl\/en\/wp-json\/wp\/v2\/media\/4508"}],"wp:attachment":[{"href":"https:\/\/hyltelecom.cl\/en\/wp-json\/wp\/v2\/media?parent=4507"}],"wp:term":[{"taxonomy":"product_brand","embeddable":true,"href":"https:\/\/hyltelecom.cl\/en\/wp-json\/wp\/v2\/product_brand?post=4507"},{"taxonomy":"product_cat","embeddable":true,"href":"https:\/\/hyltelecom.cl\/en\/wp-json\/wp\/v2\/product_cat?post=4507"},{"taxonomy":"product_tag","embeddable":true,"href":"https:\/\/hyltelecom.cl\/en\/wp-json\/wp\/v2\/product_tag?post=4507"}],"curies":[{"name":"wp","href":"https:\/\/api.w.org\/{rel}","templated":true}]}}