{"id":4510,"date":"2026-04-03T04:07:45","date_gmt":"2026-04-03T04:07:45","guid":{"rendered":"https:\/\/hyltelecom.cl\/?post_type=product&#038;p=4510"},"modified":"2026-04-03T04:07:45","modified_gmt":"2026-04-03T04:07:45","slug":"splitter-optico-1x16-plc-g657a1-conectores-sc-apc-1-metro","status":"publish","type":"product","link":"https:\/\/hyltelecom.cl\/en\/catalogo-hyl-telecom\/splitter-optico-1x16-plc-g657a1-conectores-sc-apc-1-metro\/","title":{"rendered":"SPLITTER OPTICO 1X16 PLC G657A1 CONECTORES SC\/APC 1 METRO"},"content":{"rendered":"<p><strong>Especificaciones T\u00e9cnicas: \u00a0<\/strong><\/p>\n<p>&nbsp;<\/p>\n<ul>\n<li>Entrada: Fibra 900 micras conector SC\/APC<\/li>\n<li>Salidas: Fibra 900 micras conector SC\/APC<\/li>\n<li>Cumple con la norma G.657A de fibra \u00f3ptica<\/li>\n<li>Divisor de 1\u00d716<\/li>\n<li>Temperatura de Operaci\u00f3n: -40 a 85\u00baC<\/li>\n<\/ul>\n<p><strong>Propiedades \u00d3pticas:<\/strong><\/p>\n<ul>\n<li>Longitudes de Onda de Operaci\u00f3n: 1260\u00a0~1650nm<\/li>\n<li>Directividad: \u2264\u00a055 dB<\/li>\n<li>PDL: \u2264 0.3 dB<\/li>\n<li>Perdida de Inserci\u00f3n: \u00a0\u2264 13.5 dB<\/li>\n<li>Perdida de Retorno Maxima:\u00a0 \u2264 55 dB<\/li>\n<\/ul>\n<p><strong>Aplicaciones:<\/strong><\/p>\n<p>&nbsp;<\/p>\n<ul>\n<li>FTTx<\/li>\n<li>LAN, WAN<\/li>\n<li>CATV<\/li>\n<li>Pruebas y Mediciones<\/li>\n<\/ul>\n","protected":false},"excerpt":{"rendered":"<p>El divisor \u00f3ptico PLC se usa para distribuir se\u00f1ales \u00f3pticas desde la OLT a m\u00faltiples equipos (ONU\/ONT). Es compato, seguro, y tiene un amplio rango de longitud de onda, se usa ampliamente en redes PON para realizar la divisi\u00f3n de potencia optica.<\/p>\n","protected":false},"featured_media":4511,"template":"","meta":{"_joinchat":[]},"product_brand":[88],"product_cat":[82,15],"product_tag":[122],"class_list":{"0":"post-4510","1":"product","2":"type-product","3":"status-publish","4":"has-post-thumbnail","6":"product_brand-skynet","7":"product_cat-equipos-pasivos","8":"product_cat-todas-las-categorias","9":"product_tag-splitter-optico-1x16-plc-g657a1-conectores-sc-apc-1-metro","11":"first","12":"instock","13":"shipping-taxable","14":"product-type-simple"},"jetpack_sharing_enabled":true,"_links":{"self":[{"href":"https:\/\/hyltelecom.cl\/en\/wp-json\/wp\/v2\/product\/4510","targetHints":{"allow":["GET"]}}],"collection":[{"href":"https:\/\/hyltelecom.cl\/en\/wp-json\/wp\/v2\/product"}],"about":[{"href":"https:\/\/hyltelecom.cl\/en\/wp-json\/wp\/v2\/types\/product"}],"version-history":[{"count":2,"href":"https:\/\/hyltelecom.cl\/en\/wp-json\/wp\/v2\/product\/4510\/revisions"}],"predecessor-version":[{"id":4513,"href":"https:\/\/hyltelecom.cl\/en\/wp-json\/wp\/v2\/product\/4510\/revisions\/4513"}],"wp:featuredmedia":[{"embeddable":true,"href":"https:\/\/hyltelecom.cl\/en\/wp-json\/wp\/v2\/media\/4511"}],"wp:attachment":[{"href":"https:\/\/hyltelecom.cl\/en\/wp-json\/wp\/v2\/media?parent=4510"}],"wp:term":[{"taxonomy":"product_brand","embeddable":true,"href":"https:\/\/hyltelecom.cl\/en\/wp-json\/wp\/v2\/product_brand?post=4510"},{"taxonomy":"product_cat","embeddable":true,"href":"https:\/\/hyltelecom.cl\/en\/wp-json\/wp\/v2\/product_cat?post=4510"},{"taxonomy":"product_tag","embeddable":true,"href":"https:\/\/hyltelecom.cl\/en\/wp-json\/wp\/v2\/product_tag?post=4510"}],"curies":[{"name":"wp","href":"https:\/\/api.w.org\/{rel}","templated":true}]}}