{"id":4514,"date":"2026-04-03T04:09:34","date_gmt":"2026-04-03T04:09:34","guid":{"rendered":"https:\/\/hyltelecom.cl\/?post_type=product&#038;p=4514"},"modified":"2026-04-03T04:09:34","modified_gmt":"2026-04-03T04:09:34","slug":"splitter-optico-1x4-plc-sin-conectores-x-15-metros-cubierta-blanca","status":"publish","type":"product","link":"https:\/\/hyltelecom.cl\/en\/catalogo-hyl-telecom\/splitter-optico-1x4-plc-sin-conectores-x-15-metros-cubierta-blanca\/","title":{"rendered":"SPLITTER OPTICO 1X4 PLC SIN CONECTORES X 1,5 METROS CUBIERTA BLANCA"},"content":{"rendered":"<p>La tecnolog\u00eda aplicada en los \u201cSplitter PLC\u201d de GLC proporcionan una soluci\u00f3n de distribuci\u00f3n de bajo costo, con peque\u00f1as mediciones y alta confiabilidad.<\/p>\n<ul>\n<li>P\u00e9rdida de inserci\u00f3n baja, PDL baja y perdida de retorno alta.<\/li>\n<li>Excelente calidad en un amplio rango de onda que va de 1260nm a 1650nm.<\/li>\n<li>Resiste temperaturas de -40\u00b0C a +84\u00b0C.<\/li>\n<li>Para fusi\u00f3nLa tecnolog\u00eda aplicada en los \u201cSplitter PLC\u201d de GLC proporcionan una soluci\u00f3n de distribuci\u00f3n de\u00a0bajo costo, con peque\u00f1as mediciones y alta confiabilidad.Excelente calidad en un AMPLIO RANGO DE ONDA que va de 1260nm a 1650nm.\n<p>El \u00f3ptimo recubrimiento del cable le permite soportar temperaturas de -40\u00b0 a 84\u00b0 sin interferir en su operatoria<\/li>\n<\/ul>\n","protected":false},"excerpt":{"rendered":"<p>La tecnolog\u00eda aplicada en los \u201cSplitter PLC\u201d de GLC proporcionan una soluci\u00f3n de distribuci\u00f3n de bajo costo, con peque\u00f1as mediciones y alta confiabilidad.<\/p>\n","protected":false},"featured_media":4515,"template":"","meta":{"_joinchat":[]},"product_brand":[88],"product_cat":[82,15],"product_tag":[124,123],"class_list":{"0":"post-4514","1":"product","2":"type-product","3":"status-publish","4":"has-post-thumbnail","6":"product_brand-skynet","7":"product_cat-equipos-pasivos","8":"product_cat-todas-las-categorias","9":"product_tag-5-metros-cubierta-blanca","10":"product_tag-splitter-optico-1x4-plc-sin-conectores-x-1","12":"first","13":"instock","14":"shipping-taxable","15":"product-type-simple"},"jetpack_sharing_enabled":true,"_links":{"self":[{"href":"https:\/\/hyltelecom.cl\/en\/wp-json\/wp\/v2\/product\/4514","targetHints":{"allow":["GET"]}}],"collection":[{"href":"https:\/\/hyltelecom.cl\/en\/wp-json\/wp\/v2\/product"}],"about":[{"href":"https:\/\/hyltelecom.cl\/en\/wp-json\/wp\/v2\/types\/product"}],"version-history":[{"count":1,"href":"https:\/\/hyltelecom.cl\/en\/wp-json\/wp\/v2\/product\/4514\/revisions"}],"predecessor-version":[{"id":4516,"href":"https:\/\/hyltelecom.cl\/en\/wp-json\/wp\/v2\/product\/4514\/revisions\/4516"}],"wp:featuredmedia":[{"embeddable":true,"href":"https:\/\/hyltelecom.cl\/en\/wp-json\/wp\/v2\/media\/4515"}],"wp:attachment":[{"href":"https:\/\/hyltelecom.cl\/en\/wp-json\/wp\/v2\/media?parent=4514"}],"wp:term":[{"taxonomy":"product_brand","embeddable":true,"href":"https:\/\/hyltelecom.cl\/en\/wp-json\/wp\/v2\/product_brand?post=4514"},{"taxonomy":"product_cat","embeddable":true,"href":"https:\/\/hyltelecom.cl\/en\/wp-json\/wp\/v2\/product_cat?post=4514"},{"taxonomy":"product_tag","embeddable":true,"href":"https:\/\/hyltelecom.cl\/en\/wp-json\/wp\/v2\/product_tag?post=4514"}],"curies":[{"name":"wp","href":"https:\/\/api.w.org\/{rel}","templated":true}]}}