{"id":4521,"date":"2026-04-03T04:13:25","date_gmt":"2026-04-03T04:13:25","guid":{"rendered":"https:\/\/hyltelecom.cl\/?post_type=product&#038;p=4521"},"modified":"2026-04-03T04:13:25","modified_gmt":"2026-04-03T04:13:25","slug":"splitter-box-18-sc-apc","status":"publish","type":"product","link":"https:\/\/hyltelecom.cl\/en\/catalogo-hyl-telecom\/splitter-box-18-sc-apc\/","title":{"rendered":"SPLITTER BOX 1*8 SC\/APC"},"content":{"rendered":"<ul>\n<li class=\"a-spacing-mini\"><span class=\"a-list-item\">Divisor de fibra \u00f3ptica SC\/APC PLC 1\u00d78 SC\/APC Inserci\u00f3n de tarjeta de casete, Divisor de fibra \u00f3ptica para cableado dom\u00e9stico, proyectos de ingenier\u00eda, LAN de fibra \u00f3ptica, salas de red, caja de distribuci\u00f3n de fibra<\/span><\/li>\n<li class=\"a-spacing-mini\"><span class=\"a-list-item\">Caracter\u00edstica: <\/span><span class=\"a-list-item\">Baja p\u00e9rdida de inserci\u00f3n, alta p\u00e9rdida de retorno, buena intercambiabilidad.<\/span><\/li>\n<li class=\"a-spacing-mini\"><span class=\"a-list-item\">Aplicaci\u00f3n:Adecuado para cableado dom\u00e9stico, proyecto de ingenier\u00eda, empresa y LAN de fibra.<\/span><\/li>\n<\/ul>\n","protected":false},"excerpt":{"rendered":"<p><span class=\"a-list-item\">Divisor de fibra \u00f3ptica SC\/APC PLC 1\u00d78 SC\/APC Inserci\u00f3n de tarjeta de casete, Divisor de fibra \u00f3ptica para cableado dom\u00e9stico, proyectos de ingenier\u00eda, LAN de fibra \u00f3ptica, salas de red, caja de distribuci\u00f3n de fibra<\/span><\/p>\n","protected":false},"featured_media":4522,"template":"","meta":{"_joinchat":[]},"product_brand":[88],"product_cat":[82,15],"product_tag":[126],"class_list":{"0":"post-4521","1":"product","2":"type-product","3":"status-publish","4":"has-post-thumbnail","6":"product_brand-skynet","7":"product_cat-equipos-pasivos","8":"product_cat-todas-las-categorias","9":"product_tag-splitter-box-18-sc-apc","11":"first","12":"instock","13":"shipping-taxable","14":"product-type-simple"},"jetpack_sharing_enabled":true,"_links":{"self":[{"href":"https:\/\/hyltelecom.cl\/en\/wp-json\/wp\/v2\/product\/4521","targetHints":{"allow":["GET"]}}],"collection":[{"href":"https:\/\/hyltelecom.cl\/en\/wp-json\/wp\/v2\/product"}],"about":[{"href":"https:\/\/hyltelecom.cl\/en\/wp-json\/wp\/v2\/types\/product"}],"version-history":[{"count":1,"href":"https:\/\/hyltelecom.cl\/en\/wp-json\/wp\/v2\/product\/4521\/revisions"}],"predecessor-version":[{"id":4523,"href":"https:\/\/hyltelecom.cl\/en\/wp-json\/wp\/v2\/product\/4521\/revisions\/4523"}],"wp:featuredmedia":[{"embeddable":true,"href":"https:\/\/hyltelecom.cl\/en\/wp-json\/wp\/v2\/media\/4522"}],"wp:attachment":[{"href":"https:\/\/hyltelecom.cl\/en\/wp-json\/wp\/v2\/media?parent=4521"}],"wp:term":[{"taxonomy":"product_brand","embeddable":true,"href":"https:\/\/hyltelecom.cl\/en\/wp-json\/wp\/v2\/product_brand?post=4521"},{"taxonomy":"product_cat","embeddable":true,"href":"https:\/\/hyltelecom.cl\/en\/wp-json\/wp\/v2\/product_cat?post=4521"},{"taxonomy":"product_tag","embeddable":true,"href":"https:\/\/hyltelecom.cl\/en\/wp-json\/wp\/v2\/product_tag?post=4521"}],"curies":[{"name":"wp","href":"https:\/\/api.w.org\/{rel}","templated":true}]}}