{"id":4524,"date":"2026-04-03T04:15:08","date_gmt":"2026-04-03T04:15:08","guid":{"rendered":"https:\/\/hyltelecom.cl\/?post_type=product&#038;p=4524"},"modified":"2026-04-03T04:15:31","modified_gmt":"2026-04-03T04:15:31","slug":"splitter-box-116-sc-apc","status":"publish","type":"product","link":"https:\/\/hyltelecom.cl\/en\/catalogo-hyl-telecom\/splitter-box-116-sc-apc\/","title":{"rendered":"SPLITTER BOX 1*16 SC\/APC"},"content":{"rendered":"<pre id=\"tw-target-text\" class=\"tw-data-text tw-text-large tw-ta\" dir=\"ltr\" tabindex=\"-1\" role=\"text\" data-placeholder=\"Traducci\u00f3n\" data-ved=\"2ahUKEwjHh93L0d6SAxVJnpUCHaLdMfUQ3ewLegQIDBAW\" aria-label=\"Texto traducido: La Caja Distribuidora Modular 1x16 SC\/APC es la soluci\u00f3n ideal para redes de distribuci\u00f3n PON, ofreciendo un conjunto completo de 17 adaptadores \u00f3pticos (1 para entrada y 16 para salida) y 1 divisor dentro de una caja compacta y robusta. Con aprobaci\u00f3n Anatel N\u00b0:004391911575, este producto de la marca Madmak garantiza calidad y confiabilidad. Los conectores SC\/APC con pulido de contacto f\u00edsico en \u00e1ngulo (APC) garantizan una baja p\u00e9rdida de inserci\u00f3n y un divisor de potencia uniforme. F\u00e1cil de instalar, el Splitter Box est\u00e1 dise\u00f1ado para funcionar en un amplio rango de longitudes de onda y temperaturas, lo que lo hace vers\u00e1til para una variedad de aplicaciones. Ideal para quienes buscan eficiencia y practicidad en redes \u00f3pticas, este modelo SPLITTER BOX 1X16 SC\/APC es nuevo y no se vende en kit.\"><span class=\"Y2IQFc\" lang=\"es\">La Caja Distribuidora Modular 1x16 SC\/APC es la soluci\u00f3n ideal para redes de distribuci\u00f3n PON,\r\nofreciendo un conjunto completo de 17 adaptadores \u00f3pticos (1 para entrada y 16 para salida) y 1 divisor dentro de una caja compacta y robusta.\r\neste producto  garantiza calidad y confiabilidad. Los conectores SC\/APC con pulido de contacto f\u00edsico en \u00e1ngulo (APC) \r\ngarantizan una baja p\u00e9rdida de inserci\u00f3n y un divisor de potencia uniforme. F\u00e1cil de instalar, el Splitter Box est\u00e1 dise\u00f1ado para \r\nfuncionar en un amplio rango de longitudes de onda y temperaturas, lo que lo hace vers\u00e1til para una variedad de aplicaciones.\r\nIdeal para quienes buscan eficiencia y practicidad en redes \u00f3pticas.<\/span><\/pre>\n","protected":false},"excerpt":{"rendered":"<pre id=\"tw-target-text\" class=\"tw-data-text tw-text-large tw-ta\" dir=\"ltr\" tabindex=\"-1\" role=\"text\" data-placeholder=\"Traducci\u00f3n\" data-ved=\"2ahUKEwjHh93L0d6SAxVJnpUCHaLdMfUQ3ewLegQIDBAW\" aria-label=\"Texto traducido: La Caja Distribuidora Modular 1x16 SC\/APC es la soluci\u00f3n ideal para redes de distribuci\u00f3n PON, ofreciendo un conjunto completo de 17 adaptadores \u00f3pticos (1 para entrada y 16 para salida) y 1 divisor dentro de una caja compacta y robusta. Con aprobaci\u00f3n Anatel N\u00b0:004391911575, este producto de la marca Madmak garantiza calidad y confiabilidad. Los conectores SC\/APC con pulido de contacto f\u00edsico en \u00e1ngulo (APC) garantizan una baja p\u00e9rdida de inserci\u00f3n y un divisor de potencia uniforme. F\u00e1cil de instalar, el Splitter Box est\u00e1 dise\u00f1ado para funcionar en un amplio rango de longitudes de onda y temperaturas, lo que lo hace vers\u00e1til para una variedad de aplicaciones. Ideal para quienes buscan eficiencia y practicidad en redes \u00f3pticas, este modelo SPLITTER BOX 1X16 SC\/APC es nuevo y no se vende en kit.\"><span class=\"Y2IQFc\" lang=\"es\">La Caja Distribuidora Modular 1x16 SC\/APC es la soluci\u00f3n ideal para redes de distribuci\u00f3n PON,\r\nofreciendo un conjunto completo de 17 adaptadores \u00f3pticos (1 para entrada y 16 para salida) y 1 divisor dentro de una caja compacta y robusta.<\/span><\/pre>\n","protected":false},"featured_media":4525,"template":"","meta":{"_joinchat":[]},"product_brand":[88],"product_cat":[82,15],"product_tag":[127],"class_list":{"0":"post-4524","1":"product","2":"type-product","3":"status-publish","4":"has-post-thumbnail","6":"product_brand-skynet","7":"product_cat-equipos-pasivos","8":"product_cat-todas-las-categorias","9":"product_tag-splitter-box-116-sc-apc","11":"first","12":"instock","13":"shipping-taxable","14":"product-type-simple"},"jetpack_sharing_enabled":true,"_links":{"self":[{"href":"https:\/\/hyltelecom.cl\/en\/wp-json\/wp\/v2\/product\/4524","targetHints":{"allow":["GET"]}}],"collection":[{"href":"https:\/\/hyltelecom.cl\/en\/wp-json\/wp\/v2\/product"}],"about":[{"href":"https:\/\/hyltelecom.cl\/en\/wp-json\/wp\/v2\/types\/product"}],"version-history":[{"count":2,"href":"https:\/\/hyltelecom.cl\/en\/wp-json\/wp\/v2\/product\/4524\/revisions"}],"predecessor-version":[{"id":4527,"href":"https:\/\/hyltelecom.cl\/en\/wp-json\/wp\/v2\/product\/4524\/revisions\/4527"}],"wp:featuredmedia":[{"embeddable":true,"href":"https:\/\/hyltelecom.cl\/en\/wp-json\/wp\/v2\/media\/4525"}],"wp:attachment":[{"href":"https:\/\/hyltelecom.cl\/en\/wp-json\/wp\/v2\/media?parent=4524"}],"wp:term":[{"taxonomy":"product_brand","embeddable":true,"href":"https:\/\/hyltelecom.cl\/en\/wp-json\/wp\/v2\/product_brand?post=4524"},{"taxonomy":"product_cat","embeddable":true,"href":"https:\/\/hyltelecom.cl\/en\/wp-json\/wp\/v2\/product_cat?post=4524"},{"taxonomy":"product_tag","embeddable":true,"href":"https:\/\/hyltelecom.cl\/en\/wp-json\/wp\/v2\/product_tag?post=4524"}],"curies":[{"name":"wp","href":"https:\/\/api.w.org\/{rel}","templated":true}]}}