{"id":4531,"date":"2026-04-03T04:18:05","date_gmt":"2026-04-03T04:18:05","guid":{"rendered":"https:\/\/hyltelecom.cl\/?post_type=product&#038;p=4531"},"modified":"2026-04-03T04:18:33","modified_gmt":"2026-04-03T04:18:33","slug":"splitter-fibra-optica1x8-plc-lgx-sc-apc","status":"publish","type":"product","link":"https:\/\/hyltelecom.cl\/en\/catalogo-hyl-telecom\/splitter-fibra-optica1x8-plc-lgx-sc-apc\/","title":{"rendered":"SPLITTER FIBRA OPTICA1x8 PLC, LGX, SC\/APC"},"content":{"rendered":"<div class=\"title\" data-v-43a32eb1=\"\">Especificaciones<\/div>\n<div class=\"list_wrap\" data-v-43a32eb1=\"\">\n<div class=\"list_box\" data-v-43a32eb1=\"\">\n<div class=\"list\" data-v-43a32eb1=\"\">\n<div class=\"list_item\" data-v-43a32eb1=\"\">\n<div class=\"item\" data-v-43a32eb1=\"\">\n<div class=\"item_name\" data-v-43a32eb1=\"\"><span class=\"name\" data-v-43a32eb1=\"\">Estilo de paquete<\/span><\/div>\n<div class=\"item_name\" data-v-43a32eb1=\"\"><span class=\"value\" data-v-43a32eb1=\"\">Cassette LGX<\/span><\/div>\n<\/div>\n<div class=\"item\" data-v-43a32eb1=\"\">\n<div class=\"item_name\" data-v-43a32eb1=\"\"><span class=\"name\" data-v-43a32eb1=\"\">Tipo de configuraci\u00f3n<\/span><\/div>\n<div class=\"item_name\" data-v-43a32eb1=\"\"><span class=\"value\" data-v-43a32eb1=\"\">1\u00d78<\/span><\/div>\n<\/div>\n<\/div>\n<div class=\"list_item\" data-v-43a32eb1=\"\">\n<div class=\"item\" data-v-43a32eb1=\"\">\n<div class=\"item_name\" data-v-43a32eb1=\"\"><span class=\"name\" data-v-43a32eb1=\"\">Grado de fibra<\/span><\/div>\n<div class=\"item_name\" data-v-43a32eb1=\"\"><span class=\"value\" data-v-43a32eb1=\"\">G.657A1<\/span><\/div>\n<\/div>\n<div class=\"item\" data-v-43a32eb1=\"\">\n<div class=\"item_name\" data-v-43a32eb1=\"\"><span class=\"name\" data-v-43a32eb1=\"\">Modo de fibra<\/span><\/div>\n<div class=\"item_name\" data-v-43a32eb1=\"\"><span class=\"value\" data-v-43a32eb1=\"\">Monomodo<\/span><\/div>\n<\/div>\n<\/div>\n<div class=\"list_item\" data-v-43a32eb1=\"\">\n<div class=\"item\" data-v-43a32eb1=\"\">\n<div class=\"item_name\" data-v-43a32eb1=\"\"><span class=\"name\" data-v-43a32eb1=\"\">Tipo de conector<\/span><\/div>\n<div class=\"item_name\" data-v-43a32eb1=\"\"><span class=\"value\" data-v-43a32eb1=\"\">SC\/APC<\/span><\/div>\n<\/div>\n<div class=\"item\" data-v-43a32eb1=\"\">\n<div class=\"item_name\" data-v-43a32eb1=\"\"><span class=\"name\" data-v-43a32eb1=\"\">Relaci\u00f3n de divisi\u00f3n<\/span><\/div>\n<div class=\"item_name\" data-v-43a32eb1=\"\"><span class=\"value\" data-v-43a32eb1=\"\">50\/50<\/span><\/div>\n<\/div>\n<\/div>\n<div class=\"list_item\" data-v-43a32eb1=\"\">\n<div class=\"item\" data-v-43a32eb1=\"\">\n<div class=\"item_name\" data-v-43a32eb1=\"\"><span class=\"name\" data-v-43a32eb1=\"\">P\u00e9rdida de inserci\u00f3n<\/span><\/div>\n<div class=\"item_name\" data-v-43a32eb1=\"\"><span class=\"value\" data-v-43a32eb1=\"\">\u226410.5dB<\/span><\/div>\n<\/div>\n<div class=\"item\" data-v-43a32eb1=\"\">\n<div class=\"item_name\" data-v-43a32eb1=\"\"><span class=\"name\" data-v-43a32eb1=\"\">P\u00e9rdida de retorno<\/span><\/div>\n<div class=\"item_name\" data-v-43a32eb1=\"\"><span class=\"value\" data-v-43a32eb1=\"\">\u226555dB<\/span><\/div>\n<\/div>\n<\/div>\n<div class=\"list_item\" data-v-43a32eb1=\"\">\n<div class=\"item\" data-v-43a32eb1=\"\">\n<div class=\"item_name\" data-v-43a32eb1=\"\"><span class=\"name\" data-v-43a32eb1=\"\">Uniformidad de p\u00e9rdida<\/span><\/div>\n<div class=\"item_name\" data-v-43a32eb1=\"\"><span class=\"value\" data-v-43a32eb1=\"\">\u22640.8dB<\/span><\/div>\n<\/div>\n<div class=\"item\" data-v-43a32eb1=\"\">\n<div class=\"item_name\" data-v-43a32eb1=\"\"><span class=\"name\" data-v-43a32eb1=\"\">Directividad<\/span><\/div>\n<div class=\"item_name\" data-v-43a32eb1=\"\"><span class=\"value\" data-v-43a32eb1=\"\">\u226555dB<\/span><\/div>\n<\/div>\n<\/div>\n<div class=\"list_item\" data-v-43a32eb1=\"\">\n<div class=\"item\" data-v-43a32eb1=\"\">\n<div class=\"item_name\" data-v-43a32eb1=\"\"><span class=\"name\" data-v-43a32eb1=\"\">P\u00e9rdida dependiente de la polarizaci\u00f3n<\/span><\/div>\n<div class=\"item_name\" data-v-43a32eb1=\"\"><span class=\"value\" data-v-43a32eb1=\"\">\u22640.2dB<\/span><\/div>\n<\/div>\n<div class=\"item\" data-v-43a32eb1=\"\">\n<div class=\"item_name\" data-v-43a32eb1=\"\"><span class=\"name\" data-v-43a32eb1=\"\">P\u00e9rdida dependiente de la temperatura<\/span><\/div>\n<div class=\"item_name\" data-v-43a32eb1=\"\"><span class=\"value\" data-v-43a32eb1=\"\">\u22640.5dB<\/span><\/div>\n<\/div>\n<\/div>\n<div class=\"list_item\" data-v-43a32eb1=\"\">\n<div class=\"item\" data-v-43a32eb1=\"\">\n<div class=\"item_name\" data-v-43a32eb1=\"\"><span class=\"name\" data-v-43a32eb1=\"\">P\u00e9rdida dependiente de la longitud de onda<\/span><\/div>\n<div class=\"item_name\" data-v-43a32eb1=\"\"><span class=\"value\" data-v-43a32eb1=\"\">\u22640.3dB<\/span><\/div>\n<\/div>\n<div class=\"item\" data-v-43a32eb1=\"\">\n<div class=\"item_name\" data-v-43a32eb1=\"\"><span class=\"name\" data-v-43a32eb1=\"\">Ancho de banda operativo<\/span><\/div>\n<div class=\"item_name\" data-v-43a32eb1=\"\"><span class=\"value\" data-v-43a32eb1=\"\">1260~1650nm<\/span><\/div>\n<\/div>\n<\/div>\n<div class=\"list_item\" data-v-43a32eb1=\"\">\n<div class=\"item\" data-v-43a32eb1=\"\">\n<div class=\"item_name\" data-v-43a32eb1=\"\"><span class=\"name\" data-v-43a32eb1=\"\">Dimensiones (HxWxD)<\/span><\/div>\n<div class=\"item_name\" data-v-43a32eb1=\"\"><span class=\"value\" data-v-43a32eb1=\"\">1.14\u2033x6.18\u2033x5.08\u2033 (29x157x129mm)<\/span><\/div>\n<\/div>\n<div class=\"item\" data-v-43a32eb1=\"\">\n<div class=\"item_name\" data-v-43a32eb1=\"\"><span class=\"name\" data-v-43a32eb1=\"\">Temperatura<\/span><\/div>\n<div class=\"item_name\" data-v-43a32eb1=\"\"><span class=\"value\" data-v-43a32eb1=\"\">Funcionamiento -40 a 85\u00b0C (-40 a 185\u00b0F)<br \/>\nAlmacenamiento -40 a 85\u00b0C (-40 a 185\u00b0F)<\/span><\/div>\n<\/div>\n<\/div>\n<\/div>\n<\/div>\n<\/div>\n","protected":false},"excerpt":{"rendered":"<p>El circuito plano de onda de luz (PLC) es un tipo de dispositivo de gesti\u00f3n de la potencia \u00f3ptica que se fabrica utilizando la tecnolog\u00eda de gu\u00eda de ondas \u00f3pticas de s\u00edlice para distribuir las se\u00f1ales \u00f3pticas desde la oficina central (CO) a m\u00faltiples ubicaciones de las instalaciones.<\/p>\n","protected":false},"featured_media":4534,"template":"","meta":{"_joinchat":[]},"product_brand":[88],"product_cat":[82,15],"product_tag":[130,131,129],"class_list":{"0":"post-4531","1":"product","2":"type-product","3":"status-publish","4":"has-post-thumbnail","6":"product_brand-skynet","7":"product_cat-equipos-pasivos","8":"product_cat-todas-las-categorias","9":"product_tag-lgx","10":"product_tag-sc-apc","11":"product_tag-splitter-fibra-optica1x8-plc","13":"first","14":"instock","15":"shipping-taxable","16":"product-type-simple"},"jetpack_sharing_enabled":true,"_links":{"self":[{"href":"https:\/\/hyltelecom.cl\/en\/wp-json\/wp\/v2\/product\/4531","targetHints":{"allow":["GET"]}}],"collection":[{"href":"https:\/\/hyltelecom.cl\/en\/wp-json\/wp\/v2\/product"}],"about":[{"href":"https:\/\/hyltelecom.cl\/en\/wp-json\/wp\/v2\/types\/product"}],"version-history":[{"count":2,"href":"https:\/\/hyltelecom.cl\/en\/wp-json\/wp\/v2\/product\/4531\/revisions"}],"predecessor-version":[{"id":4533,"href":"https:\/\/hyltelecom.cl\/en\/wp-json\/wp\/v2\/product\/4531\/revisions\/4533"}],"wp:featuredmedia":[{"embeddable":true,"href":"https:\/\/hyltelecom.cl\/en\/wp-json\/wp\/v2\/media\/4534"}],"wp:attachment":[{"href":"https:\/\/hyltelecom.cl\/en\/wp-json\/wp\/v2\/media?parent=4531"}],"wp:term":[{"taxonomy":"product_brand","embeddable":true,"href":"https:\/\/hyltelecom.cl\/en\/wp-json\/wp\/v2\/product_brand?post=4531"},{"taxonomy":"product_cat","embeddable":true,"href":"https:\/\/hyltelecom.cl\/en\/wp-json\/wp\/v2\/product_cat?post=4531"},{"taxonomy":"product_tag","embeddable":true,"href":"https:\/\/hyltelecom.cl\/en\/wp-json\/wp\/v2\/product_tag?post=4531"}],"curies":[{"name":"wp","href":"https:\/\/api.w.org\/{rel}","templated":true}]}}