{"id":4535,"date":"2026-04-03T04:19:45","date_gmt":"2026-04-03T04:19:45","guid":{"rendered":"https:\/\/hyltelecom.cl\/?post_type=product&#038;p=4535"},"modified":"2026-04-03T04:20:53","modified_gmt":"2026-04-03T04:20:53","slug":"mini-plc-splitter-optico-1x16-sc-apc","status":"publish","type":"product","link":"https:\/\/hyltelecom.cl\/en\/catalogo-hyl-telecom\/mini-plc-splitter-optico-1x16-sc-apc\/","title":{"rendered":"MINI PLC SPLITTER OPTICO 1X16 SC APC"},"content":{"rendered":"<p>Estilo de paquete<\/p>\n<p>Tubo de acero, fibra desnuda<\/p>\n<p>Tipo de configuraci\u00f3n<\/p>\n<p>1\u00d716<\/p>\n<p>Tipo de fibra<\/p>\n<p>Monomodo G.657A1<\/p>\n<p>Tipo de conector<\/p>\n<p>SC\/APC<\/p>\n<p>Di\u00e1metro de la fibra<\/p>\n<p>0,9 mm<\/p>\n<p>Longitud de la cola de cerdo<\/p>\n<p>1 m<\/p>\n<p>P\u00e9rdida de inserci\u00f3n<\/p>\n<p>\u226413.7dB<\/p>\n<p>P\u00e9rdida de retorno<\/p>\n<p>\u226555dB<\/p>\n<p>Uniformidad de p\u00e9rdida<\/p>\n<p>\u22641.0dB<\/p>\n<p>directividad<\/p>\n<p>\u226555dB<\/p>\n<p>P\u00e9rdida dependiente de polarizaci\u00f3n<\/p>\n<p>\u22640.3dB<\/p>\n<p>P\u00e9rdida dependiente de la temperatura<\/p>\n<p>\u22640,dB<\/p>\n<p>P\u00e9rdida dependiente de la longitud de onda<\/p>\n<p>\u22640.3dB<\/p>\n<p>Ancho de banda operativo<\/p>\n<p>1260 ~1650nm<\/p>\n<p>Temperatura de funcionamiento<\/p>\n<p>-40 ~85\u00b0C<\/p>\n<p>Temperatura de almacenamiento<\/p>\n<p>-40 ~85\u00b0C<\/p>\n","protected":false},"excerpt":{"rendered":"<p>El divisor de circuito de onda de luz plana (PLC Splitter) es un tipo de dispositivo de administraci\u00f3n de energ\u00eda \u00f3ptica que se fabrica utilizando la tecnolog\u00eda de gu\u00eda de onda \u00f3ptica de s\u00edlice. Cuenta con un amplio rango de longitud de onda de funcionamiento, buena uniformidad de canal a canal, alta confiabilidad y peque\u00f1o tama\u00f1o, y es ampliamente utilizado en FTTX PON para realizar la gesti\u00f3n de energ\u00eda de la se\u00f1al \u00f3ptica.<\/p>\n","protected":false},"featured_media":4539,"template":"","meta":{"_joinchat":[]},"product_brand":[88],"product_cat":[82,15],"product_tag":[132],"class_list":{"0":"post-4535","1":"product","2":"type-product","3":"status-publish","4":"has-post-thumbnail","6":"product_brand-skynet","7":"product_cat-equipos-pasivos","8":"product_cat-todas-las-categorias","9":"product_tag-mini-plc-splitter-optico-1x16-sc-apc","11":"first","12":"instock","13":"shipping-taxable","14":"product-type-simple"},"jetpack_sharing_enabled":true,"_links":{"self":[{"href":"https:\/\/hyltelecom.cl\/en\/wp-json\/wp\/v2\/product\/4535","targetHints":{"allow":["GET"]}}],"collection":[{"href":"https:\/\/hyltelecom.cl\/en\/wp-json\/wp\/v2\/product"}],"about":[{"href":"https:\/\/hyltelecom.cl\/en\/wp-json\/wp\/v2\/types\/product"}],"version-history":[{"count":2,"href":"https:\/\/hyltelecom.cl\/en\/wp-json\/wp\/v2\/product\/4535\/revisions"}],"predecessor-version":[{"id":4537,"href":"https:\/\/hyltelecom.cl\/en\/wp-json\/wp\/v2\/product\/4535\/revisions\/4537"}],"wp:featuredmedia":[{"embeddable":true,"href":"https:\/\/hyltelecom.cl\/en\/wp-json\/wp\/v2\/media\/4539"}],"wp:attachment":[{"href":"https:\/\/hyltelecom.cl\/en\/wp-json\/wp\/v2\/media?parent=4535"}],"wp:term":[{"taxonomy":"product_brand","embeddable":true,"href":"https:\/\/hyltelecom.cl\/en\/wp-json\/wp\/v2\/product_brand?post=4535"},{"taxonomy":"product_cat","embeddable":true,"href":"https:\/\/hyltelecom.cl\/en\/wp-json\/wp\/v2\/product_cat?post=4535"},{"taxonomy":"product_tag","embeddable":true,"href":"https:\/\/hyltelecom.cl\/en\/wp-json\/wp\/v2\/product_tag?post=4535"}],"curies":[{"name":"wp","href":"https:\/\/api.w.org\/{rel}","templated":true}]}}