{"id":4540,"date":"2026-04-03T04:22:21","date_gmt":"2026-04-03T04:22:21","guid":{"rendered":"https:\/\/hyltelecom.cl\/?post_type=product&#038;p=4540"},"modified":"2026-04-03T04:22:21","modified_gmt":"2026-04-03T04:22:21","slug":"mini-plc-splitter-optico-1x8-sc-apc","status":"publish","type":"product","link":"https:\/\/hyltelecom.cl\/en\/catalogo-hyl-telecom\/mini-plc-splitter-optico-1x8-sc-apc\/","title":{"rendered":"MINI PLC SPLITTER OPTICO 1X8 SC APC"},"content":{"rendered":"<p>P\u00e9rdida de inserci\u00f3n baja<br \/>\nG657A1<br \/>\n1 Metro<br \/>\nConectores SC\/APC \u2013 SC\/APC<br \/>\nAmplia longitud de onda<br \/>\nAmplia temperatura de funcionamiento<\/p>\n","protected":false},"excerpt":{"rendered":"<p>El divisor del PLC es un dispositivo \u00f3ptico de la distribuci\u00f3n de poder basado en la gu\u00eda de onda integrada de la placa del cuarzo. Con las caracter\u00edsticas tama\u00f1o peque\u00f1o, de amplia gama de la longitud de onda de funcionamiento, de la confiabilidad estable y de la buena uniformidad, es ampliamente utilizado en punto de PON, de ODN, de FTTX conectar entre el dispositivo de la terminaci\u00f3n y sede para alcanzar el divisor de la se\u00f1al.<\/p>\n","protected":false},"featured_media":4541,"template":"","meta":{"_joinchat":[]},"product_brand":[88],"product_cat":[82,15],"product_tag":[133],"class_list":{"0":"post-4540","1":"product","2":"type-product","3":"status-publish","4":"has-post-thumbnail","6":"product_brand-skynet","7":"product_cat-equipos-pasivos","8":"product_cat-todas-las-categorias","9":"product_tag-mini-plc-splitter-optico-1x8-sc-apc","11":"first","12":"instock","13":"shipping-taxable","14":"product-type-simple"},"jetpack_sharing_enabled":true,"_links":{"self":[{"href":"https:\/\/hyltelecom.cl\/en\/wp-json\/wp\/v2\/product\/4540","targetHints":{"allow":["GET"]}}],"collection":[{"href":"https:\/\/hyltelecom.cl\/en\/wp-json\/wp\/v2\/product"}],"about":[{"href":"https:\/\/hyltelecom.cl\/en\/wp-json\/wp\/v2\/types\/product"}],"version-history":[{"count":1,"href":"https:\/\/hyltelecom.cl\/en\/wp-json\/wp\/v2\/product\/4540\/revisions"}],"predecessor-version":[{"id":4542,"href":"https:\/\/hyltelecom.cl\/en\/wp-json\/wp\/v2\/product\/4540\/revisions\/4542"}],"wp:featuredmedia":[{"embeddable":true,"href":"https:\/\/hyltelecom.cl\/en\/wp-json\/wp\/v2\/media\/4541"}],"wp:attachment":[{"href":"https:\/\/hyltelecom.cl\/en\/wp-json\/wp\/v2\/media?parent=4540"}],"wp:term":[{"taxonomy":"product_brand","embeddable":true,"href":"https:\/\/hyltelecom.cl\/en\/wp-json\/wp\/v2\/product_brand?post=4540"},{"taxonomy":"product_cat","embeddable":true,"href":"https:\/\/hyltelecom.cl\/en\/wp-json\/wp\/v2\/product_cat?post=4540"},{"taxonomy":"product_tag","embeddable":true,"href":"https:\/\/hyltelecom.cl\/en\/wp-json\/wp\/v2\/product_tag?post=4540"}],"curies":[{"name":"wp","href":"https:\/\/api.w.org\/{rel}","templated":true}]}}