{"id":4546,"date":"2026-04-03T04:26:33","date_gmt":"2026-04-03T04:26:33","guid":{"rendered":"https:\/\/hyltelecom.cl\/?post_type=product&#038;p=4546"},"modified":"2026-04-03T04:26:33","modified_gmt":"2026-04-03T04:26:33","slug":"cabecera-optica-24-fo-sc-apc-odf","status":"publish","type":"product","link":"https:\/\/hyltelecom.cl\/en\/catalogo-hyl-telecom\/cabecera-optica-24-fo-sc-apc-odf\/","title":{"rendered":"CABECERA OPTICA 24 FO SC\/APC ODF"},"content":{"rendered":"<p>Est\u00e1 disen\u0303ado para utilizar diferentes tipos de adaptadores (<strong>SC, FC, ST, LC, E2000<\/strong>, tanto para<strong>\u00a0pulidos APC como PC\/UPC<\/strong>).<\/p>\n<p>Este modelo incorpora\u00a0<strong>24 adaptadores simplex\u00a0 SC\/APC para\u00a024\u00a0 pigtails simplex monomodo\u00a0<\/strong><\/p>\n<p>Tama\u00f1o externo: (largo \u00d7 ancho \u00d7 alto) 400 mm\u00a0 \u00d7 485 mm \u00d7 44.5 mm)<\/p>\n<p>\u2022 Peso: 6,8 Kg<\/p>\n<p>\u2022 Capacidad de empalme: 24 fusiones<\/p>\n<p>\u2022 Bandejas: 1 x 24 fusiones<\/p>\n<p>\u2022 Material: L\u00e1mina calibre 16 (1.52 mm)<\/p>\n<p>\u2022 Tipo de adaptadores: Simplex \/ D\u00faplex<\/p>\n<p>\u2022 Radio de curvatura: &gt; 30 mm<\/p>\n<p>\u2022 ANSI\/TIA 568\u00a0 \u00a0 ANSI\/TIA 606<\/p>\n","protected":false},"excerpt":{"rendered":"<p>Es un\u00a0<strong>distribuidor o armario de fibras \u00f3pticas, ODF,<\/strong>\u00a0 met\u00e1lico de color negro con\u00a0<strong>capacidad de empalme de 24 fusiones<\/strong>. Facilita la centralizacio\u0301n interconexio\u0301n y derivaciones de cables de fibra \u00f3ptica en un rack\u00a0 de 19\u201c.<\/p>\n","protected":false},"featured_media":4547,"template":"","meta":{"_joinchat":[]},"product_brand":[88],"product_cat":[82,15],"product_tag":[135],"class_list":{"0":"post-4546","1":"product","2":"type-product","3":"status-publish","4":"has-post-thumbnail","6":"product_brand-skynet","7":"product_cat-equipos-pasivos","8":"product_cat-todas-las-categorias","9":"product_tag-cabecera-optica-24-fo-sc-apc-odf","11":"first","12":"instock","13":"shipping-taxable","14":"product-type-simple"},"jetpack_sharing_enabled":true,"_links":{"self":[{"href":"https:\/\/hyltelecom.cl\/en\/wp-json\/wp\/v2\/product\/4546","targetHints":{"allow":["GET"]}}],"collection":[{"href":"https:\/\/hyltelecom.cl\/en\/wp-json\/wp\/v2\/product"}],"about":[{"href":"https:\/\/hyltelecom.cl\/en\/wp-json\/wp\/v2\/types\/product"}],"version-history":[{"count":2,"href":"https:\/\/hyltelecom.cl\/en\/wp-json\/wp\/v2\/product\/4546\/revisions"}],"predecessor-version":[{"id":4549,"href":"https:\/\/hyltelecom.cl\/en\/wp-json\/wp\/v2\/product\/4546\/revisions\/4549"}],"wp:featuredmedia":[{"embeddable":true,"href":"https:\/\/hyltelecom.cl\/en\/wp-json\/wp\/v2\/media\/4547"}],"wp:attachment":[{"href":"https:\/\/hyltelecom.cl\/en\/wp-json\/wp\/v2\/media?parent=4546"}],"wp:term":[{"taxonomy":"product_brand","embeddable":true,"href":"https:\/\/hyltelecom.cl\/en\/wp-json\/wp\/v2\/product_brand?post=4546"},{"taxonomy":"product_cat","embeddable":true,"href":"https:\/\/hyltelecom.cl\/en\/wp-json\/wp\/v2\/product_cat?post=4546"},{"taxonomy":"product_tag","embeddable":true,"href":"https:\/\/hyltelecom.cl\/en\/wp-json\/wp\/v2\/product_tag?post=4546"}],"curies":[{"name":"wp","href":"https:\/\/api.w.org\/{rel}","templated":true}]}}