{"id":4550,"date":"2026-04-03T04:27:54","date_gmt":"2026-04-03T04:27:54","guid":{"rendered":"https:\/\/hyltelecom.cl\/?post_type=product&#038;p=4550"},"modified":"2026-04-03T04:27:54","modified_gmt":"2026-04-03T04:27:54","slug":"cabecera-optica-48-fo-sc-apc-odf","status":"publish","type":"product","link":"https:\/\/hyltelecom.cl\/en\/catalogo-hyl-telecom\/cabecera-optica-48-fo-sc-apc-odf\/","title":{"rendered":"CABECERA OPTICA 48 FO SC\/APC ODF"},"content":{"rendered":"<p>Especificaciones t\u00e9cnicas:<br \/>\n\u2013 Tama\u00f1o de rack: 19\u2033<br \/>\n\u2013 Altura: 2U<br \/>\n\u2013 Capacidad:\u00a0 48FO<br \/>\n\u2013 Conectores SC\/APC<\/p>\n<p>&nbsp;<\/p>\n<p>Dispone de un caj\u00f3n extensible y abatible para facilitar la instalaci\u00f3n y contienen los accesorios necesarios para organizar correctamente todas las fibras. Se instalan en Racks de\u00a0<strong>19\u201d<\/strong>\u00a0o con adaptadores en Racks\u00a0<strong>ETSI<\/strong>.<\/p>\n<p>Permiten la entrada de hasta dos cables de fibra \u00f3ptica interior\/exterior, la utilizaci\u00f3n de cassette soporte de empalmes y el panel frontal nos permite la utilizaci\u00f3n de adaptadores tipo\u00a0<strong>ST<\/strong>,\u00a0<strong>SC<\/strong>,\u00a0<strong>DuplexSC<\/strong>, SMA, FDDI, ESCON o\u00a0<strong>FC<\/strong>.<\/p>\n<p>Se utilizan para la terminaci\u00f3n de cables de fibra \u00f3ptica en armarios Rack, ya sea en sistemas inform\u00e1ticos, en instalaciones de control industrial o en instalaciones de v\u00eddeo seguridad (vigilancia o control tr\u00e1fico).<\/p>\n","protected":false},"excerpt":{"rendered":"<p>La cabecera rack 19\u2033 2U 48FO es la soluci\u00f3n perfecta para asegurar la seguridad de tus equipos en tu rack. Con su dise\u00f1o de 2U, ofrece suficiente espacio para manejar hasta 48 fibras, manteniendo todo organizado y accesible. Su construcci\u00f3n robusta garantiza una protecci\u00f3n confiable para tus equipos<\/p>\n","protected":false},"featured_media":4551,"template":"","meta":{"_joinchat":[]},"product_brand":[88],"product_cat":[82,15],"product_tag":[136],"class_list":{"0":"post-4550","1":"product","2":"type-product","3":"status-publish","4":"has-post-thumbnail","6":"product_brand-skynet","7":"product_cat-equipos-pasivos","8":"product_cat-todas-las-categorias","9":"product_tag-cabecera-optica-48-fo-sc-apc-odf","11":"first","12":"instock","13":"shipping-taxable","14":"product-type-simple"},"jetpack_sharing_enabled":true,"_links":{"self":[{"href":"https:\/\/hyltelecom.cl\/en\/wp-json\/wp\/v2\/product\/4550","targetHints":{"allow":["GET"]}}],"collection":[{"href":"https:\/\/hyltelecom.cl\/en\/wp-json\/wp\/v2\/product"}],"about":[{"href":"https:\/\/hyltelecom.cl\/en\/wp-json\/wp\/v2\/types\/product"}],"version-history":[{"count":1,"href":"https:\/\/hyltelecom.cl\/en\/wp-json\/wp\/v2\/product\/4550\/revisions"}],"predecessor-version":[{"id":4552,"href":"https:\/\/hyltelecom.cl\/en\/wp-json\/wp\/v2\/product\/4550\/revisions\/4552"}],"wp:featuredmedia":[{"embeddable":true,"href":"https:\/\/hyltelecom.cl\/en\/wp-json\/wp\/v2\/media\/4551"}],"wp:attachment":[{"href":"https:\/\/hyltelecom.cl\/en\/wp-json\/wp\/v2\/media?parent=4550"}],"wp:term":[{"taxonomy":"product_brand","embeddable":true,"href":"https:\/\/hyltelecom.cl\/en\/wp-json\/wp\/v2\/product_brand?post=4550"},{"taxonomy":"product_cat","embeddable":true,"href":"https:\/\/hyltelecom.cl\/en\/wp-json\/wp\/v2\/product_cat?post=4550"},{"taxonomy":"product_tag","embeddable":true,"href":"https:\/\/hyltelecom.cl\/en\/wp-json\/wp\/v2\/product_tag?post=4550"}],"curies":[{"name":"wp","href":"https:\/\/api.w.org\/{rel}","templated":true}]}}