{"id":4553,"date":"2026-04-03T04:30:33","date_gmt":"2026-04-03T04:30:33","guid":{"rendered":"https:\/\/hyltelecom.cl\/?post_type=product&#038;p=4553"},"modified":"2026-04-03T04:30:51","modified_gmt":"2026-04-03T04:30:51","slug":"gabinete-rack-mural-6u-600x450","status":"publish","type":"product","link":"https:\/\/hyltelecom.cl\/en\/catalogo-hyl-telecom\/gabinete-rack-mural-6u-600x450\/","title":{"rendered":"GABINETE RACK MURAL 6U 600X450"},"content":{"rendered":"<p>Hechos de placas de acero laminado en fr\u00edo de espesor SPCC de alta calidad, procesadas por tecnolog\u00eda de condensaci\u00f3n avanzada y tienen una excelente resistencia a la compresi\u00f3n y s\u00edsmica;<br \/>\n\u00b7 La superficie est\u00e1 galvanizada con una tira de aluminio resistente a los orificios cuadrados, y la producci\u00f3n autom\u00e1tica de moldes y el corte por l\u00e1ser de la f\u00e1brica hacen que los productos sean estables y resistentes;<br \/>\n\u00b7 cada parte del producto es desengrasado, decapado, fosfatado y rociado electrost\u00e1tico, lo que mejora en gran medida la calidad del producto. Capacidad antioxidaci\u00f3n y anticorrosi\u00f3n;<br \/>\n\u00b7 El producto terminado se ha sometido a una estricta inspecci\u00f3n de calidad, WCreening y control, y cumple completamente con los est\u00e1ndares mencionados anteriormente para garantizar que los productos sean de una excelente calidad<\/p>\n<p>Entrada de cables tanto en la tapa superior como en el panel inferior.<br \/>\n\u00b7 Puerta frontal de acero, se puede cambiar la direcci\u00f3n de apertura de la puerta,<br \/>\nEl \u00e1ngulo de giro de la puerta principal es de m\u00e1s de 180 grados.<br \/>\n\u00b7 Diferentes estilos de puertas opcionales<br \/>\n\u00b7 Panel montado en la pared, conveniencia para la instalaci\u00f3n, bloqueado<br \/>\ndesde el interior con tornillo<\/p>\n","protected":false},"excerpt":{"rendered":"<p>Entrada de cables tanto en la tapa superior como en el panel inferior.<br \/>\n\u00b7 Puerta frontal de acero, se puede cambiar la direcci\u00f3n de apertura de la puerta,<br \/>\nEl \u00e1ngulo de giro de la puerta principal es de m\u00e1s de 180 grados.<br \/>\n\u00b7 Diferentes estilos de puertas opcionales<br \/>\n\u00b7 Panel montado en la pared, conveniencia para la instalaci\u00f3n, bloqueado<br \/>\ndesde el interior con tornillo<\/p>\n","protected":false},"featured_media":4554,"template":"","meta":{"_joinchat":[]},"product_brand":[88],"product_cat":[82,15],"product_tag":[137],"class_list":{"0":"post-4553","1":"product","2":"type-product","3":"status-publish","4":"has-post-thumbnail","6":"product_brand-skynet","7":"product_cat-equipos-pasivos","8":"product_cat-todas-las-categorias","9":"product_tag-gabinete-rack-mural-6u-600x450","11":"first","12":"instock","13":"shipping-taxable","14":"product-type-simple"},"jetpack_sharing_enabled":true,"_links":{"self":[{"href":"https:\/\/hyltelecom.cl\/en\/wp-json\/wp\/v2\/product\/4553","targetHints":{"allow":["GET"]}}],"collection":[{"href":"https:\/\/hyltelecom.cl\/en\/wp-json\/wp\/v2\/product"}],"about":[{"href":"https:\/\/hyltelecom.cl\/en\/wp-json\/wp\/v2\/types\/product"}],"version-history":[{"count":1,"href":"https:\/\/hyltelecom.cl\/en\/wp-json\/wp\/v2\/product\/4553\/revisions"}],"predecessor-version":[{"id":4556,"href":"https:\/\/hyltelecom.cl\/en\/wp-json\/wp\/v2\/product\/4553\/revisions\/4556"}],"wp:featuredmedia":[{"embeddable":true,"href":"https:\/\/hyltelecom.cl\/en\/wp-json\/wp\/v2\/media\/4554"}],"wp:attachment":[{"href":"https:\/\/hyltelecom.cl\/en\/wp-json\/wp\/v2\/media?parent=4553"}],"wp:term":[{"taxonomy":"product_brand","embeddable":true,"href":"https:\/\/hyltelecom.cl\/en\/wp-json\/wp\/v2\/product_brand?post=4553"},{"taxonomy":"product_cat","embeddable":true,"href":"https:\/\/hyltelecom.cl\/en\/wp-json\/wp\/v2\/product_cat?post=4553"},{"taxonomy":"product_tag","embeddable":true,"href":"https:\/\/hyltelecom.cl\/en\/wp-json\/wp\/v2\/product_tag?post=4553"}],"curies":[{"name":"wp","href":"https:\/\/api.w.org\/{rel}","templated":true}]}}