{"id":4567,"date":"2026-04-03T04:38:07","date_gmt":"2026-04-03T04:38:07","guid":{"rendered":"https:\/\/hyltelecom.cl\/?post_type=product&#038;p=4567"},"modified":"2026-04-03T04:38:42","modified_gmt":"2026-04-03T04:38:42","slug":"organizador-cables-horizontal-1u","status":"publish","type":"product","link":"https:\/\/hyltelecom.cl\/en\/catalogo-hyl-telecom\/organizador-cables-horizontal-1u\/","title":{"rendered":"ORGANIZADOR CABLES HORIZONTAL 1U"},"content":{"rendered":"<ul>\n<li class=\"a-spacing-mini\"><span class=\"a-list-item\">Materiales de alta calidad: la construcci\u00f3n de acero laminado en fr\u00edo negro garantiza la longevidad en aplicaciones de rack. Panel s\u00f3lido con lados plegados que mejora el flujo de aire pasivo y evita la recirculaci\u00f3n<\/span><\/li>\n<li class=\"a-spacing-mini\"><span class=\"a-list-item\">F\u00e1cil de instalar: la instalaci\u00f3n y el desmontaje son muy convenientes, y la cantidad y la ubicaci\u00f3n se pueden ajustar arbitrariamente. Los cables se enganchan f\u00e1cilmente en los anillos.<\/span><\/li>\n<li class=\"a-spacing-mini\"><span class=\"a-list-item\">El paquete incluye: 1 panel de gesti\u00f3n de cables de montaje en rack 1U horizontal de 19 pulgadas con 5 anillos en D de 3 pulgadas de profundidad<\/span><\/li>\n<li class=\"a-spacing-mini\"><span class=\"a-list-item\">Ideal para racks y gabinetes de servidores, armarios de cableado estructurado y cableado de distribuci\u00f3n de red para mantener los cables limpios y ordenados<\/span><\/li>\n<\/ul>\n","protected":false},"excerpt":{"rendered":"<ul>\n<li class=\"a-spacing-mini\"><span class=\"a-list-item\">Dise\u00f1o de ahorro de espacio en 1U: los paneles de rack con anilla en D de gesti\u00f3n de cables te ayudan a ordenar y organizar tus cables para reducir el desorden y la tensi\u00f3n en los cables. A pesar del perfil bajo del panel, todav\u00eda proporciona mucha gesti\u00f3n de cables.<\/span><\/li>\n<li class=\"a-spacing-mini\"><span class=\"a-list-item\">5 anillos de metal duraderos: el dise\u00f1o de cinco anillos reduce la tensi\u00f3n del cable para conexiones m\u00e1s confiables. Los anillos de metal duraderos son fuertes y confiables.<\/span><\/li>\n<\/ul>\n","protected":false},"featured_media":4569,"template":"","meta":{"_joinchat":[]},"product_brand":[88],"product_cat":[82,15],"product_tag":[141],"class_list":{"0":"post-4567","1":"product","2":"type-product","3":"status-publish","4":"has-post-thumbnail","6":"product_brand-skynet","7":"product_cat-equipos-pasivos","8":"product_cat-todas-las-categorias","9":"product_tag-organizador-cables-horizontal-1u","11":"first","12":"instock","13":"shipping-taxable","14":"product-type-simple"},"jetpack_sharing_enabled":true,"_links":{"self":[{"href":"https:\/\/hyltelecom.cl\/en\/wp-json\/wp\/v2\/product\/4567","targetHints":{"allow":["GET"]}}],"collection":[{"href":"https:\/\/hyltelecom.cl\/en\/wp-json\/wp\/v2\/product"}],"about":[{"href":"https:\/\/hyltelecom.cl\/en\/wp-json\/wp\/v2\/types\/product"}],"version-history":[{"count":1,"href":"https:\/\/hyltelecom.cl\/en\/wp-json\/wp\/v2\/product\/4567\/revisions"}],"predecessor-version":[{"id":4568,"href":"https:\/\/hyltelecom.cl\/en\/wp-json\/wp\/v2\/product\/4567\/revisions\/4568"}],"wp:featuredmedia":[{"embeddable":true,"href":"https:\/\/hyltelecom.cl\/en\/wp-json\/wp\/v2\/media\/4569"}],"wp:attachment":[{"href":"https:\/\/hyltelecom.cl\/en\/wp-json\/wp\/v2\/media?parent=4567"}],"wp:term":[{"taxonomy":"product_brand","embeddable":true,"href":"https:\/\/hyltelecom.cl\/en\/wp-json\/wp\/v2\/product_brand?post=4567"},{"taxonomy":"product_cat","embeddable":true,"href":"https:\/\/hyltelecom.cl\/en\/wp-json\/wp\/v2\/product_cat?post=4567"},{"taxonomy":"product_tag","embeddable":true,"href":"https:\/\/hyltelecom.cl\/en\/wp-json\/wp\/v2\/product_tag?post=4567"}],"curies":[{"name":"wp","href":"https:\/\/api.w.org\/{rel}","templated":true}]}}