{"id":4589,"date":"2026-04-03T04:49:35","date_gmt":"2026-04-03T04:49:35","guid":{"rendered":"https:\/\/hyltelecom.cl\/?post_type=product&#038;p=4589"},"modified":"2026-04-03T04:50:06","modified_gmt":"2026-04-03T04:50:06","slug":"detector-de-trafico-fibra-optica","status":"publish","type":"product","link":"https:\/\/hyltelecom.cl\/en\/catalogo-hyl-telecom\/detector-de-trafico-fibra-optica\/","title":{"rendered":"Detector de Trafico Fibra \u00d3ptica"},"content":{"rendered":"<p>Eficientemente identifica la direcci\u00f3n del tr\u00e1fico y la frecuencia (270 Hz,1KHz, 2KHz) con alerta sonora.<br \/>\nMuestra la relativa potencia de n\u00facleo.<br \/>\nPrueba m\u00e1s precisa con sombrilla.<br \/>\nAdaptadores f\u00e1ciles de sustituir.<br \/>\nResistente carcasa met\u00e1lica y excelente calidad de fabricaci\u00f3n.<br \/>\nMenor indicaci\u00f3n de alimentaci\u00f3n.<\/p>\n","protected":false},"excerpt":{"rendered":"<p><strong>Identificador de fibra \u00f3ptica<\/strong><br \/>\nPuede identificar la direcci\u00f3n de transmisi\u00f3n fibra y visualizar la potencia relativa del n\u00facleo sin ning\u00fan da\u00f1o al curvar la fibra. Cuando el tr\u00e1fico\u00a0est\u00e1 presente, se activa la se\u00f1al ac\u00fastica intermitente. El detector de tr\u00e1fico tambi\u00e9n reconoce la modulaci\u00f3n de 270Hz, 1 kHz y 2 kHz.Cuando se utiliza para detectar la frecuencia, el continuo tono audible est\u00e1 activado. Incluye cuatro adaptadores para la fibra: \u00d8 0,25, \u00d8 0.9, 2.0 y \u00d8 3.0. El detector es alimentado por una bater\u00eda alcalina de 9V.<br \/>\nF\u00e1cil de usar con la operaci\u00f3n de una tecla.<\/p>\n","protected":false},"featured_media":4592,"template":"","meta":{"_joinchat":[]},"product_brand":[88],"product_cat":[84,15],"product_tag":[146],"class_list":{"0":"post-4589","1":"product","2":"type-product","3":"status-publish","4":"has-post-thumbnail","6":"product_brand-skynet","7":"product_cat-instrumentos-fibra-optica","8":"product_cat-todas-las-categorias","9":"product_tag-detector-de-trafico-fibra-optica","11":"first","12":"instock","13":"shipping-taxable","14":"product-type-simple"},"jetpack_sharing_enabled":true,"_links":{"self":[{"href":"https:\/\/hyltelecom.cl\/en\/wp-json\/wp\/v2\/product\/4589","targetHints":{"allow":["GET"]}}],"collection":[{"href":"https:\/\/hyltelecom.cl\/en\/wp-json\/wp\/v2\/product"}],"about":[{"href":"https:\/\/hyltelecom.cl\/en\/wp-json\/wp\/v2\/types\/product"}],"version-history":[{"count":2,"href":"https:\/\/hyltelecom.cl\/en\/wp-json\/wp\/v2\/product\/4589\/revisions"}],"predecessor-version":[{"id":4591,"href":"https:\/\/hyltelecom.cl\/en\/wp-json\/wp\/v2\/product\/4589\/revisions\/4591"}],"wp:featuredmedia":[{"embeddable":true,"href":"https:\/\/hyltelecom.cl\/en\/wp-json\/wp\/v2\/media\/4592"}],"wp:attachment":[{"href":"https:\/\/hyltelecom.cl\/en\/wp-json\/wp\/v2\/media?parent=4589"}],"wp:term":[{"taxonomy":"product_brand","embeddable":true,"href":"https:\/\/hyltelecom.cl\/en\/wp-json\/wp\/v2\/product_brand?post=4589"},{"taxonomy":"product_cat","embeddable":true,"href":"https:\/\/hyltelecom.cl\/en\/wp-json\/wp\/v2\/product_cat?post=4589"},{"taxonomy":"product_tag","embeddable":true,"href":"https:\/\/hyltelecom.cl\/en\/wp-json\/wp\/v2\/product_tag?post=4589"}],"curies":[{"name":"wp","href":"https:\/\/api.w.org\/{rel}","templated":true}]}}