{"id":4593,"date":"2026-04-03T04:51:05","date_gmt":"2026-04-03T04:51:05","guid":{"rendered":"https:\/\/hyltelecom.cl\/?post_type=product&#038;p=4593"},"modified":"2026-04-03T04:51:32","modified_gmt":"2026-04-03T04:51:32","slug":"localizador-de-fallas-vfl-10km","status":"publish","type":"product","link":"https:\/\/hyltelecom.cl\/en\/catalogo-hyl-telecom\/localizador-de-fallas-vfl-10km\/","title":{"rendered":"LOCALIZADOR DE FALLAS VFL 10KM"},"content":{"rendered":"<p>El localizador l\u00e1ser de fallas visuales 650nm tipo l\u00e1piz, tiene la funci\u00f3n de identificaci\u00f3n de fibra y localizador de fallas de fibra Monomodo (SM) o Multimodo (MM), es un asistente \u00fatil para zona muerta de OTDR, tambi\u00e9n es una herramienta de mantenimiento b\u00e1sica para red de fibra, LAN, sistema de fibra ATM y sistema de red de telecomunicaciones.<\/p>\n<p><strong>CARACTER\u00cdSTICAS<\/strong><\/p>\n<ul>\n<li>Soporte CW y de 2Hz de modulaci\u00f3n en modo trabajo<\/li>\n<li>Tiene un dise\u00f1o de l\u00e1ser con terminaci\u00f3n especial para evitar da\u00f1os al caer al suelo<\/li>\n<li>Utilice un circuito de controlador l\u00e1ser especial, que puede garantizar una salida de potencia estable en la bater\u00eda baja<\/li>\n<li>Con un adaptador universal de 2.5 mm puede coincidir con los adaptadores SC\/LC<\/li>\n<\/ul>\n<p><strong>ESPECIFICACIONES<\/strong><\/p>\n<p><strong>Longitud de onda:<\/strong><br \/>\n650nm \u00b1 10nm<br \/>\n<strong>Fuente de luz:<\/strong><br \/>\nL\u00e1ser FP-LD<br \/>\n<strong>Potencia de salida:<\/strong><br \/>\n1 ~ 30 mW<br \/>\n<strong>Distancia m\u00e1xima FO monomodo:<\/strong><br \/>\n10 km<br \/>\n<strong>Conector:<\/strong><br \/>\nAdaptador universal de 2.5 mm<br \/>\nModo de trabajo CW o modulaci\u00f3n de 2Hz<br \/>\n<strong>Temperatura de operaci\u00f3n:<\/strong><br \/>\n0 ~ +40\u00b0C<br \/>\n<strong>Temperatura de almacenamiento:<\/strong><br \/>\n-25 ~ +70\u00b0C<br \/>\n<strong>Potencia:<\/strong><br \/>\n2 bater\u00edas AA<br \/>\n<strong>Peso:<\/strong><br \/>\n100g (sin incluir las bater\u00edas)<br \/>\n<strong>Dimensi\u00f3n (mm):<\/strong><br \/>\nA: 23; L: 207<\/p>\n","protected":false},"excerpt":{"rendered":"<p>El localizador l\u00e1ser de fallas visuales 650nm tipo l\u00e1piz, tiene la funci\u00f3n de identificaci\u00f3n de fibra y localizador de fallas de fibra Monomodo (SM) o Multimodo (MM), es un asistente \u00fatil para zona muerta de OTDR, tambi\u00e9n es una herramienta de mantenimiento b\u00e1sica para red de fibra, LAN, sistema de fibra ATM y sistema de red de telecomunicaciones.<\/p>\n<p><strong>CARACTER\u00cdSTICAS<\/strong><\/p>\n<ul>\n<li>Soporte CW y de 2Hz de modulaci\u00f3n en modo trabajo<\/li>\n<li>Tiene un dise\u00f1o de l\u00e1ser con terminaci\u00f3n especial para evitar da\u00f1os al caer al suelo<\/li>\n<li>Utilice un circuito de controlador l\u00e1ser especial, que puede garantizar una salida de potencia estable en la bater\u00eda baja<\/li>\n<li>Con un adaptador universal de 2.5 mm puede coincidir con los adaptadores SC\/LC<\/li>\n<\/ul>\n","protected":false},"featured_media":4595,"template":"","meta":{"_joinchat":[]},"product_brand":[88],"product_cat":[84,15],"product_tag":[147],"class_list":{"0":"post-4593","1":"product","2":"type-product","3":"status-publish","4":"has-post-thumbnail","6":"product_brand-skynet","7":"product_cat-instrumentos-fibra-optica","8":"product_cat-todas-las-categorias","9":"product_tag-localizador-de-fallas-vfl-10km","11":"first","12":"instock","13":"shipping-taxable","14":"product-type-simple"},"jetpack_sharing_enabled":true,"_links":{"self":[{"href":"https:\/\/hyltelecom.cl\/en\/wp-json\/wp\/v2\/product\/4593","targetHints":{"allow":["GET"]}}],"collection":[{"href":"https:\/\/hyltelecom.cl\/en\/wp-json\/wp\/v2\/product"}],"about":[{"href":"https:\/\/hyltelecom.cl\/en\/wp-json\/wp\/v2\/types\/product"}],"version-history":[{"count":1,"href":"https:\/\/hyltelecom.cl\/en\/wp-json\/wp\/v2\/product\/4593\/revisions"}],"predecessor-version":[{"id":4594,"href":"https:\/\/hyltelecom.cl\/en\/wp-json\/wp\/v2\/product\/4593\/revisions\/4594"}],"wp:featuredmedia":[{"embeddable":true,"href":"https:\/\/hyltelecom.cl\/en\/wp-json\/wp\/v2\/media\/4595"}],"wp:attachment":[{"href":"https:\/\/hyltelecom.cl\/en\/wp-json\/wp\/v2\/media?parent=4593"}],"wp:term":[{"taxonomy":"product_brand","embeddable":true,"href":"https:\/\/hyltelecom.cl\/en\/wp-json\/wp\/v2\/product_brand?post=4593"},{"taxonomy":"product_cat","embeddable":true,"href":"https:\/\/hyltelecom.cl\/en\/wp-json\/wp\/v2\/product_cat?post=4593"},{"taxonomy":"product_tag","embeddable":true,"href":"https:\/\/hyltelecom.cl\/en\/wp-json\/wp\/v2\/product_tag?post=4593"}],"curies":[{"name":"wp","href":"https:\/\/api.w.org\/{rel}","templated":true}]}}