{"id":4600,"date":"2026-04-03T04:57:14","date_gmt":"2026-04-03T04:57:14","guid":{"rendered":"https:\/\/hyltelecom.cl\/?post_type=product&#038;p=4600"},"modified":"2026-04-03T04:57:47","modified_gmt":"2026-04-03T04:57:47","slug":"cortadora-de-fibra-optica-fc-6s","status":"publish","type":"product","link":"https:\/\/hyltelecom.cl\/en\/catalogo-hyl-telecom\/cortadora-de-fibra-optica-fc-6s\/","title":{"rendered":"Cortadora de Fibra \u00d3ptica FC-6S"},"content":{"rendered":"<ul>\n<li>Di\u00e1metro de la fibra desnuda: 125\u00b5m.<\/li>\n<li>Di\u00e1metro de la capa externa: 0.25mm ~ 0.9mm.<\/li>\n<li>Longitud de corte: 0.25mm: 9~16mm, 0.9mm: 10~16mm.<\/li>\n<li>Angulo de corte: 0,5 \u00ba.<\/li>\n<li>Contiene estuche para colgar en cintur\u00f2n.<\/li>\n<li>Proceso de corte en 2 pasos.<\/li>\n<li>Ajuste de cuchilla: rotaci\u00f3n y altura.<\/li>\n<li>Tiempo de vida \u00fatil de cuchilla: 36000 operaciones.<\/li>\n<li>Adicionalmente se puede encargar la bandeja para los residuos de fibras cortadas.<\/li>\n<li>Con la presentaci\u00f3n del FC-6S, ahora puede tener la \u00faltima herramienta de precisi\u00f3n para el corte de fibra \u00fanica.\u00a0El FC-6S est\u00e1 disponible con un adaptador de fibra \u00fanica para fibras individuales recubiertas de 250 a 900 micrones.\u00a0Es una operaci\u00f3n simple para que el usuario elimine o instale el adaptador de fibra \u00fanica y alterne entre el corte de masa y de fibra \u00fanica.<\/li>\n<li>Construido sobre una plataforma robusta de alta calidad, el CF-6S es ideal para usar con empalmes de fusi\u00f3n u otras aplicaciones de precisi\u00f3n, estableciendo un nuevo est\u00e1ndar de flexibilidad y rendimiento.\u00a0Se puede instalar un colector de desechos de fibra opcional con el FC-6S para ayudar a mantener los desechos sueltos, como resultado del proceso de corte.\u00a0El recolector de chatarra trabaja para agarrar y almacenar autom\u00e1ticamente las fibras de chatarra a medida que se levanta la tapa de la cuchilla, siguiendo una hendidura completa.<\/li>\n<\/ul>\n<p>&nbsp;<\/p>\n","protected":false},"excerpt":{"rendered":"<p>Cortadora profesional y de precisi\u00f3n, para fibra \u00f3ptica FC-6S. El paso previo a fusionar dos fibras \u00f3pticas, es la realizaci\u00f3n de un corte perfecto. Presentamos la cortadora de precisi\u00f3n para fibra \u00f3ptica, basada en una hoja de corte circular. Este modelo permite ajustar el sitio exacto de corte de la fibra \u00f3ptica. Modelo que permite cambiar la hoja de corte. La hoja de corte permite un ajuste de 12 posiciones. El proceso de corte se realiza en dos pasos: colocaci\u00f3n de la fibra, y cierre\/deslizado de la cuchilla de corte.<\/p>\n","protected":false},"featured_media":4602,"template":"","meta":{"_joinchat":[]},"product_brand":[88],"product_cat":[85,15],"product_tag":[149],"class_list":{"0":"post-4600","1":"product","2":"type-product","3":"status-publish","4":"has-post-thumbnail","6":"product_brand-skynet","7":"product_cat-herramientas-fibra-optica","8":"product_cat-todas-las-categorias","9":"product_tag-cortadora-de-fibra-optica-fc-6s","11":"first","12":"instock","13":"shipping-taxable","14":"product-type-simple"},"jetpack_sharing_enabled":true,"_links":{"self":[{"href":"https:\/\/hyltelecom.cl\/en\/wp-json\/wp\/v2\/product\/4600","targetHints":{"allow":["GET"]}}],"collection":[{"href":"https:\/\/hyltelecom.cl\/en\/wp-json\/wp\/v2\/product"}],"about":[{"href":"https:\/\/hyltelecom.cl\/en\/wp-json\/wp\/v2\/types\/product"}],"version-history":[{"count":2,"href":"https:\/\/hyltelecom.cl\/en\/wp-json\/wp\/v2\/product\/4600\/revisions"}],"predecessor-version":[{"id":4603,"href":"https:\/\/hyltelecom.cl\/en\/wp-json\/wp\/v2\/product\/4600\/revisions\/4603"}],"wp:featuredmedia":[{"embeddable":true,"href":"https:\/\/hyltelecom.cl\/en\/wp-json\/wp\/v2\/media\/4602"}],"wp:attachment":[{"href":"https:\/\/hyltelecom.cl\/en\/wp-json\/wp\/v2\/media?parent=4600"}],"wp:term":[{"taxonomy":"product_brand","embeddable":true,"href":"https:\/\/hyltelecom.cl\/en\/wp-json\/wp\/v2\/product_brand?post=4600"},{"taxonomy":"product_cat","embeddable":true,"href":"https:\/\/hyltelecom.cl\/en\/wp-json\/wp\/v2\/product_cat?post=4600"},{"taxonomy":"product_tag","embeddable":true,"href":"https:\/\/hyltelecom.cl\/en\/wp-json\/wp\/v2\/product_tag?post=4600"}],"curies":[{"name":"wp","href":"https:\/\/api.w.org\/{rel}","templated":true}]}}