{"id":4607,"date":"2026-04-03T05:00:21","date_gmt":"2026-04-03T05:00:21","guid":{"rendered":"https:\/\/hyltelecom.cl\/?post_type=product&#038;p=4607"},"modified":"2026-04-03T05:00:47","modified_gmt":"2026-04-03T05:00:47","slug":"cortadora-de-fibra-optica-de-alta-precision-dy-6c","status":"publish","type":"product","link":"https:\/\/hyltelecom.cl\/en\/catalogo-hyl-telecom\/cortadora-de-fibra-optica-de-alta-precision-dy-6c\/","title":{"rendered":"Cortadora De Fibra \u00d3ptica De Alta Precisi\u00f3n Dy-6c"},"content":{"rendered":"<p>La cortadora de fibra optica de alta precision DY-6C es un instrumento para corte de fibras de alta precisi\u00f3n. Es un cortador de fibra \u00f3ptica multiuso, el producto utiliza 16 puntos de corte y tiene una vida \u00fatil m\u00e1s larga. La cuchilla de alta precisi\u00f3n DY-6C se instala con un soporte 3 en 1 que se aplica a cables de fibra de 250 \u03bcm y cables de fibra de 900 \u03bcm, cables planos y cable puente de fibra. Con la funci\u00f3n de deslizamiento autom\u00e1tico de la cuchilla hacia atr\u00e1s, solo necesita colocar la cubierta hacia atr\u00e1s y empujar la fibra para completar todo el trabajo de corte.<\/p>\n<p>\u2022 Proporciona aproximadamente 36,000 cortes<br \/>\n\u2022 Cuerpo compacto y peso ligero.<br \/>\n\u2022 Cuchilla de alta precisi\u00f3n<br \/>\n\u2022 250um recubierto o 900um Buffer de fibra<br \/>\n\u2022 Hoja de 12 posiciones rotativa y replicable<br \/>\n\u2022 Di\u00e1metro de la fibra 125um<br \/>\n\u2022 Di\u00e1metro de revestimiento 250um ~ 900um<br \/>\n\u2022 \u00c1ngulo de corte t\u00edpico 0.5 grados<br \/>\n\u2022 Longitud de corte 9 \u2013 16 mm (fibra \u00fanica \u2013 revestimiento de 0,25 mm)<br \/>\n\u2022 10 \u2013 16 mm (fibra \u00fanica \u2013 revestimiento de 0,9 mm)<br \/>\n\u2022 Tiempo de vida de la cuchilla 36,000 escisiones (3,000 por posici\u00f3n de la cuchilla)<br \/>\n\u2022 Dimensiones: 63 x 65 x 63 mm<br \/>\n\u2022 Peso 475g<\/p>\n","protected":false},"excerpt":{"rendered":"<p>\u2022 Proporciona aproximadamente 36,000 cortes<br \/>\n\u2022 Cuerpo compacto y peso ligero.<br \/>\n\u2022 Cuchilla de alta precisi\u00f3n<br \/>\n\u2022 250um recubierto o 900um Buffer de fibra<br \/>\n\u2022 Hoja de 12 posiciones rotativa y replicable<br \/>\n\u2022 Di\u00e1metro de la fibra 125um<br \/>\n\u2022 Di\u00e1metro de revestimiento 250um ~ 900um<br \/>\n\u2022 \u00c1ngulo de corte t\u00edpico 0.5 grados<br \/>\n\u2022 Longitud de corte 9 \u2013 16 mm (fibra \u00fanica \u2013 revestimiento de 0,25 mm)<br \/>\n\u2022 10 \u2013 16 mm (fibra \u00fanica \u2013 revestimiento de 0,9 mm)<br \/>\n\u2022 Tiempo de vida de la cuchilla 36,000 escisiones (3,000 por posici\u00f3n de la cuchilla)<br \/>\n\u2022 Dimensiones: 63 x 65 x 63 mm<br \/>\n\u2022 Peso 475g<\/p>\n","protected":false},"featured_media":4609,"template":"","meta":{"_joinchat":[]},"product_brand":[88],"product_cat":[85,15],"product_tag":[151],"class_list":{"0":"post-4607","1":"product","2":"type-product","3":"status-publish","4":"has-post-thumbnail","6":"product_brand-skynet","7":"product_cat-herramientas-fibra-optica","8":"product_cat-todas-las-categorias","9":"product_tag-cortadora-de-fibra-optica-de-alta-precision-dy-6c","11":"first","12":"instock","13":"shipping-taxable","14":"product-type-simple"},"jetpack_sharing_enabled":true,"_links":{"self":[{"href":"https:\/\/hyltelecom.cl\/en\/wp-json\/wp\/v2\/product\/4607","targetHints":{"allow":["GET"]}}],"collection":[{"href":"https:\/\/hyltelecom.cl\/en\/wp-json\/wp\/v2\/product"}],"about":[{"href":"https:\/\/hyltelecom.cl\/en\/wp-json\/wp\/v2\/types\/product"}],"version-history":[{"count":1,"href":"https:\/\/hyltelecom.cl\/en\/wp-json\/wp\/v2\/product\/4607\/revisions"}],"predecessor-version":[{"id":4608,"href":"https:\/\/hyltelecom.cl\/en\/wp-json\/wp\/v2\/product\/4607\/revisions\/4608"}],"wp:featuredmedia":[{"embeddable":true,"href":"https:\/\/hyltelecom.cl\/en\/wp-json\/wp\/v2\/media\/4609"}],"wp:attachment":[{"href":"https:\/\/hyltelecom.cl\/en\/wp-json\/wp\/v2\/media?parent=4607"}],"wp:term":[{"taxonomy":"product_brand","embeddable":true,"href":"https:\/\/hyltelecom.cl\/en\/wp-json\/wp\/v2\/product_brand?post=4607"},{"taxonomy":"product_cat","embeddable":true,"href":"https:\/\/hyltelecom.cl\/en\/wp-json\/wp\/v2\/product_cat?post=4607"},{"taxonomy":"product_tag","embeddable":true,"href":"https:\/\/hyltelecom.cl\/en\/wp-json\/wp\/v2\/product_tag?post=4607"}],"curies":[{"name":"wp","href":"https:\/\/api.w.org\/{rel}","templated":true}]}}