{"id":4761,"date":"2026-04-09T06:09:59","date_gmt":"2026-04-09T06:09:59","guid":{"rendered":"https:\/\/hyltelecom.cl\/?post_type=product&#038;p=4761"},"modified":"2026-04-09T06:09:59","modified_gmt":"2026-04-09T06:09:59","slug":"cable-adss-antiroedor-dielectrico-frp","status":"publish","type":"product","link":"https:\/\/hyltelecom.cl\/en\/catalogo-hyl-telecom\/cable-adss-antiroedor-dielectrico-frp\/","title":{"rendered":"CABLE ADSS ANTIROEDOR DIELECTRICO FRP"},"content":{"rendered":"<p>Incorpora una chaqueta LSZH (Low Smoke Zero Halogen), que minimiza la emisi\u00f3n de humos y gases t\u00f3xicos en caso de incendio, ideal para instalaciones en interiores. Adem\u00e1s, cuenta con una armadura antiroedora diel\u00e9ctrica compuesta por varillas planas de FRP (Fiber Reinforced Plastic), que proporciona protecci\u00f3n contra impactos y mordeduras sin afectar las propiedades diel\u00e9ctricas del cable. Perfecto para tendidos en edificios, subterraneos o zonas de transici\u00f3n entre interior y exterior.<\/p>\n<p>1\u00b7 Chaqueta Externa (LSZH)<br \/>\n2\u00b7 Armadura Antiroedor Varillas planas FRP<br \/>\n3\u00b7 Tubo Holgado, fibra y gel.<br \/>\n4\u00b7 Cinta bloqueo de agua.<br \/>\n5\u00b7 Miembro central de FRP.<br \/>\n6. Hilo de bloqueo de agua.<br \/>\n7. 1 Ripcord<\/p>\n","protected":false},"excerpt":{"rendered":"<p>Cable ADSS (All Dielectric Self-Supporting) para uso interior y exterior, disponible en 12, 24, 48 y 96 hilos, dise\u00f1ado para ofrecer alta resistencia mec\u00e1nica y seguridad en entornos mixtos.<\/p>\n","protected":false},"featured_media":4762,"template":"","meta":{"_joinchat":[]},"product_brand":[88],"product_cat":[80,15],"product_tag":[153],"class_list":{"0":"post-4761","1":"product","2":"type-product","3":"status-publish","4":"has-post-thumbnail","6":"product_brand-skynet","7":"product_cat-fibra-optica","8":"product_cat-todas-las-categorias","9":"product_tag-cable-adss-antiroedor-dielectrico-frp","11":"first","12":"instock","13":"shipping-taxable","14":"product-type-simple"},"jetpack_sharing_enabled":true,"_links":{"self":[{"href":"https:\/\/hyltelecom.cl\/en\/wp-json\/wp\/v2\/product\/4761","targetHints":{"allow":["GET"]}}],"collection":[{"href":"https:\/\/hyltelecom.cl\/en\/wp-json\/wp\/v2\/product"}],"about":[{"href":"https:\/\/hyltelecom.cl\/en\/wp-json\/wp\/v2\/types\/product"}],"version-history":[{"count":1,"href":"https:\/\/hyltelecom.cl\/en\/wp-json\/wp\/v2\/product\/4761\/revisions"}],"predecessor-version":[{"id":4763,"href":"https:\/\/hyltelecom.cl\/en\/wp-json\/wp\/v2\/product\/4761\/revisions\/4763"}],"wp:featuredmedia":[{"embeddable":true,"href":"https:\/\/hyltelecom.cl\/en\/wp-json\/wp\/v2\/media\/4762"}],"wp:attachment":[{"href":"https:\/\/hyltelecom.cl\/en\/wp-json\/wp\/v2\/media?parent=4761"}],"wp:term":[{"taxonomy":"product_brand","embeddable":true,"href":"https:\/\/hyltelecom.cl\/en\/wp-json\/wp\/v2\/product_brand?post=4761"},{"taxonomy":"product_cat","embeddable":true,"href":"https:\/\/hyltelecom.cl\/en\/wp-json\/wp\/v2\/product_cat?post=4761"},{"taxonomy":"product_tag","embeddable":true,"href":"https:\/\/hyltelecom.cl\/en\/wp-json\/wp\/v2\/product_tag?post=4761"}],"curies":[{"name":"wp","href":"https:\/\/api.w.org\/{rel}","templated":true}]}}