{"id":4765,"date":"2026-04-09T06:12:34","date_gmt":"2026-04-09T06:12:34","guid":{"rendered":"https:\/\/hyltelecom.cl\/?post_type=product&#038;p=4765"},"modified":"2026-04-09T06:12:34","modified_gmt":"2026-04-09T06:12:34","slug":"cable-adss-span-120","status":"publish","type":"product","link":"https:\/\/hyltelecom.cl\/en\/catalogo-hyl-telecom\/cable-adss-span-120\/","title":{"rendered":"CABLE ADSS SPAN 120"},"content":{"rendered":"<p>1\u00b7 Chaqueta Externa (HDPE).<br \/>\n2\u00b7 Hilos de aramida.<br \/>\n3\u00b7 Tubo Holgado.<br \/>\n4\u00b7 Fibra y gel.<br \/>\n5\u00b7 Miembro central de refuerzo (FRP)<br \/>\n6\u00b7 Hilo bloqueo de agua.<br \/>\n7\u00b7 Cinta bloqueo de agua.<\/p>\n","protected":false},"excerpt":{"rendered":"<p>Cable ADSS (All Dielectric Self-Supporting) totalmente diel\u00e9ctrico, disponible en configuraciones de 12, 24, 48, 96, 144 y 288 hilos, dise\u00f1ado para SPAN de 120 m, con refuerzo de aramida, cubierta HDPE resistente a UV y humedad, ideal para tendidos a\u00e9reos.<\/p>\n","protected":false},"featured_media":4766,"template":"","meta":{"_joinchat":[]},"product_brand":[88],"product_cat":[80,15],"product_tag":[154],"class_list":{"0":"post-4765","1":"product","2":"type-product","3":"status-publish","4":"has-post-thumbnail","6":"product_brand-skynet","7":"product_cat-fibra-optica","8":"product_cat-todas-las-categorias","9":"product_tag-cable-adss-span-120","11":"first","12":"instock","13":"shipping-taxable","14":"product-type-simple"},"jetpack_sharing_enabled":true,"_links":{"self":[{"href":"https:\/\/hyltelecom.cl\/en\/wp-json\/wp\/v2\/product\/4765","targetHints":{"allow":["GET"]}}],"collection":[{"href":"https:\/\/hyltelecom.cl\/en\/wp-json\/wp\/v2\/product"}],"about":[{"href":"https:\/\/hyltelecom.cl\/en\/wp-json\/wp\/v2\/types\/product"}],"version-history":[{"count":1,"href":"https:\/\/hyltelecom.cl\/en\/wp-json\/wp\/v2\/product\/4765\/revisions"}],"predecessor-version":[{"id":4767,"href":"https:\/\/hyltelecom.cl\/en\/wp-json\/wp\/v2\/product\/4765\/revisions\/4767"}],"wp:featuredmedia":[{"embeddable":true,"href":"https:\/\/hyltelecom.cl\/en\/wp-json\/wp\/v2\/media\/4766"}],"wp:attachment":[{"href":"https:\/\/hyltelecom.cl\/en\/wp-json\/wp\/v2\/media?parent=4765"}],"wp:term":[{"taxonomy":"product_brand","embeddable":true,"href":"https:\/\/hyltelecom.cl\/en\/wp-json\/wp\/v2\/product_brand?post=4765"},{"taxonomy":"product_cat","embeddable":true,"href":"https:\/\/hyltelecom.cl\/en\/wp-json\/wp\/v2\/product_cat?post=4765"},{"taxonomy":"product_tag","embeddable":true,"href":"https:\/\/hyltelecom.cl\/en\/wp-json\/wp\/v2\/product_tag?post=4765"}],"curies":[{"name":"wp","href":"https:\/\/api.w.org\/{rel}","templated":true}]}}