{"id":4768,"date":"2026-04-09T06:13:53","date_gmt":"2026-04-09T06:13:53","guid":{"rendered":"https:\/\/hyltelecom.cl\/?post_type=product&#038;p=4768"},"modified":"2026-04-09T06:13:53","modified_gmt":"2026-04-09T06:13:53","slug":"cable-adss-span-300","status":"publish","type":"product","link":"https:\/\/hyltelecom.cl\/en\/catalogo-hyl-telecom\/cable-adss-span-300\/","title":{"rendered":"CABLE ADSS SPAN 300"},"content":{"rendered":"<p>1\u00b7 Chaqueta Externa (HDPE).<br \/>\n2\u00b7 Hilos de aramida.<br \/>\n3\u00b7 Chaqueta Interna (PE)<br \/>\n4\u00b7 Tubo holgado, Fibra y gel.<br \/>\n5\u00b7 Miembro central de refuerzo (FRP)<br \/>\n6\u00b7 Hilo bloqueo de agua.<br \/>\n7\u00b7 Cinta bloqueo de agua.<br \/>\n8\u00b7 4 Rip cord (2 Chaqueta externa y 2 Chaqueta interna)<\/p>\n","protected":false},"excerpt":{"rendered":"<p>Cable ADSS (All Dielectric Self-Supporting) de 24, 48 y 96 hilos, dise\u00f1ado para SPAN de 300 m, con doble chaqueta: interna de PE y externa de HDPE resistente a rayos UV, ideal para tendidos a\u00e9reos de larga distancia en redes de fibra \u00f3ptica.<\/p>\n","protected":false},"featured_media":4769,"template":"","meta":{"_joinchat":[]},"product_brand":[88],"product_cat":[80,15],"product_tag":[155],"class_list":{"0":"post-4768","1":"product","2":"type-product","3":"status-publish","4":"has-post-thumbnail","6":"product_brand-skynet","7":"product_cat-fibra-optica","8":"product_cat-todas-las-categorias","9":"product_tag-cable-adss-span-300","11":"first","12":"instock","13":"shipping-taxable","14":"product-type-simple"},"jetpack_sharing_enabled":true,"_links":{"self":[{"href":"https:\/\/hyltelecom.cl\/en\/wp-json\/wp\/v2\/product\/4768","targetHints":{"allow":["GET"]}}],"collection":[{"href":"https:\/\/hyltelecom.cl\/en\/wp-json\/wp\/v2\/product"}],"about":[{"href":"https:\/\/hyltelecom.cl\/en\/wp-json\/wp\/v2\/types\/product"}],"version-history":[{"count":1,"href":"https:\/\/hyltelecom.cl\/en\/wp-json\/wp\/v2\/product\/4768\/revisions"}],"predecessor-version":[{"id":4770,"href":"https:\/\/hyltelecom.cl\/en\/wp-json\/wp\/v2\/product\/4768\/revisions\/4770"}],"wp:featuredmedia":[{"embeddable":true,"href":"https:\/\/hyltelecom.cl\/en\/wp-json\/wp\/v2\/media\/4769"}],"wp:attachment":[{"href":"https:\/\/hyltelecom.cl\/en\/wp-json\/wp\/v2\/media?parent=4768"}],"wp:term":[{"taxonomy":"product_brand","embeddable":true,"href":"https:\/\/hyltelecom.cl\/en\/wp-json\/wp\/v2\/product_brand?post=4768"},{"taxonomy":"product_cat","embeddable":true,"href":"https:\/\/hyltelecom.cl\/en\/wp-json\/wp\/v2\/product_cat?post=4768"},{"taxonomy":"product_tag","embeddable":true,"href":"https:\/\/hyltelecom.cl\/en\/wp-json\/wp\/v2\/product_tag?post=4768"}],"curies":[{"name":"wp","href":"https:\/\/api.w.org\/{rel}","templated":true}]}}