{"id":4774,"date":"2026-04-09T06:16:14","date_gmt":"2026-04-09T06:16:14","guid":{"rendered":"https:\/\/hyltelecom.cl\/?post_type=product&#038;p=4774"},"modified":"2026-04-09T06:16:14","modified_gmt":"2026-04-09T06:16:14","slug":"cable-fibra-optica-riser","status":"publish","type":"product","link":"https:\/\/hyltelecom.cl\/en\/catalogo-hyl-telecom\/cable-fibra-optica-riser\/","title":{"rendered":"CABLE FIBRA \u00d3PTICA RISER"},"content":{"rendered":"<p>1\u00b7 Chaqueta externa (LSZH Anti UV \u2013 Blanco)<br \/>\n2\u00b7 Hilos de aramida<br \/>\n3\u00b7 Micro modulos (Libre de gel)<br \/>\n4\u00b7 Fibra.<\/p>\n","protected":false},"excerpt":{"rendered":"<p>Cable de fibra \u00f3ptica tipo Riser, dise\u00f1ado para instalaciones verticales en edificios (redes interiores). Disponible en configuraciones de fibra libre de gel, lo que facilita su manipulaci\u00f3n, empalme y limpieza durante la instalaci\u00f3n. Incorpora una chaqueta LSZH (Low Smoke Zero Halogen) de color blanco y resistente a rayos UV, que ofrece baja emisi\u00f3n de humos y gases t\u00f3xicos, garantizando seguridad en entornos cerrados y durabilidad frente a la exposici\u00f3n lum\u00ednica indirecta. Ideal para canalizaciones verticales, gabinetes de telecomunicaciones y cuartos de equipos en infraestructuras de edificios modernos.<\/p>\n","protected":false},"featured_media":4775,"template":"","meta":{"_joinchat":[]},"product_brand":[88],"product_cat":[80,15],"product_tag":[157],"class_list":{"0":"post-4774","1":"product","2":"type-product","3":"status-publish","4":"has-post-thumbnail","6":"product_brand-skynet","7":"product_cat-fibra-optica","8":"product_cat-todas-las-categorias","9":"product_tag-cable-fibra-optica-riser","11":"first","12":"instock","13":"shipping-taxable","14":"product-type-simple"},"jetpack_sharing_enabled":true,"_links":{"self":[{"href":"https:\/\/hyltelecom.cl\/en\/wp-json\/wp\/v2\/product\/4774","targetHints":{"allow":["GET"]}}],"collection":[{"href":"https:\/\/hyltelecom.cl\/en\/wp-json\/wp\/v2\/product"}],"about":[{"href":"https:\/\/hyltelecom.cl\/en\/wp-json\/wp\/v2\/types\/product"}],"version-history":[{"count":1,"href":"https:\/\/hyltelecom.cl\/en\/wp-json\/wp\/v2\/product\/4774\/revisions"}],"predecessor-version":[{"id":4776,"href":"https:\/\/hyltelecom.cl\/en\/wp-json\/wp\/v2\/product\/4774\/revisions\/4776"}],"wp:featuredmedia":[{"embeddable":true,"href":"https:\/\/hyltelecom.cl\/en\/wp-json\/wp\/v2\/media\/4775"}],"wp:attachment":[{"href":"https:\/\/hyltelecom.cl\/en\/wp-json\/wp\/v2\/media?parent=4774"}],"wp:term":[{"taxonomy":"product_brand","embeddable":true,"href":"https:\/\/hyltelecom.cl\/en\/wp-json\/wp\/v2\/product_brand?post=4774"},{"taxonomy":"product_cat","embeddable":true,"href":"https:\/\/hyltelecom.cl\/en\/wp-json\/wp\/v2\/product_cat?post=4774"},{"taxonomy":"product_tag","embeddable":true,"href":"https:\/\/hyltelecom.cl\/en\/wp-json\/wp\/v2\/product_tag?post=4774"}],"curies":[{"name":"wp","href":"https:\/\/api.w.org\/{rel}","templated":true}]}}