{"id":4790,"date":"2026-04-09T06:23:50","date_gmt":"2026-04-09T06:23:50","guid":{"rendered":"https:\/\/hyltelecom.cl\/?post_type=product&#038;p=4790"},"modified":"2026-04-09T06:23:50","modified_gmt":"2026-04-09T06:23:50","slug":"adaptador-lc-duplex-upc-hembra-hembra-ceramico","status":"publish","type":"product","link":"https:\/\/hyltelecom.cl\/en\/catalogo-hyl-telecom\/adaptador-lc-duplex-upc-hembra-hembra-ceramico\/","title":{"rendered":"ADAPTADOR LC DUPLEX UPC HEMBRA\/HEMBRA CER\u00c1MICO"},"content":{"rendered":"<p>Adaptadores de fibra \u00f3ptica para conexi\u00f3n en ODF, dise\u00f1ados para garantizar una alineaci\u00f3n precisa y una conexi\u00f3n segura entre conectores. Fabricados con materiales de alta calidad, ofrecen baja p\u00e9rdida de inserci\u00f3n y alta confiabilidad.<\/p>\n","protected":false},"excerpt":{"rendered":"<p>Adaptadores de fibra \u00f3ptica para ODF que garantizan alineaci\u00f3n precisa y conexi\u00f3n segura. Baja p\u00e9rdida de inserci\u00f3n y m\u00e1xima confiabilidad para un rendimiento superior.<\/p>\n","protected":false},"featured_media":4792,"template":"","meta":{"_joinchat":[]},"product_brand":[88],"product_cat":[82,15],"product_tag":[162],"class_list":{"0":"post-4790","1":"product","2":"type-product","3":"status-publish","4":"has-post-thumbnail","6":"product_brand-skynet","7":"product_cat-equipos-pasivos","8":"product_cat-todas-las-categorias","9":"product_tag-adaptador-lc-duplex-upc-hembra-hembra-ceramico","11":"first","12":"instock","13":"shipping-taxable","14":"product-type-simple"},"jetpack_sharing_enabled":true,"_links":{"self":[{"href":"https:\/\/hyltelecom.cl\/en\/wp-json\/wp\/v2\/product\/4790","targetHints":{"allow":["GET"]}}],"collection":[{"href":"https:\/\/hyltelecom.cl\/en\/wp-json\/wp\/v2\/product"}],"about":[{"href":"https:\/\/hyltelecom.cl\/en\/wp-json\/wp\/v2\/types\/product"}],"version-history":[{"count":2,"href":"https:\/\/hyltelecom.cl\/en\/wp-json\/wp\/v2\/product\/4790\/revisions"}],"predecessor-version":[{"id":4794,"href":"https:\/\/hyltelecom.cl\/en\/wp-json\/wp\/v2\/product\/4790\/revisions\/4794"}],"wp:featuredmedia":[{"embeddable":true,"href":"https:\/\/hyltelecom.cl\/en\/wp-json\/wp\/v2\/media\/4792"}],"wp:attachment":[{"href":"https:\/\/hyltelecom.cl\/en\/wp-json\/wp\/v2\/media?parent=4790"}],"wp:term":[{"taxonomy":"product_brand","embeddable":true,"href":"https:\/\/hyltelecom.cl\/en\/wp-json\/wp\/v2\/product_brand?post=4790"},{"taxonomy":"product_cat","embeddable":true,"href":"https:\/\/hyltelecom.cl\/en\/wp-json\/wp\/v2\/product_cat?post=4790"},{"taxonomy":"product_tag","embeddable":true,"href":"https:\/\/hyltelecom.cl\/en\/wp-json\/wp\/v2\/product_tag?post=4790"}],"curies":[{"name":"wp","href":"https:\/\/api.w.org\/{rel}","templated":true}]}}