{"id":4801,"date":"2026-04-09T06:30:22","date_gmt":"2026-04-09T06:30:22","guid":{"rendered":"https:\/\/hyltelecom.cl\/?post_type=product&#038;p=4801"},"modified":"2026-04-09T06:30:22","modified_gmt":"2026-04-09T06:30:22","slug":"cable-fibra-optica-sm-adss-12f","status":"publish","type":"product","link":"https:\/\/hyltelecom.cl\/en\/catalogo-hyl-telecom\/cable-fibra-optica-sm-adss-12f\/","title":{"rendered":"CABLE FIBRA OPTICA SM ADSS 12F"},"content":{"rendered":"<p>Caracter\u00edsticas y aplicaciones<\/p>\n<p>\u221a Alta resistencia a la tracci\u00f3n<br \/>\n\u221a Toda la estructura diel\u00e9ctrica y el dise\u00f1o de n\u00facleo semiseco<br \/>\n\u221a Di\u00e1metro peque\u00f1o y peso ligero<br \/>\n\u221a Instalaci\u00f3n a\u00e9rea autoportante<\/p>\n<p>&nbsp;<\/p>\n<p>&nbsp;<\/p>\n<p>Cable ADSS 12F 12FO*1Tubos-Fibra de cubierta \u00fanica: ITU G.652D @1310,1383,1550 \u22640.34,0.34,0.21dB\/km<br \/>\nTubos: 4*2.4\u00b10.1mmPBT CSM: 2.4\u00b10.1mm GFRP<br \/>\nRelleno: 2,4 \u00b1 0,1 mm PP<br \/>\nHilo de aramida: MAT Tensi\u00f3n est\u00e1tica m\u00e1s refuerzo central<br \/>\ntensi\u00f3n=4660N*0.4=1865N<br \/>\nCondiciones: Span=80m, Velocidad del viento=App 96Km \/ Hr, Hielo=0mm, Sag=2.8%, SOLO NESC LIGHT A CONSIDERAR=1847N<br \/>\nChaqueta: 10.7\u00b10.1mm HDPE Negro<\/p>\n","protected":false},"excerpt":{"rendered":"<p>1. Tubo suelto: material termopl\u00e1stico, que contiene fibras \u00f3pticas y relleno de gel.<br \/>\n2. Elementos de relleno: Varillas termopl\u00e1sticas.<br \/>\n3. Miembro de fuerza central (CSM): Varilla de pl\u00e1stico reforzada con fibra de vidrio (GFRP), Recubierto con polietileno cuando sea necesario.<br \/>\n4. Material de bloqueo de agua longitudinal: cinta de bloqueo de agua.<br \/>\n5. Elemento de resistencia perif\u00e9rica: Hilo de aramida.<br \/>\n6. Cuerda de apertura<br \/>\n7. Cubierta Exterior: Polietileno negro.<\/p>\n","protected":false},"featured_media":4802,"template":"","meta":{"_joinchat":[]},"product_brand":[88],"product_cat":[80,15],"product_tag":[165],"class_list":{"0":"post-4801","1":"product","2":"type-product","3":"status-publish","4":"has-post-thumbnail","6":"product_brand-skynet","7":"product_cat-fibra-optica","8":"product_cat-todas-las-categorias","9":"product_tag-cable-fibra-optica-sm-adss-12f","11":"first","12":"instock","13":"shipping-taxable","14":"product-type-simple"},"jetpack_sharing_enabled":true,"_links":{"self":[{"href":"https:\/\/hyltelecom.cl\/en\/wp-json\/wp\/v2\/product\/4801","targetHints":{"allow":["GET"]}}],"collection":[{"href":"https:\/\/hyltelecom.cl\/en\/wp-json\/wp\/v2\/product"}],"about":[{"href":"https:\/\/hyltelecom.cl\/en\/wp-json\/wp\/v2\/types\/product"}],"version-history":[{"count":1,"href":"https:\/\/hyltelecom.cl\/en\/wp-json\/wp\/v2\/product\/4801\/revisions"}],"predecessor-version":[{"id":4803,"href":"https:\/\/hyltelecom.cl\/en\/wp-json\/wp\/v2\/product\/4801\/revisions\/4803"}],"wp:featuredmedia":[{"embeddable":true,"href":"https:\/\/hyltelecom.cl\/en\/wp-json\/wp\/v2\/media\/4802"}],"wp:attachment":[{"href":"https:\/\/hyltelecom.cl\/en\/wp-json\/wp\/v2\/media?parent=4801"}],"wp:term":[{"taxonomy":"product_brand","embeddable":true,"href":"https:\/\/hyltelecom.cl\/en\/wp-json\/wp\/v2\/product_brand?post=4801"},{"taxonomy":"product_cat","embeddable":true,"href":"https:\/\/hyltelecom.cl\/en\/wp-json\/wp\/v2\/product_cat?post=4801"},{"taxonomy":"product_tag","embeddable":true,"href":"https:\/\/hyltelecom.cl\/en\/wp-json\/wp\/v2\/product_tag?post=4801"}],"curies":[{"name":"wp","href":"https:\/\/api.w.org\/{rel}","templated":true}]}}