{"id":4804,"date":"2026-04-09T06:34:50","date_gmt":"2026-04-09T06:34:50","guid":{"rendered":"https:\/\/hyltelecom.cl\/?post_type=product&#038;p=4804"},"modified":"2026-04-09T06:34:50","modified_gmt":"2026-04-09T06:34:50","slug":"panos-kim-wipes","status":"publish","type":"product","link":"https:\/\/hyltelecom.cl\/en\/catalogo-hyl-telecom\/panos-kim-wipes\/","title":{"rendered":"Pa\u00f1os Kim Wipes"},"content":{"rendered":"","protected":false},"excerpt":{"rendered":"<p>Los pa\u00f1os Kimwipes son toallas de papel suave y absorbente dise\u00f1adas principalmente para uso en entornos de laboratorio y limpieza de superficies sensibles. Son conocidos por su baja cantidad de residuos y su capacidad para limpiar sin rayar.<\/p>\n","protected":false},"featured_media":4805,"template":"","meta":{"_joinchat":[]},"product_brand":[88],"product_cat":[85,15],"product_tag":[166],"class_list":{"0":"post-4804","1":"product","2":"type-product","3":"status-publish","4":"has-post-thumbnail","6":"product_brand-skynet","7":"product_cat-herramientas-fibra-optica","8":"product_cat-todas-las-categorias","9":"product_tag-panos-kim-wipes","11":"first","12":"instock","13":"shipping-taxable","14":"product-type-simple"},"jetpack_sharing_enabled":true,"_links":{"self":[{"href":"https:\/\/hyltelecom.cl\/en\/wp-json\/wp\/v2\/product\/4804","targetHints":{"allow":["GET"]}}],"collection":[{"href":"https:\/\/hyltelecom.cl\/en\/wp-json\/wp\/v2\/product"}],"about":[{"href":"https:\/\/hyltelecom.cl\/en\/wp-json\/wp\/v2\/types\/product"}],"version-history":[{"count":1,"href":"https:\/\/hyltelecom.cl\/en\/wp-json\/wp\/v2\/product\/4804\/revisions"}],"predecessor-version":[{"id":4806,"href":"https:\/\/hyltelecom.cl\/en\/wp-json\/wp\/v2\/product\/4804\/revisions\/4806"}],"wp:featuredmedia":[{"embeddable":true,"href":"https:\/\/hyltelecom.cl\/en\/wp-json\/wp\/v2\/media\/4805"}],"wp:attachment":[{"href":"https:\/\/hyltelecom.cl\/en\/wp-json\/wp\/v2\/media?parent=4804"}],"wp:term":[{"taxonomy":"product_brand","embeddable":true,"href":"https:\/\/hyltelecom.cl\/en\/wp-json\/wp\/v2\/product_brand?post=4804"},{"taxonomy":"product_cat","embeddable":true,"href":"https:\/\/hyltelecom.cl\/en\/wp-json\/wp\/v2\/product_cat?post=4804"},{"taxonomy":"product_tag","embeddable":true,"href":"https:\/\/hyltelecom.cl\/en\/wp-json\/wp\/v2\/product_tag?post=4804"}],"curies":[{"name":"wp","href":"https:\/\/api.w.org\/{rel}","templated":true}]}}