{"id":4819,"date":"2026-04-09T06:43:42","date_gmt":"2026-04-09T06:43:42","guid":{"rendered":"https:\/\/hyltelecom.cl\/?post_type=product&#038;p=4819"},"modified":"2026-04-09T06:43:42","modified_gmt":"2026-04-09T06:43:42","slug":"pigtail-fibra-optica-monomodo-st-15-metros","status":"publish","type":"product","link":"https:\/\/hyltelecom.cl\/en\/catalogo-hyl-telecom\/pigtail-fibra-optica-monomodo-st-15-metros\/","title":{"rendered":"Pigtail Fibra \u00d3ptica Monomodo ST 1,5 Metros"},"content":{"rendered":"","protected":false},"excerpt":{"rendered":"<p>El pigtail monomodo de 1,5 metros con cubierta es ideal para empalmes por fusi\u00f3n en redes de fibra \u00f3ptica. Ofrece flexibilidad, seguridad y un excelente desempe\u00f1o en enlaces de larga distancia.<\/p>\n","protected":false},"featured_media":4820,"template":"","meta":{"_joinchat":[]},"product_brand":[88],"product_cat":[82,15],"product_tag":[172,171],"class_list":{"0":"post-4819","1":"product","2":"type-product","3":"status-publish","4":"has-post-thumbnail","6":"product_brand-skynet","7":"product_cat-equipos-pasivos","8":"product_cat-todas-las-categorias","9":"product_tag-5-metros","10":"product_tag-pigtail-fibra-optica-monomodo-st-1","12":"first","13":"instock","14":"shipping-taxable","15":"product-type-simple"},"jetpack_sharing_enabled":true,"_links":{"self":[{"href":"https:\/\/hyltelecom.cl\/en\/wp-json\/wp\/v2\/product\/4819","targetHints":{"allow":["GET"]}}],"collection":[{"href":"https:\/\/hyltelecom.cl\/en\/wp-json\/wp\/v2\/product"}],"about":[{"href":"https:\/\/hyltelecom.cl\/en\/wp-json\/wp\/v2\/types\/product"}],"version-history":[{"count":1,"href":"https:\/\/hyltelecom.cl\/en\/wp-json\/wp\/v2\/product\/4819\/revisions"}],"predecessor-version":[{"id":4821,"href":"https:\/\/hyltelecom.cl\/en\/wp-json\/wp\/v2\/product\/4819\/revisions\/4821"}],"wp:featuredmedia":[{"embeddable":true,"href":"https:\/\/hyltelecom.cl\/en\/wp-json\/wp\/v2\/media\/4820"}],"wp:attachment":[{"href":"https:\/\/hyltelecom.cl\/en\/wp-json\/wp\/v2\/media?parent=4819"}],"wp:term":[{"taxonomy":"product_brand","embeddable":true,"href":"https:\/\/hyltelecom.cl\/en\/wp-json\/wp\/v2\/product_brand?post=4819"},{"taxonomy":"product_cat","embeddable":true,"href":"https:\/\/hyltelecom.cl\/en\/wp-json\/wp\/v2\/product_cat?post=4819"},{"taxonomy":"product_tag","embeddable":true,"href":"https:\/\/hyltelecom.cl\/en\/wp-json\/wp\/v2\/product_tag?post=4819"}],"curies":[{"name":"wp","href":"https:\/\/api.w.org\/{rel}","templated":true}]}}