{"id":4825,"date":"2026-04-09T06:46:21","date_gmt":"2026-04-09T06:46:21","guid":{"rendered":"https:\/\/hyltelecom.cl\/?post_type=product&#038;p=4825"},"modified":"2026-04-09T06:46:21","modified_gmt":"2026-04-09T06:46:21","slug":"copla-simplex-st-upc-monomodo","status":"publish","type":"product","link":"https:\/\/hyltelecom.cl\/en\/catalogo-hyl-telecom\/copla-simplex-st-upc-monomodo\/","title":{"rendered":"Copla Simplex ST\/UPC Monomodo"},"content":{"rendered":"","protected":false},"excerpt":{"rendered":"<p>La copla simplex ST\/UPC monomodo permite interconectar enlaces de fibra \u00f3ptica asegurando una alineaci\u00f3n precisa y baja p\u00e9rdida \u00f3ptica. Es ideal para telecomunicaciones y enlaces de larga distancia.<\/p>\n","protected":false},"featured_media":4826,"template":"","meta":{"_joinchat":[]},"product_brand":[88],"product_cat":[82,15],"product_tag":[174],"class_list":{"0":"post-4825","1":"product","2":"type-product","3":"status-publish","4":"has-post-thumbnail","6":"product_brand-skynet","7":"product_cat-equipos-pasivos","8":"product_cat-todas-las-categorias","9":"product_tag-copla-simplex-st-upc-monomodo","11":"first","12":"instock","13":"shipping-taxable","14":"product-type-simple"},"jetpack_sharing_enabled":true,"_links":{"self":[{"href":"https:\/\/hyltelecom.cl\/en\/wp-json\/wp\/v2\/product\/4825","targetHints":{"allow":["GET"]}}],"collection":[{"href":"https:\/\/hyltelecom.cl\/en\/wp-json\/wp\/v2\/product"}],"about":[{"href":"https:\/\/hyltelecom.cl\/en\/wp-json\/wp\/v2\/types\/product"}],"version-history":[{"count":1,"href":"https:\/\/hyltelecom.cl\/en\/wp-json\/wp\/v2\/product\/4825\/revisions"}],"predecessor-version":[{"id":4827,"href":"https:\/\/hyltelecom.cl\/en\/wp-json\/wp\/v2\/product\/4825\/revisions\/4827"}],"wp:featuredmedia":[{"embeddable":true,"href":"https:\/\/hyltelecom.cl\/en\/wp-json\/wp\/v2\/media\/4826"}],"wp:attachment":[{"href":"https:\/\/hyltelecom.cl\/en\/wp-json\/wp\/v2\/media?parent=4825"}],"wp:term":[{"taxonomy":"product_brand","embeddable":true,"href":"https:\/\/hyltelecom.cl\/en\/wp-json\/wp\/v2\/product_brand?post=4825"},{"taxonomy":"product_cat","embeddable":true,"href":"https:\/\/hyltelecom.cl\/en\/wp-json\/wp\/v2\/product_cat?post=4825"},{"taxonomy":"product_tag","embeddable":true,"href":"https:\/\/hyltelecom.cl\/en\/wp-json\/wp\/v2\/product_tag?post=4825"}],"curies":[{"name":"wp","href":"https:\/\/api.w.org\/{rel}","templated":true}]}}