{"id":4835,"date":"2026-04-09T06:52:06","date_gmt":"2026-04-09T06:52:06","guid":{"rendered":"https:\/\/hyltelecom.cl\/?post_type=product&#038;p=4835"},"modified":"2026-04-09T06:52:06","modified_gmt":"2026-04-09T06:52:06","slug":"pigtail-lc-monomodo-1-5-metros-amarillo","status":"publish","type":"product","link":"https:\/\/hyltelecom.cl\/en\/catalogo-hyl-telecom\/pigtail-lc-monomodo-1-5-metros-amarillo\/","title":{"rendered":"Pigtail LC Monomodo 1.5 Metros Amarillo"},"content":{"rendered":"<p>Caracter\u00edsticas destacadas:<br \/>\n\u2022 Conector LC SM de alta precisi\u00f3n<br \/>\n\u2022 Fibra G.652D con baja atenuaci\u00f3n<br \/>\n\u2022 Longitud ideal de 1.5 mt para fusiones y distribuci\u00f3n<br \/>\n\u2022 Cubierta LSZH resistente y segura<br \/>\n\u2022 Uso recomendado en racks, ODF, bandejas y empalmes<br \/>\n\u2022 Color amarillo para identificaci\u00f3n est\u00e1ndar monomodo<\/p>\n","protected":false},"excerpt":{"rendered":"<p>El Pigtail LC Monomodo 1.5 Metros Amarillo es un componente esencial en redes de fibra \u00f3ptica, utilizado principalmente para empalmes por fusi\u00f3n, conexiones en ODF y terminaciones en paneles de distribuci\u00f3n. Su conector LC ofrece un tama\u00f1o compacto y alta precisi\u00f3n, garantizando bajas p\u00e9rdidas de inserci\u00f3n y excelente calidad de transmisi\u00f3n. La cubierta LSZH proporciona mayor seguridad en instalaciones interiores al ser libre de hal\u00f3genos y de baja emisi\u00f3n de humo en caso de incendio.<\/p>\n","protected":false},"featured_media":4836,"template":"","meta":{"_joinchat":[]},"product_brand":[],"product_cat":[82,15],"product_tag":[177],"class_list":{"0":"post-4835","1":"product","2":"type-product","3":"status-publish","4":"has-post-thumbnail","6":"product_cat-equipos-pasivos","7":"product_cat-todas-las-categorias","8":"product_tag-pigtail-lc-monomodo-1-5-metros-amarillo","10":"first","11":"instock","12":"shipping-taxable","13":"product-type-simple"},"jetpack_sharing_enabled":true,"_links":{"self":[{"href":"https:\/\/hyltelecom.cl\/en\/wp-json\/wp\/v2\/product\/4835","targetHints":{"allow":["GET"]}}],"collection":[{"href":"https:\/\/hyltelecom.cl\/en\/wp-json\/wp\/v2\/product"}],"about":[{"href":"https:\/\/hyltelecom.cl\/en\/wp-json\/wp\/v2\/types\/product"}],"version-history":[{"count":1,"href":"https:\/\/hyltelecom.cl\/en\/wp-json\/wp\/v2\/product\/4835\/revisions"}],"predecessor-version":[{"id":4837,"href":"https:\/\/hyltelecom.cl\/en\/wp-json\/wp\/v2\/product\/4835\/revisions\/4837"}],"wp:featuredmedia":[{"embeddable":true,"href":"https:\/\/hyltelecom.cl\/en\/wp-json\/wp\/v2\/media\/4836"}],"wp:attachment":[{"href":"https:\/\/hyltelecom.cl\/en\/wp-json\/wp\/v2\/media?parent=4835"}],"wp:term":[{"taxonomy":"product_brand","embeddable":true,"href":"https:\/\/hyltelecom.cl\/en\/wp-json\/wp\/v2\/product_brand?post=4835"},{"taxonomy":"product_cat","embeddable":true,"href":"https:\/\/hyltelecom.cl\/en\/wp-json\/wp\/v2\/product_cat?post=4835"},{"taxonomy":"product_tag","embeddable":true,"href":"https:\/\/hyltelecom.cl\/en\/wp-json\/wp\/v2\/product_tag?post=4835"}],"curies":[{"name":"wp","href":"https:\/\/api.w.org\/{rel}","templated":true}]}}