{"id":4841,"date":"2026-04-09T06:58:10","date_gmt":"2026-04-09T06:58:10","guid":{"rendered":"https:\/\/hyltelecom.cl\/?post_type=product&#038;p=4841"},"modified":"2026-04-09T06:58:10","modified_gmt":"2026-04-09T06:58:10","slug":"cable-de-fibra-optica-asu-6-hilos","status":"publish","type":"product","link":"https:\/\/hyltelecom.cl\/en\/catalogo-hyl-telecom\/cable-de-fibra-optica-asu-6-hilos\/","title":{"rendered":"Cable de Fibra \u00d3ptica ASU 6 Hilos"},"content":{"rendered":"<div id=\"tab-additional_information\" class=\"woocommerce-Tabs-panel woocommerce-Tabs-panel--additional_information panel entry-content active\" role=\"tabpanel\" aria-labelledby=\"tab-title-additional_information\">\n<table class=\"woocommerce-product-attributes shop_attributes\" aria-label=\"Detalles del producto\">\n<tbody>\n<tr class=\"woocommerce-product-attributes-item woocommerce-product-attributes-item--weight\">\n<th class=\"woocommerce-product-attributes-item__label\" scope=\"row\">Peso<\/th>\n<td class=\"woocommerce-product-attributes-item__value\">290 kg<\/td>\n<\/tr>\n<tr class=\"woocommerce-product-attributes-item woocommerce-product-attributes-item--dimensions\">\n<th class=\"woocommerce-product-attributes-item__label\" scope=\"row\">Dimensiones<\/th>\n<td class=\"woocommerce-product-attributes-item__value\">100 \u00d7 70 \u00d7 100 cm<\/td>\n<\/tr>\n<\/tbody>\n<\/table>\n<\/div>\n","protected":false},"excerpt":{"rendered":"<p>Este tipo de cable es un tipo de ADSS, pero se diferencia en que est\u00e1 dise\u00f1ado para aplicaciones espec\u00edficas donde se requiere una mayor resistencia a la tensi\u00f3n. El ASU suele tener una estructura m\u00e1s robusta y puede soportar mayores cargas de tensi\u00f3n en comparaci\u00f3n con los cables ADSS convencionales.<\/p>\n","protected":false},"featured_media":4842,"template":"","meta":{"_joinchat":[]},"product_brand":[],"product_cat":[80,15],"product_tag":[179],"class_list":{"0":"post-4841","1":"product","2":"type-product","3":"status-publish","4":"has-post-thumbnail","6":"product_cat-fibra-optica","7":"product_cat-todas-las-categorias","8":"product_tag-cable-de-fibra-optica-asu-6-hilos","10":"first","11":"instock","12":"shipping-taxable","13":"product-type-simple"},"jetpack_sharing_enabled":true,"_links":{"self":[{"href":"https:\/\/hyltelecom.cl\/en\/wp-json\/wp\/v2\/product\/4841","targetHints":{"allow":["GET"]}}],"collection":[{"href":"https:\/\/hyltelecom.cl\/en\/wp-json\/wp\/v2\/product"}],"about":[{"href":"https:\/\/hyltelecom.cl\/en\/wp-json\/wp\/v2\/types\/product"}],"version-history":[{"count":2,"href":"https:\/\/hyltelecom.cl\/en\/wp-json\/wp\/v2\/product\/4841\/revisions"}],"predecessor-version":[{"id":4845,"href":"https:\/\/hyltelecom.cl\/en\/wp-json\/wp\/v2\/product\/4841\/revisions\/4845"}],"wp:featuredmedia":[{"embeddable":true,"href":"https:\/\/hyltelecom.cl\/en\/wp-json\/wp\/v2\/media\/4842"}],"wp:attachment":[{"href":"https:\/\/hyltelecom.cl\/en\/wp-json\/wp\/v2\/media?parent=4841"}],"wp:term":[{"taxonomy":"product_brand","embeddable":true,"href":"https:\/\/hyltelecom.cl\/en\/wp-json\/wp\/v2\/product_brand?post=4841"},{"taxonomy":"product_cat","embeddable":true,"href":"https:\/\/hyltelecom.cl\/en\/wp-json\/wp\/v2\/product_cat?post=4841"},{"taxonomy":"product_tag","embeddable":true,"href":"https:\/\/hyltelecom.cl\/en\/wp-json\/wp\/v2\/product_tag?post=4841"}],"curies":[{"name":"wp","href":"https:\/\/api.w.org\/{rel}","templated":true}]}}