{"id":4868,"date":"2026-04-09T07:10:30","date_gmt":"2026-04-09T07:10:30","guid":{"rendered":"https:\/\/hyltelecom.cl\/?post_type=product&#038;p=4868"},"modified":"2026-04-09T07:10:30","modified_gmt":"2026-04-09T07:10:30","slug":"soporte-clamp-adss-preformada-camisa-9-3-10-3mm","status":"publish","type":"product","link":"https:\/\/hyltelecom.cl\/en\/catalogo-hyl-telecom\/soporte-clamp-adss-preformada-camisa-9-3-10-3mm\/","title":{"rendered":"Soporte Clamp ADSS + Preformada Camisa 9.3 \u2013 10.3mm"},"content":{"rendered":"","protected":false},"excerpt":{"rendered":"<p>Utilizado para el soporte de redes de fibra \u00f3ptica ADSS, auto soportadas y diel\u00e9ctricas, este elemento va sujetada al poste, con tuerca ojo y un eslab\u00f3n.<\/p>\n","protected":false},"featured_media":4869,"template":"","meta":{"_joinchat":[]},"product_brand":[88],"product_cat":[83,15],"product_tag":[187],"class_list":{"0":"post-4868","1":"product","2":"type-product","3":"status-publish","4":"has-post-thumbnail","6":"product_brand-skynet","7":"product_cat-ferreteria-fibra-optica","8":"product_cat-todas-las-categorias","9":"product_tag-soporte-clamp-adss-preformada-camisa-9-3-10-3mm","11":"first","12":"instock","13":"shipping-taxable","14":"product-type-simple"},"jetpack_sharing_enabled":true,"_links":{"self":[{"href":"https:\/\/hyltelecom.cl\/en\/wp-json\/wp\/v2\/product\/4868","targetHints":{"allow":["GET"]}}],"collection":[{"href":"https:\/\/hyltelecom.cl\/en\/wp-json\/wp\/v2\/product"}],"about":[{"href":"https:\/\/hyltelecom.cl\/en\/wp-json\/wp\/v2\/types\/product"}],"version-history":[{"count":1,"href":"https:\/\/hyltelecom.cl\/en\/wp-json\/wp\/v2\/product\/4868\/revisions"}],"predecessor-version":[{"id":4870,"href":"https:\/\/hyltelecom.cl\/en\/wp-json\/wp\/v2\/product\/4868\/revisions\/4870"}],"wp:featuredmedia":[{"embeddable":true,"href":"https:\/\/hyltelecom.cl\/en\/wp-json\/wp\/v2\/media\/4869"}],"wp:attachment":[{"href":"https:\/\/hyltelecom.cl\/en\/wp-json\/wp\/v2\/media?parent=4868"}],"wp:term":[{"taxonomy":"product_brand","embeddable":true,"href":"https:\/\/hyltelecom.cl\/en\/wp-json\/wp\/v2\/product_brand?post=4868"},{"taxonomy":"product_cat","embeddable":true,"href":"https:\/\/hyltelecom.cl\/en\/wp-json\/wp\/v2\/product_cat?post=4868"},{"taxonomy":"product_tag","embeddable":true,"href":"https:\/\/hyltelecom.cl\/en\/wp-json\/wp\/v2\/product_tag?post=4868"}],"curies":[{"name":"wp","href":"https:\/\/api.w.org\/{rel}","templated":true}]}}