{"id":4874,"date":"2026-04-09T07:13:04","date_gmt":"2026-04-09T07:13:04","guid":{"rendered":"https:\/\/hyltelecom.cl\/?post_type=product&#038;p=4874"},"modified":"2026-04-09T07:13:04","modified_gmt":"2026-04-09T07:13:04","slug":"cruceta-de-remate-50x50x4x500","status":"publish","type":"product","link":"https:\/\/hyltelecom.cl\/en\/catalogo-hyl-telecom\/cruceta-de-remate-50x50x4x500\/","title":{"rendered":"Cruceta de Remate 50x50x4x500"},"content":{"rendered":"","protected":false},"excerpt":{"rendered":"<p>Cruceta de remate se utiliza como un elemento de fijaci\u00f3n en la planta externa, especialmente en postes o torres donde se despliegan cables de fibra \u00f3ptica. La funci\u00f3n principal de la cruceta de remate es proporcionar un punto de sujeci\u00f3n seguro para los cables \u00f3pticos, evitando que se caigan o se da\u00f1en debido a condiciones clim\u00e1ticas adversas como vientos fuertes.<\/p>\n<p>Sirven para aplicarle tensi\u00f3n al tendido del cableado.<\/p>\n","protected":false},"featured_media":4875,"template":"","meta":{"_joinchat":[]},"product_brand":[88],"product_cat":[83,15],"product_tag":[189],"class_list":{"0":"post-4874","1":"product","2":"type-product","3":"status-publish","4":"has-post-thumbnail","6":"product_brand-skynet","7":"product_cat-ferreteria-fibra-optica","8":"product_cat-todas-las-categorias","9":"product_tag-cruceta-de-remate-50x50x4x500","11":"first","12":"instock","13":"shipping-taxable","14":"product-type-simple"},"jetpack_sharing_enabled":true,"_links":{"self":[{"href":"https:\/\/hyltelecom.cl\/en\/wp-json\/wp\/v2\/product\/4874","targetHints":{"allow":["GET"]}}],"collection":[{"href":"https:\/\/hyltelecom.cl\/en\/wp-json\/wp\/v2\/product"}],"about":[{"href":"https:\/\/hyltelecom.cl\/en\/wp-json\/wp\/v2\/types\/product"}],"version-history":[{"count":1,"href":"https:\/\/hyltelecom.cl\/en\/wp-json\/wp\/v2\/product\/4874\/revisions"}],"predecessor-version":[{"id":4876,"href":"https:\/\/hyltelecom.cl\/en\/wp-json\/wp\/v2\/product\/4874\/revisions\/4876"}],"wp:featuredmedia":[{"embeddable":true,"href":"https:\/\/hyltelecom.cl\/en\/wp-json\/wp\/v2\/media\/4875"}],"wp:attachment":[{"href":"https:\/\/hyltelecom.cl\/en\/wp-json\/wp\/v2\/media?parent=4874"}],"wp:term":[{"taxonomy":"product_brand","embeddable":true,"href":"https:\/\/hyltelecom.cl\/en\/wp-json\/wp\/v2\/product_brand?post=4874"},{"taxonomy":"product_cat","embeddable":true,"href":"https:\/\/hyltelecom.cl\/en\/wp-json\/wp\/v2\/product_cat?post=4874"},{"taxonomy":"product_tag","embeddable":true,"href":"https:\/\/hyltelecom.cl\/en\/wp-json\/wp\/v2\/product_tag?post=4874"}],"curies":[{"name":"wp","href":"https:\/\/api.w.org\/{rel}","templated":true}]}}