{"id":4896,"date":"2026-04-09T07:37:18","date_gmt":"2026-04-09T07:37:18","guid":{"rendered":"https:\/\/hyltelecom.cl\/?post_type=product&#038;p=4896"},"modified":"2026-04-09T07:40:08","modified_gmt":"2026-04-09T07:40:08","slug":"olt-xgpon-combinada-16-puertos","status":"publish","type":"product","link":"https:\/\/hyltelecom.cl\/en\/catalogo-hyl-telecom\/olt-xgpon-combinada-16-puertos\/","title":{"rendered":"OLT XGPON combinada &#8211; 16 puertos"},"content":{"rendered":"<div class=\"table-over\">\n<table>\n<tbody>\n<tr class=\"firstRow\">\n<td class=\"single\" colspan=\"2\" valign=\"top\">Mechanics<\/td>\n<\/tr>\n<tr>\n<td valign=\"top\">Dimensions<\/td>\n<td valign=\"top\">441mm(L)*397.5mm(W)*44.4mm(H)<\/td>\n<\/tr>\n<tr>\n<td valign=\"top\">Weight<\/td>\n<td valign=\"top\">6.18Kg<\/td>\n<\/tr>\n<\/tbody>\n<\/table>\n<\/div>\n<div class=\"table-over\">\n<table>\n<tbody>\n<tr class=\"firstRow\">\n<td class=\"single\" colspan=\"3\" valign=\"top\">Hardware<\/td>\n<\/tr>\n<tr>\n<td valign=\"top\">Uplink Port<\/td>\n<td valign=\"top\">Uplink port<\/td>\n<td valign=\"top\">2* 1G(SFP) \/ 10G(SFP+) ports<\/p>\n<p>2* 40G(QSFP+) \/ 100G(QSFP28) ports<\/td>\n<\/tr>\n<tr>\n<td rowspan=\"3\" valign=\"top\">PON Port<\/td>\n<td valign=\"top\">Quantity<\/td>\n<td valign=\"top\">16<\/td>\n<\/tr>\n<tr>\n<td valign=\"top\">Physical Interface<\/td>\n<td valign=\"top\">SFP+ slot<\/td>\n<\/tr>\n<tr>\n<td valign=\"top\">Max Splitting Ratio<\/td>\n<td valign=\"top\">1:256<\/td>\n<\/tr>\n<tr>\n<td colspan=\"2\" valign=\"top\">Management Port<\/td>\n<td valign=\"top\">1* CONSOLE local management port<\/p>\n<p>1* 100\/ 1000BASE-Tx out-band MGMT Ethernet port<\/td>\n<\/tr>\n<tr>\n<td rowspan=\"8\" valign=\"top\">PON Port<\/p>\n<p>Attribute<\/td>\n<td valign=\"top\">Transmission Distance<\/td>\n<td valign=\"top\">20KM<\/td>\n<\/tr>\n<tr>\n<td valign=\"top\">Port Rate<\/td>\n<td valign=\"top\">XGS-PON:\u00a0 Downstream: 10Gbps \u00a0 \u00a0 Upstream: 10Gbps<\/p>\n<p>XG-PON:\u00a0 Downstream: 10Gbps \u00a0 \u00a0 Upstream: 2.5Gbps<\/p>\n<p>GPON:\u00a0 Downstream: 2.5Gbps \u00a0 \u00a0Upstream: 1.25Gbps<\/td>\n<\/tr>\n<tr>\n<td valign=\"top\">Wavelength<\/td>\n<td valign=\"top\">XGS-PON:\u00a0 Forwarding: 1577nm \u00a0 \u00a0 Receiving: 1270nm<\/p>\n<p>XG-PON:\u00a0 Forwarding: 1577nm \u00a0 \u00a0 Receiving: 1270nm<\/p>\n<p>GPON:\u00a0 Forwarding: 1490nm \u00a0 \u00a0 Receiving: 1310nm<\/td>\n<\/tr>\n<tr>\n<td valign=\"top\">Connector Type<\/td>\n<td valign=\"top\">SC\/ UPC<\/td>\n<\/tr>\n<tr>\n<td valign=\"top\">Fiber type<\/td>\n<td valign=\"top\">9\/ 125\u03bcm SMF (Single Mode Fiber)<\/td>\n<\/tr>\n<tr>\n<td valign=\"top\">Light Transmission Power<\/td>\n<td valign=\"top\">XG(S)-PON&amp;GPON COMBO 5~8dBm (9.953G)<\/p>\n<p>3~7dBm (2.488G)<\/td>\n<\/tr>\n<tr>\n<td valign=\"top\">Receiving<\/p>\n<p>Sensitivity<\/td>\n<td valign=\"top\">XG(S)-PON&amp;GPON COMBO \u2265 -29dBm (9.953G)<\/p>\n<p>\u2265 -30.5dBm (2.488G) \u2265 -30dBm (1.244G)<\/td>\n<\/tr>\n<tr>\n<td valign=\"top\">Saturation Power<\/td>\n<td valign=\"top\">XG(S)-PON&amp;GPON COMBO \u2264 -8dBm (9.953G)<\/p>\n<p>\u2264 -10dBm (2.488G) \u2264 -12dBm (1.244G)<\/td>\n<\/tr>\n<tr>\n<td colspan=\"2\" valign=\"top\">Network Management Method<\/td>\n<td valign=\"top\">Support CLI, SNMP, TELNET, SSH, WEB<\/td>\n<\/tr>\n<tr>\n<td colspan=\"2\" rowspan=\"1\" valign=\"top\">Business Capabilities<\/td>\n<td colspan=\"1\" rowspan=\"1\" valign=\"top\">Support device log, device upgrade, device management, condition monitoring, configuration management, and user management.<\/p>\n<p>Layer 2 switching configuration management: Like port management, VLAN, RSTP, IGMP, ACL, QoS and so on.<\/p>\n<p>PON \u00a0function configuration management: Like OLT authentication, DBA template, service template, line template and so on.<\/p>\n<p>Layer 3 function: support static routing, dhcp-relay and vlanif configuration.<\/td>\n<\/tr>\n<tr>\n<td colspan=\"2\" valign=\"top\">Backplane Bandwidth<\/td>\n<td valign=\"top\">760G<\/td>\n<\/tr>\n<\/tbody>\n<\/table>\n<\/div>\n<div class=\"table-over\">\n<table>\n<tbody>\n<tr class=\"firstRow\">\n<td class=\"single\" colspan=\"2\" valign=\"top\">Power supply<\/td>\n<\/tr>\n<tr>\n<td valign=\"top\">AC<\/td>\n<td valign=\"top\">100V ~ 240V, 47 ~ 63Hz<\/td>\n<\/tr>\n<tr>\n<td valign=\"top\">DC<\/td>\n<td valign=\"top\">-40V ~ -72V<\/td>\n<\/tr>\n<tr>\n<td valign=\"top\">BBU (Backup Battery Unit)<\/td>\n<td valign=\"top\">DC: 11V\uff5e14V.<\/p>\n<p>Function: When the regular power supply is cut off, it can be switched to the backup power supply, and when the regular power supply resumes, it will<\/p>\n<p>switch back to the regular power supply and charge the backup power supply.<\/td>\n<\/tr>\n<tr>\n<td valign=\"top\">Maximum Power<\/td>\n<td valign=\"top\">\u2264 150W<\/td>\n<\/tr>\n<\/tbody>\n<\/table>\n<\/div>\n<div class=\"table-over\">\n<table>\n<tbody>\n<tr class=\"firstRow\">\n<td class=\"single\" colspan=\"2\" valign=\"top\">Environment<\/td>\n<\/tr>\n<tr>\n<td valign=\"top\">Working Temperature<\/td>\n<td valign=\"top\">-15 ~ 50\u2103<\/td>\n<\/tr>\n<tr>\n<td valign=\"top\">Storage Temperature<\/td>\n<td valign=\"top\">-40 ~ 85\u2103<\/td>\n<\/tr>\n<tr>\n<td valign=\"top\">Ambient Humidity<\/td>\n<td valign=\"top\">5 ~ 90% (Non-condensing)<\/td>\n<\/tr>\n<\/tbody>\n<\/table>\n<\/div>\n","protected":false},"excerpt":{"rendered":"<p>El OLT XG(S)-PON&amp;GPON Skynet FD1816S-B1 cumple totalmente con el est\u00e1ndar ITU-T G.9807.1. Es un dispositivo de montaje en rack de 1U con 2 puertos de enlace ascendente de 1G (SFP) \/ 10G (SFP+), 2 puertos de enlace ascendente de 40G (QSFP+) \/ 100G (QSFP28) y 16 puertos XG(S)-PON&amp;GPON (Combo PON). El puerto XG(S)-PON&amp;GPON admite una relaci\u00f3n de divisi\u00f3n de 1:256. El sistema XG(S)-PON&amp;GPON admite hasta 4096 conexiones de terminal.<\/p>\n<p>Este producto ofrece un rendimiento excelente, es f\u00e1cil de usar, flexible y de f\u00e1cil implementaci\u00f3n. Es ideal para escenarios de aplicaci\u00f3n con m\u00faltiples redes y alta densidad de usuarios. Adem\u00e1s, el producto cumple con los requisitos de optimizaci\u00f3n del rendimiento de la red, mejora de la fiabilidad y reducci\u00f3n del consumo energ\u00e9tico en redes de acceso y empresariales. Es aplicable a redes de televisi\u00f3n integradas (3 en 1), fibra \u00f3ptica hasta el hogar (FTTP), redes de videovigilancia, redes de \u00e1rea local (LAN) empresariales, internet de las cosas y otras aplicaciones de red con una excelente relaci\u00f3n precio\/rendimiento.<\/p>\n","protected":false},"featured_media":4897,"template":"","meta":{"_joinchat":[]},"product_brand":[88],"product_cat":[81,15],"product_tag":[196],"class_list":{"0":"post-4896","1":"product","2":"type-product","3":"status-publish","4":"has-post-thumbnail","6":"product_brand-skynet","7":"product_cat-equipos-activos","8":"product_cat-todas-las-categorias","9":"product_tag-olt-xgpon-combinada-16-puertos","11":"first","12":"instock","13":"shipping-taxable","14":"product-type-simple"},"jetpack_sharing_enabled":true,"_links":{"self":[{"href":"https:\/\/hyltelecom.cl\/en\/wp-json\/wp\/v2\/product\/4896","targetHints":{"allow":["GET"]}}],"collection":[{"href":"https:\/\/hyltelecom.cl\/en\/wp-json\/wp\/v2\/product"}],"about":[{"href":"https:\/\/hyltelecom.cl\/en\/wp-json\/wp\/v2\/types\/product"}],"version-history":[{"count":2,"href":"https:\/\/hyltelecom.cl\/en\/wp-json\/wp\/v2\/product\/4896\/revisions"}],"predecessor-version":[{"id":4899,"href":"https:\/\/hyltelecom.cl\/en\/wp-json\/wp\/v2\/product\/4896\/revisions\/4899"}],"wp:featuredmedia":[{"embeddable":true,"href":"https:\/\/hyltelecom.cl\/en\/wp-json\/wp\/v2\/media\/4897"}],"wp:attachment":[{"href":"https:\/\/hyltelecom.cl\/en\/wp-json\/wp\/v2\/media?parent=4896"}],"wp:term":[{"taxonomy":"product_brand","embeddable":true,"href":"https:\/\/hyltelecom.cl\/en\/wp-json\/wp\/v2\/product_brand?post=4896"},{"taxonomy":"product_cat","embeddable":true,"href":"https:\/\/hyltelecom.cl\/en\/wp-json\/wp\/v2\/product_cat?post=4896"},{"taxonomy":"product_tag","embeddable":true,"href":"https:\/\/hyltelecom.cl\/en\/wp-json\/wp\/v2\/product_tag?post=4896"}],"curies":[{"name":"wp","href":"https:\/\/api.w.org\/{rel}","templated":true}]}}