{"id":4900,"date":"2026-04-09T07:42:22","date_gmt":"2026-04-09T07:42:22","guid":{"rendered":"https:\/\/hyltelecom.cl\/?post_type=product&#038;p=4900"},"modified":"2026-04-09T07:44:21","modified_gmt":"2026-04-09T07:44:21","slug":"olt-xgpon-combinada-1-puerto","status":"publish","type":"product","link":"https:\/\/hyltelecom.cl\/en\/catalogo-hyl-telecom\/olt-xgpon-combinada-1-puerto\/","title":{"rendered":"OLT XGPON combinada &#8211; 1 puerto"},"content":{"rendered":"<div class=\"table-over\">\n<table width=\"108\">\n<tbody>\n<tr class=\"firstRow\">\n<td class=\"single\" colspan=\"2\" rowspan=\"1\">Mechanics<\/td>\n<\/tr>\n<tr>\n<td>Dimensions<\/td>\n<td>312.8mm(L)*197mm(W)*44mm(H)<\/td>\n<\/tr>\n<tr>\n<td>Weight<\/td>\n<td>1.95Kg<\/td>\n<\/tr>\n<\/tbody>\n<\/table>\n<\/div>\n<div class=\"table-over\">\n<table width=\"233\">\n<colgroup>\n<col span=\"2\" width=\"72\" \/>\n<col width=\"89\" \/><\/colgroup>\n<tbody>\n<tr class=\"firstRow\">\n<td class=\"single\" colspan=\"3\" rowspan=\"1\">Hardware<\/td>\n<\/tr>\n<tr>\n<td width=\"72\">Uplink Port<\/td>\n<td width=\"72\">GE port<\/td>\n<td width=\"89\">2*\u00a010\/100\/1000M auto-negotiation\u00a0Ethernet ports<\/td>\n<\/tr>\n<tr>\n<td width=\"72\"><\/td>\n<td width=\"72\">10-Gigabit port<\/td>\n<td width=\"89\">1* SFP+ interfaces<\/td>\n<\/tr>\n<tr>\n<td width=\"72\">PON Port<\/td>\n<td width=\"72\">Quantity<\/td>\n<td width=\"89\">1<\/td>\n<\/tr>\n<tr>\n<td width=\"72\"><\/td>\n<td width=\"72\">Physical\u00a0Interface<\/td>\n<td width=\"89\">SFP slot<\/td>\n<\/tr>\n<tr>\n<td width=\"72\"><\/td>\n<td width=\"72\">Max\u00a0Splitting\u00a0Ratio<\/td>\n<td width=\"89\">0.130555556<\/td>\n<\/tr>\n<tr>\n<td colspan=\"2\" width=\"144\">Management Port<\/td>\n<td width=\"89\">1*\u00a0CONSOLE local management port<\/td>\n<\/tr>\n<tr>\n<td width=\"72\">PON Port\u00a0Attribute<\/td>\n<td width=\"72\">Transmission\u00a0Distance<\/td>\n<td width=\"89\">20KM<\/td>\n<\/tr>\n<tr>\n<td rowspan=\"2\" width=\"72\"><\/td>\n<td rowspan=\"2\" width=\"72\">Port\u00a0Rate<\/td>\n<td width=\"89\">XGS-PON:\u00a0\u00a0Downstream:\u00a010Gbps\u00a0\u00a0Upstream:\u00a010Gbps<\/td>\n<\/tr>\n<tr>\n<td class=\"single\" width=\"89\">GPON:\u00a0\u00a0Downstream:\u00a02.5Gbps\u00a0\u00a0Upstream:\u00a01.25Gbps<\/td>\n<\/tr>\n<tr>\n<td rowspan=\"2\" width=\"72\"><\/td>\n<td rowspan=\"2\" width=\"72\">Wavelength<\/td>\n<td width=\"89\">XGS-PON:\u00a0Forwarding: 1577nm\u00a0\u00a0Receiving: 1270nm<\/td>\n<\/tr>\n<tr>\n<td class=\"single\" width=\"89\">GPON:\u00a0Forwarding: 1490nm\u00a0\u00a0Receiving: 1310nm<\/td>\n<\/tr>\n<tr>\n<td width=\"72\"><\/td>\n<td width=\"72\">Interface\u00a0Type<\/td>\n<td width=\"89\">SC\/UPC<\/td>\n<\/tr>\n<tr>\n<td width=\"72\"><\/td>\n<td width=\"72\">Fiber type<\/td>\n<td width=\"89\">9\/125\u03bcm SMF (Single Mode Fiber)<\/td>\n<\/tr>\n<tr>\n<td rowspan=\"3\" width=\"72\"><\/td>\n<td rowspan=\"3\" width=\"72\">Light\u00a0Transmission\u00a0Power<\/td>\n<td width=\"89\">XGS-PON&amp;GPON\u00a0COMBO<\/td>\n<\/tr>\n<tr>\n<td class=\"single\" width=\"89\">5~8dBm (9.953G)<\/td>\n<\/tr>\n<tr>\n<td class=\"single\" width=\"89\">3~7dBm (2.488G)<\/td>\n<\/tr>\n<tr>\n<td rowspan=\"4\" width=\"72\"><\/td>\n<td rowspan=\"4\" width=\"72\">Receiving\u00a0Sensitivity<\/td>\n<td width=\"89\">XGS-PON&amp;GPON\u00a0COMBO<\/td>\n<\/tr>\n<tr>\n<td class=\"single\" width=\"89\">\u2265-29dBm (9.953G)<\/td>\n<\/tr>\n<tr>\n<td class=\"single\" width=\"89\">\u2265-30.5dBm (2.488G)<\/td>\n<\/tr>\n<tr>\n<td class=\"single\" width=\"89\">\u2265-30dBm (1.244G)<\/td>\n<\/tr>\n<tr>\n<td rowspan=\"4\" width=\"72\"><\/td>\n<td rowspan=\"4\" width=\"72\">Saturation\u00a0Power<\/td>\n<td width=\"89\">XGS-PON&amp;GPON\u00a0COMBO<\/td>\n<\/tr>\n<tr>\n<td class=\"single\" width=\"89\">\u2264-8dBm (9.953G)<\/td>\n<\/tr>\n<tr>\n<td class=\"single\" width=\"89\">\u2264-10dBm (2.488G)<\/td>\n<\/tr>\n<tr>\n<td class=\"single\" width=\"89\">\u2264-12dBm (1.244G)<\/td>\n<\/tr>\n<tr>\n<td colspan=\"2\" width=\"144\">Network\u00a0Management\u00a0Method<\/td>\n<td width=\"89\">Support CLI,\u00a0SNMP,\u00a0TELNET,\u00a0SSH,\u00a0WEB<\/td>\n<\/tr>\n<tr>\n<td colspan=\"2\" rowspan=\"4\" width=\"144\">Business\u00a0Capabilities<\/td>\n<td width=\"89\">Support device log, device upgrade, device management, condition monitoring, configuration management, and user management.<\/td>\n<\/tr>\n<tr>\n<td class=\"single\" width=\"89\">Layer 2 switching configuration management: Like port management, VLAN, RSTP, IGMP, ACL, QoS and so on.<\/td>\n<\/tr>\n<tr>\n<td class=\"single\" width=\"89\">PON function configuration management: Like OLT authentication, DBA template, service template, line template and so on.<\/td>\n<\/tr>\n<tr>\n<td class=\"single\" width=\"89\">Layer 3 function: support static routing, dhcp-relay and vlanif configuration.<\/td>\n<\/tr>\n<tr>\n<td colspan=\"2\" width=\"144\">Backplane Bandwidth<\/td>\n<td width=\"89\">44G<\/td>\n<\/tr>\n<\/tbody>\n<\/table>\n<\/div>\n<div class=\"table-over\">\n<table width=\"161\">\n<colgroup>\n<col width=\"72\" \/>\n<col width=\"89\" \/><\/colgroup>\n<tbody>\n<tr class=\"firstRow\">\n<td class=\"single\" colspan=\"2\" rowspan=\"1\">Power supply<\/td>\n<\/tr>\n<tr>\n<td width=\"72\">AC<\/td>\n<td width=\"89\">100V\u00a0~\u00a0240V,\u00a047\u00a0~\u00a063Hz<\/td>\n<\/tr>\n<tr>\n<td width=\"72\">DC<\/td>\n<td width=\"89\">External adapter\u00a0mode 12V\/2.5A<\/td>\n<\/tr>\n<tr>\n<td rowspan=\"2\" width=\"72\">BBU\u00a0(Backup Battery Unit)<\/td>\n<td width=\"89\">DC: 11V\uff5e14V.<\/td>\n<\/tr>\n<tr>\n<td class=\"single\" width=\"89\">Function: When the regular power supply is cut off, it can be switched to the backup power supply, and when the regular power supply resumes, it will switch back to the regular power supply and charge the backup power supply.<\/td>\n<\/tr>\n<tr>\n<td width=\"72\">Maximum Power<\/td>\n<td width=\"89\">&lt;14W<\/td>\n<\/tr>\n<\/tbody>\n<\/table>\n<\/div>\n<div class=\"table-over\">\n<table>\n<colgroup>\n<col width=\"89\" \/>\n<col width=\"72\" \/><\/colgroup>\n<tbody>\n<tr class=\"firstRow\">\n<td class=\"single\" colspan=\"2\" rowspan=\"1\" width=\"405\">Environment<\/td>\n<\/tr>\n<tr>\n<td width=\"89\">Working\u00a0Temperature<\/td>\n<td width=\"497\">-15\u00a0~\u00a050\u2103<\/td>\n<\/tr>\n<tr>\n<td width=\"89\">Storage\u00a0Temperature<\/td>\n<td width=\"477\">-40\u00a0~\u00a085\u2103<\/td>\n<\/tr>\n<tr>\n<td width=\"89\">Ambient\u00a0Humidity<\/td>\n<td width=\"477\">5\u00a0~\u00a090% (Non-condensing)<\/td>\n<\/tr>\n<\/tbody>\n<\/table>\n<\/div>\n","protected":false},"excerpt":{"rendered":"<p>El OLT XGS-PON&amp;GPON Skynet FD1801S-C1 cumple totalmente con el est\u00e1ndar ITU-T G.9807.1. Es un dispositivo de montaje en rack de 1U con 2 puertos GE de enlace ascendente, 1 puerto de enlace ascendente 10GE y 1 puerto XGS-PON&amp;GPON (PON combinado). El puerto XGS-PON&amp;GPON admite una relaci\u00f3n de divisi\u00f3n de 1:128. El sistema XGS-PON&amp;GPON admite hasta 128 conexiones de terminal.<\/p>\n<p>Este producto cumple con los requisitos de rendimiento y tama\u00f1o para salas de servidores compactas, ya que ofrece alto rendimiento y tama\u00f1o reducido, lo que facilita su uso, flexibilidad y despliegue. Adem\u00e1s, el producto cumple con los requisitos de mejora del rendimiento de la red, aumento de la fiabilidad y reducci\u00f3n del consumo energ\u00e9tico desde la perspectiva de la red de acceso y la red empresarial, y es aplicable a redes de televisi\u00f3n de difusi\u00f3n tres en uno, FTTP (fibra hasta el hogar), redes de videovigilancia, LAN (red de \u00e1rea local) empresarial, internet de las cosas y otras aplicaciones de red con una relaci\u00f3n precio\/rendimiento muy alta.<\/p>\n","protected":false},"featured_media":4902,"template":"","meta":{"_joinchat":[]},"product_brand":[88],"product_cat":[81,15],"product_tag":[197],"class_list":{"0":"post-4900","1":"product","2":"type-product","3":"status-publish","4":"has-post-thumbnail","6":"product_brand-skynet","7":"product_cat-equipos-activos","8":"product_cat-todas-las-categorias","9":"product_tag-olt-xgpon-combinada-1-puerto","11":"first","12":"instock","13":"shipping-taxable","14":"product-type-simple"},"jetpack_sharing_enabled":true,"_links":{"self":[{"href":"https:\/\/hyltelecom.cl\/en\/wp-json\/wp\/v2\/product\/4900","targetHints":{"allow":["GET"]}}],"collection":[{"href":"https:\/\/hyltelecom.cl\/en\/wp-json\/wp\/v2\/product"}],"about":[{"href":"https:\/\/hyltelecom.cl\/en\/wp-json\/wp\/v2\/types\/product"}],"version-history":[{"count":2,"href":"https:\/\/hyltelecom.cl\/en\/wp-json\/wp\/v2\/product\/4900\/revisions"}],"predecessor-version":[{"id":4903,"href":"https:\/\/hyltelecom.cl\/en\/wp-json\/wp\/v2\/product\/4900\/revisions\/4903"}],"wp:featuredmedia":[{"embeddable":true,"href":"https:\/\/hyltelecom.cl\/en\/wp-json\/wp\/v2\/media\/4902"}],"wp:attachment":[{"href":"https:\/\/hyltelecom.cl\/en\/wp-json\/wp\/v2\/media?parent=4900"}],"wp:term":[{"taxonomy":"product_brand","embeddable":true,"href":"https:\/\/hyltelecom.cl\/en\/wp-json\/wp\/v2\/product_brand?post=4900"},{"taxonomy":"product_cat","embeddable":true,"href":"https:\/\/hyltelecom.cl\/en\/wp-json\/wp\/v2\/product_cat?post=4900"},{"taxonomy":"product_tag","embeddable":true,"href":"https:\/\/hyltelecom.cl\/en\/wp-json\/wp\/v2\/product_tag?post=4900"}],"curies":[{"name":"wp","href":"https:\/\/api.w.org\/{rel}","templated":true}]}}