{"id":4904,"date":"2026-04-09T07:46:05","date_gmt":"2026-04-09T07:46:05","guid":{"rendered":"https:\/\/hyltelecom.cl\/?post_type=product&#038;p=4904"},"modified":"2026-04-09T07:48:22","modified_gmt":"2026-04-09T07:48:22","slug":"olt-gpon-4-puertos","status":"publish","type":"product","link":"https:\/\/hyltelecom.cl\/en\/catalogo-hyl-telecom\/olt-gpon-4-puertos\/","title":{"rendered":"OLT GPON 4 PUERTOS"},"content":{"rendered":"<ul class=\" list-paddingleft-2\">\n<li>Meet\u00a0 ITU-T\u00a0 G.984\/G.988\u00a0 standard and standards of Chinese Communication Industry<\/li>\n<li>Support OMCI Protocol<\/li>\n<li>1U\u00a0 height\u00a0 8PON\u00a0 OLT\u00a0 product in compact design of Pizza-Box<\/li>\n<li>Fan speed adjust automatically<\/li>\n<li>1+1 Pluggable power module<\/li>\n<li>Complete PON protection switching function<\/li>\n<li>\u00a0Layer 2 Switching Function<\/li>\n<li>OLT equips with very powerful layer 2 Full Wire Speed Switching\u00a0 and completely supports\u00a0 layer 2 protocol. OLT supports varieties of layer 2 functions like TRUNK, VLAN, LACP, rate limit, port isolate, queue technology, flow control technology, ACL and so on, which provides technical guarantee for the\u00a0 development of multi-service integrated.<\/li>\n<li>QoS Guarantee<\/li>\n<li>GPON Products\u00a0 \u00a0maintains\u00a0 \u00a0fully-improved DBA\u00a0 with excellent QoS service capabilities. DBA meets different QoS requirements from different\u00a0 \u00a0 service\u00a0 \u00a0flow in latency, jitter, packet loss rate.<\/li>\n<li>Easy-to-Use Management System<\/li>\n<li>Support\u00a0 \u00a0management\u00a0 \u00a0method of CLI,\u00a0 WEB,\u00a0 SNMP, TELNET, SSH and meet OMCI standard, through OMCI channel protocol service management can be realized, including ONT function parameter set, T-CONT service lines and amount,\u00a0 QoS parameters,\u00a0 \u00a0configuration information request, performance statistics, auto-reporting of running events in system, configuration\u00a0 for\u00a0 ONT\u00a0 from\u00a0 OLT,\u00a0 fault\u00a0 diagnosis\u00a0 and management of performance and safety.<\/li>\n<\/ul>\n<h2>OLT\u00a0FD1604S\/FD1604E-C1\u00a0Product\u00a0Datasheet<\/h2>\n<div class=\"table-over\">\n<table width=\"699\">\n<tbody>\n<tr class=\"firstRow\">\n<td class=\"single\" colspan=\"2\" valign=\"top\" width=\"699\">Mechanics<\/td>\n<\/tr>\n<tr>\n<td valign=\"top\" width=\"245\">Dimensions<\/td>\n<td valign=\"top\" width=\"454\">440mm(L)*293mm(W)*44mm(H)<\/td>\n<\/tr>\n<tr>\n<td valign=\"top\" width=\"245\">Weight<\/td>\n<td valign=\"top\" width=\"454\">3.6Kg\u00a0(FD1604S-C1)<\/p>\n<p>3.0Kg\u00a0(FD1604E-C1)<\/td>\n<\/tr>\n<\/tbody>\n<\/table>\n<\/div>\n<div class=\"table-over\">\n<table width=\"699\">\n<tbody>\n<tr class=\"firstRow\">\n<td class=\"single\" colspan=\"5\" valign=\"top\" width=\"699\">Hardware<\/td>\n<\/tr>\n<tr>\n<td rowspan=\"3\" valign=\"top\" width=\"117\">&nbsp;<\/p>\n<p>Uplink\u00a0Port<\/td>\n<td rowspan=\"2\" valign=\"top\" width=\"128\">COMBO\u00a0port<\/td>\n<td colspan=\"3\" valign=\"top\" width=\"454\">4*\u00a010\/\u00a0100\/\u00a01000M\u00a0auto-negotiation\u00a0Ethernet\u00a0ports<\/td>\n<\/tr>\n<tr>\n<td class=\"single\" colspan=\"3\" valign=\"top\" width=\"454\">4* SFP\u00a0interfaces<\/td>\n<\/tr>\n<tr>\n<td valign=\"top\" width=\"128\">10-Gigabit<\/td>\n<td colspan=\"3\" valign=\"top\" width=\"454\">2* SFP+\u00a0interfaces<\/td>\n<\/tr>\n<tr>\n<td rowspan=\"4\" valign=\"top\" width=\"117\">&nbsp;<\/p>\n<p>&nbsp;<\/p>\n<p>PON\u00a0Port<\/td>\n<td valign=\"top\" width=\"128\">Quantity<\/td>\n<td colspan=\"3\" valign=\"top\" width=\"454\">4\u00a0(FD1604S-C1)<\/p>\n<p>4\/8\u00a0(FD1604E-C1)<\/td>\n<\/tr>\n<tr>\n<td valign=\"top\" width=\"128\">Physical\u00a0Interface<\/td>\n<td colspan=\"3\" valign=\"top\" width=\"454\">SFP\u00a0slot<\/td>\n<\/tr>\n<tr>\n<td valign=\"top\" width=\"128\">Interface Type<\/td>\n<td colspan=\"3\" valign=\"top\" width=\"454\">GPON:\u00a0ITU-TG.984.2\u00a0Class\u00a0B+\/Class\u00a0C+\/Class\u00a0C++<\/td>\n<\/tr>\n<tr>\n<td valign=\"top\" width=\"128\">Max Splitting\u00a0Ratio<\/td>\n<td colspan=\"3\" valign=\"top\" width=\"454\">GPON:\u00a01:128<\/td>\n<\/tr>\n<tr>\n<td colspan=\"2\" valign=\"top\" width=\"245\">Management\u00a0Port<\/td>\n<td colspan=\"3\" valign=\"top\" width=\"454\">1*\u00a0100\/\u00a01000BASE-Tx\u00a0out-band\u00a0Ethernet\u00a0port 1* CONSOLE\u00a0local\u00a0management\u00a0port<\/td>\n<\/tr>\n<tr>\n<td colspan=\"2\" valign=\"top\" width=\"245\">USB\u00a0Port<\/td>\n<td colspan=\"3\" valign=\"top\" width=\"454\">1*\u00a0USB\u00a0interface\u00a0(It\u2019s\u00a0used\u00a0to\u00a0backup\u00a0configuration,\u00a0upgrade\u00a0program\u00a0and record\u00a0log\u00a0information)<\/td>\n<\/tr>\n<tr>\n<td rowspan=\"8\" valign=\"top\" width=\"117\">&nbsp;<\/p>\n<p>&nbsp;<\/p>\n<p>&nbsp;<\/p>\n<p>&nbsp;<\/p>\n<p>&nbsp;<\/p>\n<p>PON\u00a0Port<\/p>\n<p>Attribute<\/td>\n<td valign=\"top\" width=\"128\">Transmission\u00a0Distance<\/td>\n<td colspan=\"3\" valign=\"top\" width=\"454\">20KM<\/td>\n<\/tr>\n<tr>\n<td valign=\"top\" width=\"128\">Port\u00a0Rate<\/td>\n<td colspan=\"3\" valign=\"top\" width=\"454\">GPON:\u00a0\u00a0\u00a0\u00a0\u00a0Downstream:\u00a02.5Gbps \u00a0\u00a0\u00a0\u00a0Upstream:\u00a01.25Gbps<\/td>\n<\/tr>\n<tr>\n<td valign=\"top\" width=\"128\">Wavelength<\/td>\n<td colspan=\"3\" valign=\"top\" width=\"454\">Forwarding:\u00a01490nm\u00a0\u00a0\u00a0\u00a0\u00a0\u00a0\u00a0\u00a0\u00a0\u00a0\u00a0\u00a0\u00a0\u00a0\u00a0\u00a0Receiving:\u00a01310nm<\/td>\n<\/tr>\n<tr>\n<td valign=\"top\" width=\"128\">Interface Type<\/td>\n<td colspan=\"3\" valign=\"top\" width=\"454\">SC\/\u00a0UPC<\/td>\n<\/tr>\n<tr>\n<td valign=\"top\" width=\"128\">Fiber type<\/td>\n<td colspan=\"3\" valign=\"top\" width=\"454\">9\/\u00a0125\u03bcm\u00a0SMF\u00a0(Single\u00a0Mode\u00a0Fiber)<\/td>\n<\/tr>\n<tr>\n<td valign=\"top\" width=\"128\">Light Transmission\u00a0Power<\/td>\n<td valign=\"top\" width=\"146\">Class\u00a0B+: +1.5\u00a0~+5dBm<\/td>\n<td valign=\"top\" width=\"141\">Class\u00a0C+: +3\u00a0~\u00a0+7dBm<\/td>\n<td valign=\"top\" width=\"168\">ClassC++: +4.5 ~\u00a0+10dBm<\/td>\n<\/tr>\n<tr>\n<td valign=\"top\" width=\"128\">Receiving<\/p>\n<p>Sensitivity<\/td>\n<td valign=\"top\" width=\"146\">Class\u00a0B+: -28dBm<\/td>\n<td valign=\"top\" width=\"141\">Class\u00a0C+: -30dBm<\/td>\n<td valign=\"top\" width=\"168\">Class\u00a0C++:\u00a0-31dBm<\/td>\n<\/tr>\n<tr>\n<td valign=\"top\" width=\"128\">Saturation\u00a0Power<\/td>\n<td valign=\"top\" width=\"146\">Class\u00a0B+: -8dBm<\/td>\n<td valign=\"top\" width=\"141\">Class\u00a0C+: -12dBm<\/td>\n<td valign=\"top\" width=\"168\">Class\u00a0C++:\u00a0-10dBm<\/td>\n<\/tr>\n<tr>\n<td colspan=\"2\" valign=\"top\" width=\"245\">Network\u00a0Management\u00a0Method<\/td>\n<td colspan=\"3\" valign=\"top\" width=\"454\">Support\u00a0CLI, SNMP, TELNET, SSH,\u00a0WEB<\/td>\n<\/tr>\n<tr>\n<td colspan=\"2\" valign=\"top\" width=\"245\">&nbsp;<\/p>\n<p>&nbsp;<\/p>\n<p>&nbsp;<\/p>\n<p>Business Capabilities<\/td>\n<td colspan=\"3\" valign=\"top\" width=\"454\">Support\u00a0\u00a0\u00a0\u00a0device\u00a0\u00a0\u00a0\u00a0log, \u00a0\u00a0\u00a0device\u00a0\u00a0\u00a0\u00a0upgrade, \u00a0\u00a0\u00a0device\u00a0\u00a0\u00a0\u00a0management, \u00a0\u00a0\u00a0condition\u00a0monitoring, configuration\u00a0management, and\u00a0user\u00a0management.<\/p>\n<p>Layer\u00a02\u00a0switching\u00a0configuration\u00a0management:\u00a0Like\u00a0port\u00a0management,\u00a0VLAN,\u00a0RSTP,\u00a0IGMP, ACL,\u00a0QoS\u00a0and\u00a0so\u00a0on.<\/p>\n<p>PON\u00a0\u00a0function\u00a0\u00a0configuration \u00a0\u00a0management: \u00a0\u00a0Like\u00a0\u00a0OLT\u00a0\u00a0authentication, \u00a0\u00a0DBA\u00a0template, service template,\u00a0line template and so\u00a0on.<\/p>\n<p>Layer 3 function: support\u00a0static\u00a0routing,\u00a0dhcp-relay and\u00a0vlanif\u00a0configuration.<\/td>\n<\/tr>\n<tr>\n<td colspan=\"2\" valign=\"top\" width=\"245\">Backplane\u00a0Bandwidth<\/td>\n<td colspan=\"3\" valign=\"top\" width=\"454\">63G\u00a0(FD1604S-C1)\u00a078G\u00a0(FD1604E-C1)<\/td>\n<\/tr>\n<\/tbody>\n<\/table>\n<\/div>\n<div class=\"table-over\">\n<table width=\"699\">\n<tbody>\n<tr class=\"firstRow\">\n<td class=\"single\" colspan=\"2\" valign=\"top\" width=\"699\">Power supply<\/td>\n<\/tr>\n<tr>\n<td valign=\"top\" width=\"245\">AC<\/td>\n<td valign=\"top\" width=\"454\">100V ~\u00a0240V,\u00a047\u00a0~\u00a063Hz<\/td>\n<\/tr>\n<tr>\n<td valign=\"top\" width=\"245\">DC<\/td>\n<td valign=\"top\" width=\"454\">-40V ~\u00a0-72V<\/td>\n<\/tr>\n<tr>\n<td valign=\"top\" width=\"245\">&nbsp;<\/p>\n<p>&nbsp;<\/p>\n<p>BBU\u00a0(Backup\u00a0Battery\u00a0Unit)<\/td>\n<td valign=\"top\" width=\"454\">DC:\u00a011V\uff5e14V.<\/p>\n<p>Function: When the\u00a0regular\u00a0power\u00a0supply\u00a0is cut off,\u00a0it\u00a0can\u00a0be\u00a0switched to\u00a0the\u00a0backup\u00a0power supply, and when the\u00a0regular\u00a0power supply\u00a0resumes,\u00a0it\u00a0will<\/p>\n<p>switch\u00a0back to the\u00a0regular\u00a0power supply\u00a0and charge the\u00a0backup\u00a0power\u00a0supply.<\/td>\n<\/tr>\n<tr>\n<td valign=\"top\" width=\"245\">Maximum\u00a0Power<\/td>\n<td valign=\"top\" width=\"454\">34.6W\u00a0(FD1604S-C1)\u00a049W\u00a0(FD1604E-C1)<\/td>\n<\/tr>\n<\/tbody>\n<\/table>\n<\/div>\n<div class=\"table-over\">\n<table width=\"699\">\n<tbody>\n<tr class=\"firstRow\">\n<td class=\"single\" colspan=\"2\" valign=\"top\" width=\"699\">Environment<\/td>\n<\/tr>\n<tr>\n<td valign=\"top\" width=\"245\">Working Temperature<\/td>\n<td valign=\"top\" width=\"454\">-15\u00a0~\u00a050\u2103<\/td>\n<\/tr>\n<tr>\n<td valign=\"top\" width=\"245\">Storage Temperature<\/td>\n<td valign=\"top\" width=\"454\">-40\u00a0~\u00a085\u2103<\/td>\n<\/tr>\n<tr>\n<td valign=\"top\" width=\"245\">Ambient\u00a0Humidity<\/td>\n<td valign=\"top\" width=\"454\">5 ~ 90%\u00a0(Non-condensing)<\/td>\n<\/tr>\n<\/tbody>\n<\/table>\n<\/div>\n","protected":false},"excerpt":{"rendered":"<p>El GPON OLT SKYNET FD1604S\/FD1604E-C1 cumple completamente con el est\u00e1ndar ITU-T G.984.x\/G.988. Se trata de un dispositivo de montaje en rack de 1U con 1 interfaz USB, 4 puertos GE de enlace ascendente, 4 puertos SFP de enlace ascendente y 2 puertos 10GE de enlace ascendente. El FD1604S-C1 cuenta con 4 puertos GPON fijos, mientras que el FD1604E-C1 dispone de 4 puertos GPON fijos y una tarjeta de servicio de 4 puertos GPON (opcional). Cada puerto GPON admite una relaci\u00f3n de divisi\u00f3n de 1:128. El sistema GPON admite hasta 512\/1024 conexiones de terminal.<\/p>\n<p>El FD1604E-C1 admite una tarjeta de servicio enchufable, lo que facilita su uso, despliegue y expansi\u00f3n de los servicios de red. Adem\u00e1s, el producto cumple con los requisitos de mejora del rendimiento de la red, aumento de la fiabilidad y reducci\u00f3n del consumo energ\u00e9tico desde la perspectiva de la red de acceso y la red empresarial, y es aplicable a redes de televisi\u00f3n de difusi\u00f3n tres en uno, FTTP (fibra hasta el hogar), redes de videovigilancia, LAN (red de \u00e1rea local) empresarial, internet de las cosas y otras aplicaciones de red con una relaci\u00f3n precio\/rendimiento muy alta.<\/p>\n","protected":false},"featured_media":4906,"template":"","meta":{"_joinchat":[]},"product_brand":[88],"product_cat":[81,15],"product_tag":[198],"class_list":{"0":"post-4904","1":"product","2":"type-product","3":"status-publish","4":"has-post-thumbnail","6":"product_brand-skynet","7":"product_cat-equipos-activos","8":"product_cat-todas-las-categorias","9":"product_tag-olt-gpon-4-puertos","11":"first","12":"instock","13":"shipping-taxable","14":"product-type-simple"},"jetpack_sharing_enabled":true,"_links":{"self":[{"href":"https:\/\/hyltelecom.cl\/en\/wp-json\/wp\/v2\/product\/4904","targetHints":{"allow":["GET"]}}],"collection":[{"href":"https:\/\/hyltelecom.cl\/en\/wp-json\/wp\/v2\/product"}],"about":[{"href":"https:\/\/hyltelecom.cl\/en\/wp-json\/wp\/v2\/types\/product"}],"version-history":[{"count":1,"href":"https:\/\/hyltelecom.cl\/en\/wp-json\/wp\/v2\/product\/4904\/revisions"}],"predecessor-version":[{"id":4905,"href":"https:\/\/hyltelecom.cl\/en\/wp-json\/wp\/v2\/product\/4904\/revisions\/4905"}],"wp:featuredmedia":[{"embeddable":true,"href":"https:\/\/hyltelecom.cl\/en\/wp-json\/wp\/v2\/media\/4906"}],"wp:attachment":[{"href":"https:\/\/hyltelecom.cl\/en\/wp-json\/wp\/v2\/media?parent=4904"}],"wp:term":[{"taxonomy":"product_brand","embeddable":true,"href":"https:\/\/hyltelecom.cl\/en\/wp-json\/wp\/v2\/product_brand?post=4904"},{"taxonomy":"product_cat","embeddable":true,"href":"https:\/\/hyltelecom.cl\/en\/wp-json\/wp\/v2\/product_cat?post=4904"},{"taxonomy":"product_tag","embeddable":true,"href":"https:\/\/hyltelecom.cl\/en\/wp-json\/wp\/v2\/product_tag?post=4904"}],"curies":[{"name":"wp","href":"https:\/\/api.w.org\/{rel}","templated":true}]}}